{"id":106,"date":"2026-03-17T13:26:22","date_gmt":"2026-03-17T13:26:22","guid":{"rendered":"https:\/\/bgk.uni-obuda.hu\/fkk\/fkk-szakdolgozat-zarovizsga-2\/"},"modified":"2026-03-17T13:26:22","modified_gmt":"2026-03-17T13:26:22","slug":"fkk-szakdolgozat-zarovizsga-2","status":"publish","type":"page","link":"https:\/\/bgk.uni-obuda.hu\/fkk\/fkk-szakdolgozat-zarovizsga-2\/","title":{"rendered":"FKK Szakdolgozat \/ Z\u00e1r\u00f3vizsga"},"content":{"rendered":"\n<h2 class=\"wp-block-heading\">AKTU\u00c1LIS INFORM\u00c1CI\u00d3K A FELN\u0150TTK\u00c9PZ\u00c9SI K\u00d6ZPONT SZAKIR\u00c1NY\u00da K\u00c9PZ\u00c9SEIRE VONATKOZ\u00d3AN<\/h2>\n\n\n\n<hr class=\"wp-block-separator has-alpha-channel-opacity\"\/>\n\n\n\n<h3 class=\"wp-block-heading has-black-color has-text-color\">Tervezett t\u00e9mav\u00e1laszt\u00e1si id\u0151szak:<strong> 2026. m\u00e1rcius &#8211; (id\u0151pont k\u00e9s\u0151bb)<\/strong><\/h3>\n\n\n\n<p><strong>(a 2026\/2027\/1-es f\u00e9l\u00e9vben szakdolgozat lead\u00f3k sz\u00e1m\u00e1ra)<\/strong><\/p>\n\n\n\n<p>Az \u00d3budai Egyetem B\u00e1nkin Kar\u00e1n a szakdolgozat t\u00e9mav\u00e1laszt\u00e1si id\u0151szak a szakdolgozat lead\u00e1s f\u00e9l\u00e9v\u00e9t megel\u0151z\u0151 szemeszterben t\u00f6rt\u00e9nik. Ez id\u0151 alatt sz\u00fcks\u00e9ges a t\u00e9ma egyeztet\u00e9se, kiv\u00e1laszt\u00e1sa, a Neptunban t\u00f6rt\u00e9n\u0151 jelentkez\u00e9s az adott t\u00e9m\u00e1ra \u00e9s az oktat\u00f3 j\u00f3v\u00e1hagy\u00e1sa. Az egyes k\u00e9pz\u00e9seken elt\u00e9r\u0151ek lehetnek a t\u00e9mav\u00e1laszt\u00e1s tov\u00e1bbi hat\u00e1rid\u0151i \u00e9s a t\u00e9m\u00e1k megad\u00e1s\u00e1nak menete, k\u00e9rj\u00fck a hallgat\u00f3kat, hogy a saj\u00e1t szakfelel\u0151s\u00fckn\u00e9l \u00e9rdekl\u0151djenek a t\u00e9mav\u00e1laszt\u00e1s rendj\u00e9r\u0151l. A megadott hat\u00e1rid\u0151n t\u00fal m\u00e1r csak az <a href=\"https:\/\/bgk.uni-obuda.hu\/fkk\/wp-content\/uploads\/2026\/03\/oe-0014-kerelem-szakdolgozat-diplomamunka-utolagos-temajelentkezeshez-v1-1.pdf\"><strong><em>OE-0014 k\u00e9rv\u00e9nnyel<\/em><\/strong><\/a> tudnak jelentkezni a p\u00f3td\u00edj megfizet\u00e9s\u00e9vel.<\/p>\n\n\n\n<p>A szakdolgozat t\u00e9malap megtal\u00e1lhat\u00f3 a csatolm\u00e1nyok k\u00f6z\u00f6tt.<\/p>\n\n\n\n<hr class=\"wp-block-separator has-alpha-channel-opacity\"\/>\n\n\n\n<h3 class=\"wp-block-heading\">A titkos\u00edt\u00e1ssal kapcsolatos dokumentumok el\u00e9rhet\u0151k az oldal alj\u00e1n, a csatolm\u00e1nyok k\u00f6z\u00f6tt.<\/h3>\n\n\n\n<p>A titkos\u00edt\u00e1sra vonatkoz\u00f3 k\u00e9relem elektronikusan is bek\u00fcldhet\u0151. A titoktart\u00e1si meg\u00e1llapod\u00e1sb\u00f3l, amely \u00d6n k\u00f6z\u00f6tt \u00e9s a T\u00e1rsas\u00e1g k\u00f6z\u00f6tt j\u00f6n l\u00e9tre 1 eredeti p\u00e9ld\u00e1nyt kell beny\u00fajtani r\u00e9sz\u00fcnkre, m\u00edg az Egyetem \u00e9s a T\u00e1rsas\u00e1g k\u00f6z\u00f6tt l\u00e9trej\u00f6v\u0151 (jogi szem\u00e9lyek k\u00f6z\u00f6tti) meg\u00e1llapod\u00e1sb\u00f3l 4 eredeti p\u00e9ld\u00e1nyra van sz\u00fcks\u00e9g.<\/p>\n\n\n\n<hr class=\"wp-block-separator has-alpha-channel-opacity\"\/>\n\n\n\n<h3 class=\"wp-block-heading\">Szakdolgozat c\u00edm \/ feladatlap v\u00e9gleges\u00edt\u00e9se v\u00e1rhat\u00f3an: <strong><em>2025. m\u00e1rcius k\u00f6zepe<\/em><\/strong> <strong><em>(pontos d\u00e1tum k\u00e9s\u0151bb)<\/em><\/strong><\/h3>\n\n\n\n<h3 class=\"wp-block-heading has-luminous-vivid-orange-color has-text-color has-link-color wp-elements-03450046da7052218a389be5305d9064\">A szakdolgozat felt\u00f6lt\u00e9s\u00e9nek hat\u00e1rideje: 2026. m\u00e1jus 15. (16:00)<\/h3>\n\n\n\n<h4 class=\"wp-block-heading\"><strong>(a 2025\/2026\/2-es f\u00e9l\u00e9vben szakdolgozat lead\u00f3k sz\u00e1m\u00e1ra)<\/strong><\/h4>\n\n\n\n<p>A szakdolgozat formai k\u00f6vetelm\u00e9nyeit&nbsp;az &#8222;\u00c1ltal\u00e1nos t\u00e1j\u00e9koztat\u00f3 a szakdolgozat k\u00e9sz\u00edt\u00e9sr\u0151l \u00e9s a z\u00e1r\u00f3vizsg\u00e1ra bocs\u00e1t\u00e1sr\u00f3l&#8221; dokumentum tartalmazza.<\/p>\n\n\n\n<p>A szakdolgozat el\u00e9 illesztend\u0151 dokumentumok: C\u00edmlap, Szakdolgozat feladatlap, Hallgat\u00f3i nyilatkozat, Titoktart\u00e1si nyilatkozat (amennyiben a szakdolgozat titkos). A Titoktart\u00e1si nyilatkozat kiv\u00e9tel\u00e9vel a szakdolgozat el\u00e9 illesztend\u0151 dokumentumokat a szervezeti egys\u00e9g \u00fcgyint\u00e9z\u0151je k\u00fcldi meg a hallgat\u00f3 r\u00e9sz\u00e9re az adott bead\u00e1si id\u0151szakban.<\/p>\n\n\n\n<p>A szakdolgozat beny\u00fajt\u00e1sa az el\u0151z\u0151 f\u00e9l\u00e9vekt\u0151l elt\u00e9r\u0151en nem a Diploma Port\u00e1lon t\u00f6rt\u00e9nik majd, hanem a Neptun rendszerben. <strong>A bead\u00e1s menet\u00e9r\u0151l r\u00e9szletes dokument\u00e1ci\u00f3t tal\u00e1lnak az oldal alj\u00e1n a Dokumentumok k\u00f6z\u00f6tt!<\/strong><\/p>\n\n\n\n<hr class=\"wp-block-separator has-alpha-channel-opacity\"\/>\n\n\n\n<h3 class=\"wp-block-heading\">Z\u00e1r\u00f3vizsga id\u0151szakra t\u00f6rt\u00e9n\u0151 jelentkez\u00e9si id\u0151szak:<\/h3>\n\n\n\n<p><strong>Z\u00e1r\u00f3vizsga jelentkez\u00e9si id\u0151szak kezdete: 2026. m\u00e1jus 4. (h\u00e9tf\u0151) 08:00<\/strong><br><strong>Z\u00e1r\u00f3vizsga jelentkez\u00e9si id\u0151szak v\u00e9ge: 2026. m\u00e1jus 31. (vas\u00e1rnap) 23:59:59<\/strong><br>Z\u00e1r\u00f3vizsga<em> lejelentkez\u00e9si <\/em>id\u0151szak: 2026. j\u00fanius 1. (h\u00e9tf\u0151) 08:00 &#8211; 2026. j\u00fanius 21. (vas\u00e1rnap) 23:59:59<\/p>\n\n\n\n<p><img decoding=\"async\" class=\"wp-image-196\" style=\"width: 16px;\" src=\"https:\/\/bgk.uni-obuda.hu\/wp-content\/uploads\/2023\/02\/application-pdf.png\" alt=\"\"> <a href=\"https:\/\/bgk.uni-obuda.hu\/fkk\/wp-content\/uploads\/2026\/03\/zarovizsga-idoszakra-valo-jelentkezes-folyamata-hweb-v4_1-3.pdf\">Z\u00e1r\u00f3vizsga id\u0151szakra jelentkez\u00e9s folyamata a Neptunban<\/a><\/p>\n\n\n\n<p>A z\u00e1r\u00f3vizsga jelentkez\u00e9s a Neptun rendszeren kereszt\u00fcl t\u00f6rt\u00e9nik, a hallgat\u00f3nak az adott z\u00e1r\u00f3vizsga id\u0151szakra kell feljelentkeznie. A feljelentkezett hallgat\u00f3k beoszt\u00e1s\u00e1t a szervezeti egys\u00e9g \u00fcgyint\u00e9z\u0151je v\u00e9gzi.<br>A z\u00e1r\u00f3vizsga id\u0151szakra t\u00f6rt\u00e9n\u0151 jelentkez\u00e9s folyamat\u00e1r\u00f3l k\u00e9sz\u00fclt le\u00edr\u00e1s el\u00e9rhet\u0151 a csatolm\u00e1nyok k\u00f6z\u00f6tt.<br><strong>A m\u00e1r abszolv\u00e1lt hallgat\u00f3kat az adminisztr\u00e1tor jelentkezteti fel az adott z\u00e1r\u00f3vizsga id\u0151szakra, miut\u00e1n az &#8222;OE-0022 &#8211; Abszolv\u00e1lt hallgat\u00f3knak z\u00e1r\u00f3vizsga jelentkez\u00e9si k\u00e9relem&#8221; bead\u00e1s\u00e1val<\/strong> \u00e9s a hozz\u00e1 tartoz\u00f3 d\u00edjt\u00e9tel megfizet\u00e9s\u00e9vel z\u00e1r\u00f3vizsg\u00e1n val\u00f3 r\u00e9szv\u00e9tel\u00fcket a megadott hat\u00e1rid\u0151ig jelezt\u00e9k.<br>A z\u00e1r\u00f3vizsga lebonyol\u00edt\u00e1s\u00e1r\u00f3l a hallgat\u00f3knak az adott k\u00e9pz\u00e9s vezet\u0151je \/ \u00fcgyint\u00e9z\u0151je t\u00e1j\u00e9koztat\u00e1st tart.<\/p>\n\n\n\n<hr class=\"wp-block-separator has-alpha-channel-opacity\"\/>\n\n\n\n<h3 class=\"wp-block-heading\">Z\u00e1r\u00f3vizsga t\u00e9telsorok<\/h3>\n\n\n\n<p><img decoding=\"async\" class=\"wp-image-196\" style=\"width: 16px;\" src=\"https:\/\/bgk.uni-obuda.hu\/wp-content\/uploads\/2023\/02\/application-pdf.png\" alt=\"\"> <a href=\"https:\/\/bgk.uni-obuda.hu\/fkk\/wp-content\/uploads\/2026\/03\/oe-bgk-agilis-zv-tetelsor-1.pdf\">Agilis m\u0171szaki projektmenedzsment szakm\u00e9rn\u00f6k\/szakember z\u00e1r\u00f3vizsga t\u00e9telsor<\/a><br><img decoding=\"async\" class=\"wp-image-227\" style=\"width: 16px;\" src=\"https:\/\/bgk.uni-obuda.hu\/wp-content\/uploads\/2023\/02\/x-office-document.png\" alt=\"\"> <a href=\"https:\/\/bgk.uni-obuda.hu\/fkk\/wp-content\/uploads\/2026\/03\/Munkavedelmi-szakmernok-szakember-zarovizsga-tetelsor-1.zip\">Munkav\u00e9delmi szakm\u00e9rn\u00f6k\/szakember z\u00e1r\u00f3vizsga t\u00e9telsor<\/a><br><img decoding=\"async\" class=\"wp-image-196\" style=\"width: 16px;\" src=\"https:\/\/bgk.uni-obuda.hu\/wp-content\/uploads\/2023\/02\/application-pdf.png\" alt=\"\"> <a href=\"https:\/\/bgk.uni-obuda.hu\/fkk\/wp-content\/uploads\/2026\/03\/Final-exam-questions-Humanitarian-Response-Manager-2022-1.pdf\">Humanitarian Response Manager final exam questions<\/a><br><img decoding=\"async\" class=\"wp-image-196\" style=\"width: 16px;\" src=\"https:\/\/bgk.uni-obuda.hu\/wp-content\/uploads\/2023\/02\/application-pdf.png\" alt=\"\"> <a href=\"https:\/\/bgk.uni-obuda.hu\/fkk\/wp-content\/uploads\/2026\/03\/IB-zarovizsga_tetelsorok-1.pdf\">Inform\u00e1ci\u00f3biztons\u00e1gi szakm\u00e9rn\u00f6k\/szakember z\u00e1r\u00f3vizsga t\u00e9telsor<\/a><br><img decoding=\"async\" class=\"wp-image-196\" style=\"width: 16px;\" src=\"https:\/\/bgk.uni-obuda.hu\/wp-content\/uploads\/2023\/02\/application-pdf.png\" alt=\"\"> <a href=\"https:\/\/bgk.uni-obuda.hu\/fkk\/wp-content\/uploads\/2026\/03\/Legijarmu-uzemelteto-zarovizsga-tetelsorok-1.pdf\">L\u00e9gij\u00e1rm\u0171 \u00fczemeltet\u0151 szakm\u00e9rn\u00f6k\/szakember z\u00e1r\u00f3vizsga t\u00e9telsor<\/a><br><img decoding=\"async\" class=\"wp-image-196\" style=\"width: 16px;\" src=\"https:\/\/bgk.uni-obuda.hu\/wp-content\/uploads\/2023\/02\/application-pdf.png\" alt=\"\"> <a href=\"https:\/\/bgk.uni-obuda.hu\/fkk\/wp-content\/uploads\/2026\/03\/Metrologus-ZV-tetelek-1.pdf\">Metrol\u00f3gus szakm\u00e9rn\u00f6k\/szakember z\u00e1r\u00f3vizsga t\u00e9telsor<\/a><br><img decoding=\"async\" class=\"wp-image-196\" style=\"width: 16px;\" src=\"https:\/\/bgk.uni-obuda.hu\/wp-content\/uploads\/2023\/02\/application-pdf.png\" alt=\"\"> <a href=\"https:\/\/bgk.uni-obuda.hu\/fkk\/wp-content\/uploads\/2026\/03\/BGK-FKK-PLC-zarovizsga-tetelsor-2023-1.pdf\">PLC szakm\u00e9rn\u00f6k z\u00e1r\u00f3vizsga t\u00e9telsor<\/a><br><\/p>\n\n\n\n<h3 class=\"wp-block-heading\">Dokumentumok<\/h3>\n\n\n\n<p><img decoding=\"async\" class=\"wp-image-196\" style=\"width: 16px;\" src=\"https:\/\/bgk.uni-obuda.hu\/wp-content\/uploads\/2023\/02\/application-pdf.png\" alt=\"\"> <a href=\"https:\/\/bgk.uni-obuda.hu\/fkk\/wp-content\/uploads\/2026\/03\/Altalanos-tajekoztato-a-szakdolgozat-keszitesrol-es-a-zarovizsgara-bocsatasrol-20251009-1.pdf\">\u00c1ltal\u00e1nos t\u00e1j\u00e9koztat\u00f3 a szakdolgozat k\u00e9sz\u00edt\u00e9sr\u0151l \u00e9s a z\u00e1r\u00f3vizsg\u00e1ra bocs\u00e1t\u00e1sr\u00f3l<\/a><\/p>\n\n\n\n<p><img decoding=\"async\" class=\"wp-image-227\" style=\"width: 16px;\" src=\"https:\/\/bgk.uni-obuda.hu\/wp-content\/uploads\/2023\/02\/x-office-document.png\" alt=\"\"> <a href=\"https:\/\/bgk.uni-obuda.hu\/wp-content\/uploads\/2023\/09\/FKK-Szakdolgozat-temalap.docx\">Szakdolgozat t\u00e9malap<\/a>&nbsp;<\/p>\n\n\n\n<p><img decoding=\"async\" class=\"wp-image-227\" style=\"width: 16px;\" src=\"https:\/\/bgk.uni-obuda.hu\/wp-content\/uploads\/2023\/02\/x-office-document.png\" alt=\"\"> <a href=\"https:\/\/bgk.uni-obuda.hu\/wp-content\/uploads\/2023\/09\/FKK-SZD-Titkositasi-kerelem.docx\">Titkos\u00edt\u00e1si k\u00e9relem<\/a><\/p>\n\n\n\n<p><img decoding=\"async\" class=\"wp-image-227\" style=\"width: 16px;\" src=\"https:\/\/bgk.uni-obuda.hu\/wp-content\/uploads\/2023\/02\/x-office-document.png\" alt=\"\"> <a href=\"https:\/\/bgk.uni-obuda.hu\/wp-content\/uploads\/2023\/09\/FKK-SZD-Titoktartasi-megallapodas-tarsasag-es-hallgato-kozotti.docx\">Titoktart\u00e1si meg\u00e1llapod\u00e1s a Hallgat\u00f3 \u00e9s a T\u00e1rsas\u00e1g k\u00f6z\u00f6tt<\/a><\/p>\n\n\n\n<p><img decoding=\"async\" class=\"wp-image-227\" style=\"width: 16px;\" src=\"https:\/\/bgk.uni-obuda.hu\/wp-content\/uploads\/2023\/02\/x-office-document.png\" alt=\"\"> <a href=\"https:\/\/bgk.uni-obuda.hu\/wp-content\/uploads\/2025\/11\/FKK-SZD-Titoktartasi-megallapodas-jogi-szemelyek-kozotti_v3.docx\">Titoktart\u00e1si meg\u00e1llapod\u00e1s az Egyetem \u00e9s a T\u00e1rsas\u00e1g k\u00f6z\u00f6tt<\/a><\/p>\n\n\n\n<p><img decoding=\"async\" class=\"wp-image-196\" style=\"width: 16px;\" src=\"https:\/\/bgk.uni-obuda.hu\/wp-content\/uploads\/2023\/02\/application-pdf.png\" alt=\"\"> <a href=\"https:\/\/bgk.uni-obuda.hu\/fkk\/wp-content\/uploads\/2026\/03\/zarovizsga-idoszakra-valo-jelentkezes-folyamata-hweb-v4_1-3.pdf\" data-type=\"URL\" data-id=\"https:\/\/bgk.uni-obuda.hu\/fkk\/wp-content\/uploads\/2026\/03\/zarovizsga-idoszakra-valo-jelentkezes-folyamata-hweb-v4_1-3.pdf\">Z\u00e1r\u00f3vizsga id\u0151szakra jelentkez\u00e9s folyamata a Neptunban<\/a><\/p>\n\n\n\n<p><img decoding=\"async\" class=\"wp-image-227\" style=\"width: 16px;\" src=\"https:\/\/bgk.uni-obuda.hu\/wp-content\/uploads\/2023\/02\/x-office-document.png\" alt=\"\"> <a href=\"https:\/\/bgk.uni-obuda.hu\/wp-content\/uploads\/2023\/09\/FKK-SZD-Konzultacios-naplo.docx\">Szakdolgozat konzult\u00e1ci\u00f3s napl\u00f3<\/a><\/p>\n\n\n\n<p><img decoding=\"async\" class=\"wp-image-196\" style=\"width: 16px;\" src=\"https:\/\/bgk.uni-obuda.hu\/wp-content\/uploads\/2023\/02\/application-pdf.png\" alt=\"\"> <a href=\"https:\/\/bgk.uni-obuda.hu\/fkk\/wp-content\/uploads\/2026\/03\/szakdolgozat-feltoltes-hweb-2025_v2-1.pdf\">Szakdolgozat felt\u00f6lt\u00e9s menete a Neptun hallgat\u00f3i fel\u00fclet\u00e9n<\/a><\/p>\n\n\n\n<p><img decoding=\"async\" class=\"wp-image-196\" style=\"width: 16px;\" src=\"https:\/\/bgk.uni-obuda.hu\/wp-content\/uploads\/2023\/02\/application-pdf.png\" alt=\"\"> <a href=\"https:\/\/bgk.uni-obuda.hu\/fkk\/wp-content\/uploads\/2026\/03\/szakdolgozat-feltoltes-ujhweb-2025_v2-1.pdf\">Szakdolgozat felt\u00f6lt\u00e9s menete a Neptun \u00faj hallgat\u00f3i fel\u00fclet\u00e9n<\/a><\/p>\n\n\n\n<h3 class=\"wp-block-heading\">Documents in english<\/h3>\n\n\n\n<p><img decoding=\"async\" class=\"wp-image-227\" style=\"width: 16px;\" src=\"https:\/\/bgk.uni-obuda.hu\/wp-content\/uploads\/2023\/02\/x-office-document.png\" alt=\"\"> <a href=\"https:\/\/bgk.uni-obuda.hu\/wp-content\/uploads\/2023\/03\/fkkdoc_thesis-assignment.docx\" data-type=\"URL\" data-id=\"https:\/\/bgk.uni-obuda.hu\/wp-content\/uploads\/2023\/03\/fkkdoc_thesis-assignment.docx\">Thesis Assignment<\/a><\/p>\n\n\n\n<p><img decoding=\"async\" class=\"wp-image-196\" style=\"width: 16px;\" src=\"https:\/\/bgk.uni-obuda.hu\/wp-content\/uploads\/2023\/02\/application-pdf.png\" alt=\"\"> <a href=\"https:\/\/bgk.uni-obuda.hu\/fkk\/wp-content\/uploads\/2026\/03\/BGK_FKK_General-Informations-on-Preparation-of-the-Thesis-and-on-Admission-to-the-Final-Exam_20251009_ENG-1.pdf\">General Information on Preparation of the Thesis and on Admission to the Final Exam<\/a><\/p>\n\n\n\n<p><img decoding=\"async\" class=\"wp-image-196\" style=\"width: 16px;\" src=\"https:\/\/bgk.uni-obuda.hu\/wp-content\/uploads\/2023\/02\/application-pdf.png\" alt=\"\"> <a href=\"https:\/\/bgk.uni-obuda.hu\/fkk\/wp-content\/uploads\/2026\/03\/application-process-v1-1.pdf\">Application process for the final exam period in Neptun<\/a><\/p>\n\n\n\n<p><\/p>\n","protected":false},"excerpt":{"rendered":"<p>AKTU\u00c1LIS INFORM\u00c1CI\u00d3K A FELN\u0150TTK\u00c9PZ\u00c9SI K\u00d6ZPONT SZAKIR\u00c1NY\u00da K\u00c9PZ\u00c9SEIRE VONATKOZ\u00d3AN Tervezett t\u00e9mav\u00e1laszt\u00e1si id\u0151szak: 2026. m\u00e1rcius &#8211; (id\u0151pont k\u00e9s\u0151bb) (a 2026\/2027\/1-es f\u00e9l\u00e9vben szakdolgozat lead\u00f3k sz\u00e1m\u00e1ra) Az \u00d3budai Egyetem B\u00e1nkin Kar\u00e1n a szakdolgozat t\u00e9mav\u00e1laszt\u00e1si id\u0151szak a szakdolgozat lead\u00e1s f\u00e9l\u00e9v\u00e9t megel\u0151z\u0151 szemeszterben t\u00f6rt\u00e9nik. Ez id\u0151 alatt sz\u00fcks\u00e9ges a t\u00e9ma egyeztet\u00e9se, kiv\u00e1laszt\u00e1sa, a Neptunban t\u00f6rt\u00e9n\u0151 jelentkez\u00e9s az adott t\u00e9m\u00e1ra \u00e9s az [&hellip;]<\/p>\n","protected":false},"author":1,"featured_media":0,"parent":0,"menu_order":0,"comment_status":"open","ping_status":"open","template":"","meta":{"footnotes":""},"class_list":["post-106","page","type-page","status-publish","hentry"],"featured_image_src":null,"_links":{"self":[{"href":"https:\/\/bgk.uni-obuda.hu\/fkk\/wp-json\/wp\/v2\/pages\/106","targetHints":{"allow":["GET"]}}],"collection":[{"href":"https:\/\/bgk.uni-obuda.hu\/fkk\/wp-json\/wp\/v2\/pages"}],"about":[{"href":"https:\/\/bgk.uni-obuda.hu\/fkk\/wp-json\/wp\/v2\/types\/page"}],"author":[{"embeddable":true,"href":"https:\/\/bgk.uni-obuda.hu\/fkk\/wp-json\/wp\/v2\/users\/1"}],"replies":[{"embeddable":true,"href":"https:\/\/bgk.uni-obuda.hu\/fkk\/wp-json\/wp\/v2\/comments?post=106"}],"version-history":[{"count":0,"href":"https:\/\/bgk.uni-obuda.hu\/fkk\/wp-json\/wp\/v2\/pages\/106\/revisions"}],"wp:attachment":[{"href":"https:\/\/bgk.uni-obuda.hu\/fkk\/wp-json\/wp\/v2\/media?parent=106"}],"curies":[{"name":"wp","href":"https:\/\/api.w.org\/{rel}","templated":true}]}}