{"id":11,"date":"2026-03-17T09:14:27","date_gmt":"2026-03-17T09:14:27","guid":{"rendered":"https:\/\/bgk.uni-obuda.hu\/fkk\/?page_id=11"},"modified":"2026-05-05T14:37:01","modified_gmt":"2026-05-05T12:37:01","slug":"szakiranyu-tovabbkepzesek","status":"publish","type":"page","link":"https:\/\/bgk.uni-obuda.hu\/fkk\/szakiranyu-tovabbkepzesek\/","title":{"rendered":"Szakir\u00e1ny\u00fa tov\u00e1bbk\u00e9pz\u00e9sek"},"content":{"rendered":"\n<div class=\"wp-block-buttons has-custom-font-size has-small-font-size is-content-justification-left is-layout-flex wp-container-core-buttons-is-layout-23b93fc6 wp-block-buttons-is-layout-flex\">\n<div class=\"wp-block-button has-custom-width wp-block-button__width-100 szakiranyu_tovabbkepzes_gomb is-style-outline is-style-outline--1\"><a class=\"wp-block-button__link has-vivid-cyan-blue-color has-text-color has-link-color wp-element-button\" href=\"https:\/\/bgk.uni-obuda.hu\/fkk\/agilis\/\">Agilis m\u0171szaki projektmenedzsment szakm\u00e9rn\u00f6k\/szakember<\/a><\/div>\n\n\n\n<div class=\"wp-block-button has-custom-width wp-block-button__width-100 szakiranyu_tovabbkepzes_gomb is-style-outline is-style-outline--2\"><a class=\"wp-block-button__link has-vivid-cyan-blue-color has-text-color has-link-color wp-element-button\" href=\"https:\/\/bgk.uni-obuda.hu\/fkk\/domotika\/\">Domotika szakm\u00e9rn\u00f6k\/szaktan\u00e1csad\u00f3<\/a><\/div>\n\n\n\n<div class=\"wp-block-button has-custom-width wp-block-button__width-100 szakiranyu_tovabbkepzes_gomb is-style-outline is-style-outline--3\"><a class=\"wp-block-button__link has-vivid-cyan-blue-color has-text-color has-link-color wp-element-button\" href=\"https:\/\/bgk.uni-obuda.hu\/fkk\/ehs\/\">EHS szakm\u00e9rn\u00f6k\/szakember<\/a><\/div>\n\n\n\n<div class=\"wp-block-button has-custom-width wp-block-button__width-100 szakiranyu_tovabbkepzes_gomb is-style-outline is-style-outline--4\"><a class=\"wp-block-button__link has-vivid-cyan-blue-color has-text-color has-link-color wp-element-button\" href=\"https:\/\/bgk.uni-obuda.hu\/fkk\/ergonomia\/\">Ergon\u00f3mia \u00e9s emberi t\u00e9nyez\u0151k szakember<\/a><\/div>\n\n\n\n<div class=\"wp-block-button has-custom-width wp-block-button__width-100 szakiranyu_tovabbkepzes_gomb is-style-outline is-style-outline--5\"><a class=\"wp-block-button__link has-vivid-cyan-blue-color has-text-color has-link-color wp-element-button\" href=\"https:\/\/bgk.uni-obuda.hu\/fkk\/foglalkoztatasi-rehab\/\">Foglalkoztat\u00e1si rehabilit\u00e1ci\u00f3s hum\u00e1n \u00e9s m\u0171szaki szaktan\u00e1csad\u00f3<\/a><\/div>\n\n\n\n<div class=\"wp-block-button has-custom-width wp-block-button__width-100 szakiranyu_tovabbkepzes_gomb is-style-outline is-style-outline--6\"><a class=\"wp-block-button__link has-vivid-cyan-blue-color has-text-color has-link-color wp-element-button\" href=\"https:\/\/bgk.uni-obuda.hu\/fkk\/humanitarian-response-manager\/\">Humanitarian Response Manager (in english)<\/a><\/div>\n\n\n\n<div class=\"wp-block-button has-custom-width wp-block-button__width-100 szakiranyu_tovabbkepzes_gomb is-style-outline is-style-outline--7\"><a class=\"wp-block-button__link has-vivid-cyan-blue-color has-text-color has-link-color wp-element-button\" href=\"https:\/\/bgk.uni-obuda.hu\/fkk\/informaciobiztonsag\/\">Inform\u00e1ci\u00f3biztons\u00e1gi szakm\u00e9rn\u00f6k\/szakember<\/a><\/div>\n\n\n\n<div class=\"wp-block-button has-custom-width wp-block-button__width-100 szakiranyu_tovabbkepzes_gomb is-style-outline is-style-outline--8\"><a class=\"wp-block-button__link has-vivid-cyan-blue-color has-text-color has-link-color wp-element-button\" href=\"https:\/\/bgk.uni-obuda.hu\/fkk\/legijarmu-uzemelteto\/\">L\u00e9gij\u00e1rm\u0171 \u00fczemeltet\u0151 szakm\u00e9rn\u00f6k\/szakember<\/a><\/div>\n\n\n\n<div class=\"wp-block-button has-custom-width wp-block-button__width-100 szakiranyu_tovabbkepzes_gomb is-style-outline is-style-outline--9\"><a class=\"wp-block-button__link has-vivid-cyan-blue-color has-text-color has-link-color wp-element-button\" href=\"https:\/\/bgk.uni-obuda.hu\/fkk\/letesitmenyszak\/\">L\u00e9tes\u00edtm\u00e9nygazd\u00e1lkod\u00f3 \u00e9s -\u00fczemeltet\u0151 szakm\u00e9rn\u00f6k \/ szakmenedzser<\/a><\/div>\n\n\n\n<div class=\"wp-block-button has-custom-width wp-block-button__width-100 szakiranyu_tovabbkepzes_gomb is-style-outline is-style-outline--10\"><a class=\"wp-block-button__link has-vivid-cyan-blue-color has-text-color has-link-color wp-element-button\" href=\"https:\/\/bgk.uni-obuda.hu\/fkk\/metrologus\/\">Metrol\u00f3gus szakm\u00e9rn\u00f6k\/szakember<\/a><\/div>\n\n\n\n<div class=\"wp-block-button has-custom-width wp-block-button__width-100 szakiranyu_tovabbkepzes_gomb is-style-outline is-style-outline--11\"><a class=\"wp-block-button__link has-vivid-cyan-blue-color has-text-color has-link-color wp-element-button\" href=\"https:\/\/bgk.uni-obuda.hu\/fkk\/minosegoktatas\/\">Min\u0151s\u00e9gbiztos\u00edt\u00e1si szakm\u00e9rn\u00f6k\/szakember<\/a><\/div>\n\n\n\n<div class=\"wp-block-button has-custom-width wp-block-button__width-100 szakiranyu_tovabbkepzes_gomb is-style-outline is-style-outline--12\"><a class=\"wp-block-button__link has-vivid-cyan-blue-color has-text-color has-link-color wp-element-button\" href=\"https:\/\/bgk.uni-obuda.hu\/fkk\/munkavedelmikepzes\/\">Munkav\u00e9delmi szakm\u00e9rn\u00f6k\/szakember<\/a><\/div>\n\n\n\n<div class=\"wp-block-button has-custom-width wp-block-button__width-100 szakiranyu_tovabbkepzes_gomb is-style-outline is-style-outline--13\"><a class=\"wp-block-button__link has-vivid-cyan-blue-color has-text-color has-link-color wp-element-button\" href=\"https:\/\/bgk.uni-obuda.hu\/fkk\/plc\/\">PLC szakm\u00e9rn\u00f6k<\/a><\/div>\n\n\n\n<div class=\"wp-block-button has-custom-width wp-block-button__width-100 szakiranyu_tovabbkepzes_gomb is-style-outline is-style-outline--14\"><a class=\"wp-block-button__link has-vivid-cyan-blue-color has-text-color has-link-color wp-element-button\" href=\"https:\/\/bgk.uni-obuda.hu\/fkk\/rehab\/\">Rehabilit\u00e1ci\u00f3s k\u00f6rnyezettervez\u0151 szakm\u00e9rn\u00f6k<\/a><\/div>\n\n\n\n<div class=\"wp-block-button has-custom-width wp-block-button__width-100 szakiranyu_tovabbkepzes_gomb is-style-outline is-style-outline--15\"><a class=\"wp-block-button__link has-vivid-cyan-blue-color has-text-color has-link-color wp-element-button\" href=\"https:\/\/bgk.uni-obuda.hu\/fkk\/robbanasvedelem\/\">Robban\u00e1sv\u00e9delmi szakm\u00e9rn\u00f6k\/szakember<\/a><\/div>\n\n\n\n<div class=\"wp-block-button has-custom-width wp-block-button__width-100 szakiranyu_tovabbkepzes_gomb is-style-outline is-style-outline--16\"><a class=\"wp-block-button__link has-vivid-cyan-blue-color has-text-color has-link-color wp-element-button\" href=\"https:\/\/bgk.uni-obuda.hu\/fkk\/robbantastechnika\/\">Robbant\u00e1stechnikai szakm\u00e9rn\u00f6k\/szakember<\/a><\/div>\n\n\n\n<div class=\"wp-block-button has-custom-width wp-block-button__width-100 szakiranyu_tovabbkepzes_gomb is-style-outline is-style-outline--17\"><a class=\"wp-block-button__link has-vivid-cyan-blue-color has-text-color has-link-color wp-element-button\" href=\"https:\/\/bgk.uni-obuda.hu\/fkk\/vasutijarmu-karbantarto\/\">Vas\u00fatij\u00e1rm\u0171-karbantart\u00f3 szakm\u00e9rn\u00f6k<\/a><\/div>\n\n\n\n<div class=\"wp-block-button has-custom-width wp-block-button__width-100 is-style-outline is-style-outline--18\"><a class=\"wp-block-button__link has-vivid-cyan-blue-color has-text-color has-link-color wp-element-button\" href=\"https:\/\/bgk.uni-obuda.hu\/fkk\/veteran\/\">Veter\u00e1ng\u00e9pj\u00e1rm\u0171-restaur\u00e1tor szakm\u00e9rn\u00f6k\/szaktanfolyam<\/a><\/div>\n<\/div>\n\n\n\n<p><\/p>\n","protected":false},"excerpt":{"rendered":"","protected":false},"author":1,"featured_media":0,"parent":0,"menu_order":0,"comment_status":"closed","ping_status":"closed","template":"","meta":{"footnotes":""},"class_list":["post-11","page","type-page","status-publish","hentry"],"featured_image_src":null,"_links":{"self":[{"href":"https:\/\/bgk.uni-obuda.hu\/fkk\/wp-json\/wp\/v2\/pages\/11","targetHints":{"allow":["GET"]}}],"collection":[{"href":"https:\/\/bgk.uni-obuda.hu\/fkk\/wp-json\/wp\/v2\/pages"}],"about":[{"href":"https:\/\/bgk.uni-obuda.hu\/fkk\/wp-json\/wp\/v2\/types\/page"}],"author":[{"embeddable":true,"href":"https:\/\/bgk.uni-obuda.hu\/fkk\/wp-json\/wp\/v2\/users\/1"}],"replies":[{"embeddable":true,"href":"https:\/\/bgk.uni-obuda.hu\/fkk\/wp-json\/wp\/v2\/comments?post=11"}],"version-history":[{"count":8,"href":"https:\/\/bgk.uni-obuda.hu\/fkk\/wp-json\/wp\/v2\/pages\/11\/revisions"}],"predecessor-version":[{"id":349,"href":"https:\/\/bgk.uni-obuda.hu\/fkk\/wp-json\/wp\/v2\/pages\/11\/revisions\/349"}],"wp:attachment":[{"href":"https:\/\/bgk.uni-obuda.hu\/fkk\/wp-json\/wp\/v2\/media?parent=11"}],"curies":[{"name":"wp","href":"https:\/\/api.w.org\/{rel}","templated":true}]}}