{"id":16,"date":"2026-03-17T09:46:24","date_gmt":"2026-03-17T09:46:24","guid":{"rendered":"https:\/\/bgk.uni-obuda.hu\/fkk\/?page_id=16"},"modified":"2026-05-05T14:14:14","modified_gmt":"2026-05-05T12:14:14","slug":"agilis","status":"publish","type":"page","link":"https:\/\/bgk.uni-obuda.hu\/fkk\/agilis\/","title":{"rendered":"Agilis m\u0171szaki projektmenedzsment szakm\u00e9rn\u00f6k\/szakember"},"content":{"rendered":"\n<h3 class=\"wp-block-heading\">Tov\u00e1bbi inform\u00e1ci\u00f3k<\/h3>\n\n\n\n<p><strong>K\u00e9pz\u00e9svezet\u0151<\/strong>: Dr. Sz\u00e1mad\u00f3 R\u00f3za k\u00f6zpontvezet\u0151,&nbsp;<a href=\"mailto:szamado.roza@bgk.uni-obuda.hu\">szamado.roza@bgk.uni-obuda.hu<\/a><br><strong>K\u00e9pz\u00e9sszervez\u0151: <\/strong>Kov\u00e1csn\u00e9 F\u00fcredi Enik\u0151,&nbsp;<a href=\"mailto:kovacsne.eniko@bgk.uni-obuda.hu\">kovacsne.eniko@bgk.uni-obuda.hu<\/a>&nbsp;(+36 (30) 119 6671)<\/p>\n\n\n\n<hr class=\"wp-block-separator has-alpha-channel-opacity\"\/>\n\n\n<div style=\"background-color: #d9edf7; color: #31708f; border-left-color: #fcb900; \" class=\"ub-styled-box ub-notification-box wp-block-ub-styled-box\" id=\"ub-styled-box-bf623732-d0a9-4a7d-8ec5-264676e21700\">\n<h3 class=\"wp-block-heading\" id=\"ub-styled-box-notification-content-\">Jelentkez\u00e9s<br><\/h3>\n\n\n\n<p><strong>Az online jelentkez\u00e9si \u0171rlap hi\u00e1nytalan kit\u00f6lt\u00e9s\u00e9vel<\/strong>:<\/p>\n\n\n<div style=\"gap: 20px;\" class=\"align-button-center ub-buttons orientation-button-row ub-flex-wrap wp-block-ub-button\" id=\"ub-button-56c2757d-cf94-4f75-9239-36f84c3b0705\"><div class=\"ub-button-container\">\n\t\t\t<a href=\"https:\/\/bgk.uni-obuda.hu\/fkk\/szakiranyu-tovabbkepzesek-urlap\/\" target=\"_self\" class=\"ub-button-block-main   ub-button-flex\" role=\"button\" style=\"--ub-button-background-color: #7bdcb5; --ub-button-color: #000000; --ub-button-border: none; --ub-button-hover-background-color: #1d294d; --ub-button-hover-color: #ffffff; --ub-button-hover-border: none; padding-top: 10px; padding-right: 10px; padding-bottom: 10px; padding-left: 10px; border-top-left-radius: 10px;; border-top-right-radius: 10px;; border-bottom-left-radius: 10px;; border-bottom-right-radius: 10px;; \">\n\t\t\t\t<div class=\"ub-button-content-holder\" style=\"flex-direction: row\">\n\t\t\t\t\t<span class=\"ub-button-block-btn\">Jelentkez\u00e9si lap<\/span>\n\t\t\t\t<\/div>\n\t\t\t<\/a>\n\t\t<\/div><\/div>\n\n\n<p><em>K\u00e9rj\u00fck minden esetben pontosan jel\u00f6lje\u00a0meg a kiv\u00e1lasztott szakot, amelyre jelentkezni szeretne!<\/em><\/p>\n\n\n\n<p><strong>Jelentkez\u00e9si hat\u00e1rid\u0151:<\/strong>\u00a02027. janu\u00e1r 15.<\/p>\n\n\n\n<p><strong>K\u00e9pz\u00e9s kezdete<\/strong>: 2027. febru\u00e1r<\/p>\n\n\n<\/div>\n\n\n<hr class=\"wp-block-separator has-alpha-channel-opacity\"\/>\n\n\n\n<p><strong>A szakir\u00e1ny\u00fa tov\u00e1bbk\u00e9pz\u00e9sben szerezhet\u0151 szakk\u00e9pzetts\u00e9g oklev\u00e9lben szerepl\u0151 megnevez\u00e9se magyar nyelven:<\/strong><\/p>\n\n\n\n<ul class=\"wp-block-list\">\n<li>agilis m\u0171szaki projektmenedzsment szakm\u00e9rn\u00f6k<\/li>\n\n\n\n<li>agilis m\u0171szaki projektmenedzsment szakember<\/li>\n<\/ul>\n\n\n\n<p><strong>A szakir\u00e1ny\u00fa tov\u00e1bbk\u00e9pz\u00e9sben szerezhet\u0151 szakk\u00e9pzetts\u00e9g oklev\u00e9lben szerepl\u0151 megnevez\u00e9se angol nyelven:<\/strong><\/p>\n\n\n\n<ul class=\"wp-block-list\">\n<li>agile technical project management professional engineer<\/li>\n\n\n\n<li>agile technical project management specialist<\/li>\n<\/ul>\n\n\n\n<h3 class=\"wp-block-heading\">A felv\u00e9tel felt\u00e9tele<\/h3>\n\n\n\n<p><strong>Szakm\u00e9rn\u00f6k k\u00e9pz\u00e9s:&nbsp;<\/strong>m\u00e9rn\u00f6ki (BSc, MSc, vagy kor\u00e1bbi f\u0151iskolai vagy egyetemi) diploma<br><strong>Szakember k\u00e9pz\u00e9s:&nbsp;<\/strong>b\u00e1rmely fels\u0151oktat\u00e1si szakon szerzett BSc, vagy MSc, (kor\u00e1bbi egyetemi<br>vagy f\u0151iskolai) oklev\u00e9l<\/p>\n\n\n\n<h3 class=\"wp-block-heading\">K\u00e9pz\u00e9si adatok<\/h3>\n\n\n\n<p><strong>A k\u00e9pz\u00e9si id\u0151 f\u00e9l\u00e9vekben meghat\u00e1rozva:<\/strong>&nbsp;3 f\u00e9l\u00e9v<\/p>\n\n\n\n<p><strong>A szakk\u00e9pzetts\u00e9g megszerz\u00e9s\u00e9hez \u00f6sszegy\u0171jtend\u0151 kreditek sz\u00e1ma:<\/strong><strong>&nbsp;<\/strong>90 kredit (244 kontakt \u00f3ra)<\/p>\n\n\n\n<p><strong>Finansz\u00edroz\u00e1si forma:<\/strong>&nbsp;\u00f6nk\u00f6lts\u00e9ges, az \u00f6nk\u00f6lts\u00e9gi d\u00edj 425 000 Ft\/f\u00e9l\u00e9v<\/p>\n\n\n\n<p><strong>Munkarend:&nbsp;<\/strong>levelez\u0151<\/p>\n\n\n\n<h3 class=\"wp-block-heading\">Mintatanterv<\/h3>\n\n\n\n<p><img decoding=\"async\" class=\"wp-image-227\" style=\"width: 16px;\" src=\"https:\/\/bgk.uni-obuda.hu\/wp-content\/uploads\/2023\/02\/x-office-document.png\" alt=\"\"> <a href=\"https:\/\/bgk.uni-obuda.hu\/tantervek\/\"><strong>Mintatanterv <\/strong>el\u00e9rhet\u0151 a Tanulm\u00e1nyi Iroda aloldal\u00e1n<\/a> <\/p>\n\n\n\n<h3 class=\"wp-block-heading\">A k\u00e9pz\u00e9s c\u00e9lja<\/h3>\n\n\n\n<p>A k\u00e9pz\u00e9s c\u00e9lja, hogy a dinamikusan v\u00e1ltoz\u00f3 \u00fczleti k\u00f6rnyezetben a m\u0171szaki ter\u00fcleten tev\u00e9kenyked\u0151k ismerj\u00e9k az agilis m\u0171k\u00f6d\u00e9st, annak m\u00f3dszereit, alkalmazhat\u00f3s\u00e1g\u00e1t. K\u00e9pesek legyenek akt\u00edv szerepl\u0151k\u00e9nt r\u00e9szesei lenni az adott szervezet agilisabb \u00e9s gyorsabb m\u0171k\u00f6d\u00e9nek megtervez\u00e9s\u00e9ben \u00e9s el\u00e9r\u00e9s\u00e9ben. A gyakorlat orient\u00e1lt k\u00e9pz\u00e9s keret\u00e9ben elsaj\u00e1t\u00edtott ismeretanyagot a hallgat\u00f3k esettanulm\u00e1nyokon, projekteken alkalmazva tehetik maguk\u00e9v\u00e1.&nbsp;<br>A v\u00e9gzettek k\u00e9pesek lesznek az ut\u00f3bbi \u00e9vek megv\u00e1ltozott piaci k\u00f6rnyezet\u00e9ben rugalmasan alkalmazni a megismert m\u00f3dszereket, eszk\u00f6z\u00f6ket, egyedi \u00e9s hibrid megold\u00e1sokat. Elk\u00f6telezetten csatlakozni az agilis teamekhez, hozz\u00e1j\u00e1rulni a folyamatok hat\u00e9konys\u00e1g\u00e1hoz, az innov\u00e1ci\u00f3s k\u00e9pess\u00e9g, a rugalmass\u00e1g \u00e9s a j\u00f3 kommunik\u00e1ci\u00f3s k\u00f6rnyezet fenntart\u00e1s\u00e1hoz.&nbsp;<\/p>\n\n\n\n<hr class=\"wp-block-separator has-alpha-channel-opacity\"\/>\n\n\n\n<h3 class=\"wp-block-heading\">A k\u00e9pz\u00e9s f\u0151bb ter\u00fcletei<\/h3>\n\n\n\n<ul class=\"wp-block-list\">\n<li>Alapoz\u00f3 ismeretek, t\u00f6rzsanyag &#8211; 58 &#8211; 68 kredit<br>Az agilis m\u0171k\u00f6d\u00e9s alapelvei, keretei, m\u00f3dszerei \u00e9s eszk\u00f6zei. Agilis fejleszt\u00e9sek menedzsel\u00e9se, k\u00f6vet\u00e9se \u00e9s gyakorlati megval\u00f3sul\u00e1sa.<\/li>\n\n\n\n<li>Speci\u00e1lis szakismeretek &#8211; 15 &#8211; 20 kredit<br>Az egy\u00e9nek, csapatok \u00e9s szervezetek m\u0171k\u00f6d\u00e9se.<\/li>\n\n\n\n<li>Szakdolgozat &#8211; 10 kredit<\/li>\n<\/ul>\n\n\n\n<h3 class=\"wp-block-heading\">\u00c9rt\u00e9kel\u00e9si \u00e9s ellen\u0151rz\u00e9si m\u00f3dszerek, elj\u00e1r\u00e1sok<\/h3>\n\n\n\n<p>A tant\u00e1rgyak vizsg\u00e1val vagy \u00e9vk\u00f6zi jeggyel z\u00e1rulnak. A vizsg\u00e1ra bocs\u00e1t\u00e1s felt\u00e9tele az al\u00e1\u00edr\u00e1s megszerz\u00e9se tant\u00e1rgyank\u00e9nt.<br>A vizsga \u00edr\u00e1sbeli, sz\u00f3beli vagy \u00edr\u00e1sbeli- \u00e9s sz\u00f3beli is lehet. A harmadik f\u00e9l\u00e9v a gyakorlat \u00e9s a szakdolgozat k\u00e9sz\u00edt\u00e9s ideje. A szakdolgozatot az abszolut\u00f3rium megszerz\u00e9se ut\u00e1n, z\u00e1r\u00f3vizsg\u00e1n kell megv\u00e9deni \u00e9s a z\u00e1r\u00f3vizsga elm\u00e9leti t\u00e1rgyaib\u00f3l eredm\u00e9nyes vizsg\u00e1t kell tenni.<\/p>\n\n\n\n<h3 class=\"wp-block-heading\">A kor\u00e1bban szerzett ismeretek, gyakorlatok besz\u00e1m\u00edt\u00e1si rendje<\/h3>\n\n\n\n<p>A kor\u00e1bban hasonl\u00f3-, vagy azonos rendszerben megszerzett krediteket az egyetem \u00e1ltal\u00e1nos elj\u00e1r\u00e1si rendje szerint besz\u00e1m\u00edthat\u00f3k. A t\u00e1rgy esed\u00e9kes f\u00e9l\u00e9ve kezdet\u00e9n, a hallgat\u00f3 k\u00e9r\u00e9s\u00e9re, az index \u00e9s megfelel\u0151 tematika alapj\u00e1n a tant\u00e1rgyfelel\u0151s oktat\u00f3 tesz javaslatot a besz\u00e1m\u00edt\u00e1sra.<\/p>\n\n\n\n<hr class=\"wp-block-separator has-alpha-channel-opacity\"\/>\n\n\n\n<h3 class=\"wp-block-heading\">A z\u00e1r\u00f3vizsg\u00e1ra bocs\u00e1t\u00e1s felt\u00e9telei<\/h3>\n\n\n\n<p>A z\u00e1r\u00f3vizsg\u00e1ra bocs\u00e1t\u00e1s felt\u00e9tele a v\u00e9gbizony\u00edtv\u00e1ny (abszolut\u00f3rium) megszerz\u00e9se. V\u00e9gbizony\u00edtv\u00e1nyt a fels\u0151oktat\u00e1si int\u00e9zm\u00e9ny annak a hallgat\u00f3nak \u00e1ll\u00edt ki, aki a tantervben el\u0151\u00edrt tanulm\u00e1nyi \u00e9s vizsgak\u00f6vetelm\u00e9nyeket teljes\u00edtette, az el\u0151\u00edrt krediteket megszerezte \u00e9s szakdolgozat\u00e1t beadta.<\/p>\n\n\n\n<h3 class=\"wp-block-heading\">A z\u00e1r\u00f3vizsga r\u00e9szei<\/h3>\n\n\n\n<p>A z\u00e1r\u00f3vizsga a szakdolgozat v\u00e9d\u00e9s\u00e9b\u0151l \u00e9s a tantervben el\u0151\u00edrt t\u00e1rgyakb\u00f3l tett sz\u00f3beli vizsg\u00e1kb\u00f3l \u00e1ll. A z\u00e1r\u00f3vizsg\u00e1t a hallgat\u00f3nak egy napon, folyamatosan kell letenni.<br>A z\u00e1r\u00f3vizsga sz\u00f3beli vizsg\u00e1b\u00f3l \u00e1ll, a felk\u00e9sz\u00fcl\u00e9si id\u0151 tant\u00e1rgyank\u00e9nt 10 perc.<\/p>\n","protected":false},"excerpt":{"rendered":"<p>Tov\u00e1bbi inform\u00e1ci\u00f3k K\u00e9pz\u00e9svezet\u0151: Dr. Sz\u00e1mad\u00f3 R\u00f3za k\u00f6zpontvezet\u0151,&nbsp;szamado.roza@bgk.uni-obuda.huK\u00e9pz\u00e9sszervez\u0151: Kov\u00e1csn\u00e9 F\u00fcredi Enik\u0151,&nbsp;kovacsne.eniko@bgk.uni-obuda.hu&nbsp;(+36 (30) 119 6671) A szakir\u00e1ny\u00fa tov\u00e1bbk\u00e9pz\u00e9sben szerezhet\u0151 szakk\u00e9pzetts\u00e9g oklev\u00e9lben szerepl\u0151 megnevez\u00e9se magyar nyelven: A szakir\u00e1ny\u00fa tov\u00e1bbk\u00e9pz\u00e9sben szerezhet\u0151 szakk\u00e9pzetts\u00e9g oklev\u00e9lben szerepl\u0151 megnevez\u00e9se angol nyelven: A felv\u00e9tel felt\u00e9tele Szakm\u00e9rn\u00f6k k\u00e9pz\u00e9s:&nbsp;m\u00e9rn\u00f6ki (BSc, MSc, vagy kor\u00e1bbi f\u0151iskolai vagy egyetemi) diplomaSzakember k\u00e9pz\u00e9s:&nbsp;b\u00e1rmely fels\u0151oktat\u00e1si szakon szerzett BSc, vagy MSc, (kor\u00e1bbi egyetemivagy [&hellip;]<\/p>\n","protected":false},"author":1,"featured_media":0,"parent":0,"menu_order":0,"comment_status":"closed","ping_status":"closed","template":"","meta":{"footnotes":""},"class_list":["post-16","page","type-page","status-publish","hentry"],"featured_image_src":null,"_links":{"self":[{"href":"https:\/\/bgk.uni-obuda.hu\/fkk\/wp-json\/wp\/v2\/pages\/16","targetHints":{"allow":["GET"]}}],"collection":[{"href":"https:\/\/bgk.uni-obuda.hu\/fkk\/wp-json\/wp\/v2\/pages"}],"about":[{"href":"https:\/\/bgk.uni-obuda.hu\/fkk\/wp-json\/wp\/v2\/types\/page"}],"author":[{"embeddable":true,"href":"https:\/\/bgk.uni-obuda.hu\/fkk\/wp-json\/wp\/v2\/users\/1"}],"replies":[{"embeddable":true,"href":"https:\/\/bgk.uni-obuda.hu\/fkk\/wp-json\/wp\/v2\/comments?post=16"}],"version-history":[{"count":3,"href":"https:\/\/bgk.uni-obuda.hu\/fkk\/wp-json\/wp\/v2\/pages\/16\/revisions"}],"predecessor-version":[{"id":326,"href":"https:\/\/bgk.uni-obuda.hu\/fkk\/wp-json\/wp\/v2\/pages\/16\/revisions\/326"}],"wp:attachment":[{"href":"https:\/\/bgk.uni-obuda.hu\/fkk\/wp-json\/wp\/v2\/media?parent=16"}],"curies":[{"name":"wp","href":"https:\/\/api.w.org\/{rel}","templated":true}]}}