{"id":20,"date":"2026-03-17T09:50:47","date_gmt":"2026-03-17T09:50:47","guid":{"rendered":"https:\/\/bgk.uni-obuda.hu\/fkk\/?page_id=20"},"modified":"2026-05-05T14:15:17","modified_gmt":"2026-05-05T12:15:17","slug":"ehs","status":"publish","type":"page","link":"https:\/\/bgk.uni-obuda.hu\/fkk\/ehs\/","title":{"rendered":"EHS szakm\u00e9rn\u00f6k\/szakember"},"content":{"rendered":"\n<h3 class=\"wp-block-heading\">Tov\u00e1bbi inform\u00e1ci\u00f3k<\/h3>\n\n\n\n<p><strong>K\u00e9pz\u00e9svezet\u0151:<\/strong> Dr. habil Elek Barbara,&nbsp;<a href=\"mailto:elek.barbara@bgk.uni-obuda.hu\">elek.barbara@bgk.uni-obuda.hu<\/a><br><strong>K\u00e9pz\u00e9svezet\u0151-helyettes:<\/strong> Dr. Mohai \u00c1gota Zsuzsanna, <a href=\"mailto:mohai.agota@bgk.uni-obuda.hu\">mohai.agota@bgk.uni-obuda.hu<\/a><br><strong>K\u00e9pz\u00e9sszervez\u0151:<\/strong> Zelei S\u00e1ndorn\u00e9,&nbsp;<a href=\"mailto:zelei.sandorne@bgk.uni-obuda.hu\">zelei.sandorne@bgk.uni-obuda.hu<\/a> (+36 (30) 119 6747)<\/p>\n\n\n\n<hr class=\"wp-block-separator has-alpha-channel-opacity\"\/>\n\n\n<div style=\"background-color: #d9edf7; color: #31708f; border-left-color: #fcb900; \" class=\"ub-styled-box ub-notification-box wp-block-ub-styled-box\" id=\"ub-styled-box-b734cbcb-65b7-4960-abb5-6b040a7e11ff\">\n<h3 class=\"wp-block-heading\" id=\"ub-styled-box-notification-content-\">Jelentkez\u00e9s<\/h3>\n\n\n\n<p><strong>Az online jelentkez\u00e9si \u0171rlap hi\u00e1nytalan kit\u00f6lt\u00e9s\u00e9vel<\/strong>:<\/p>\n\n\n<div style=\"gap: 20px;\" class=\"align-button-center ub-buttons orientation-button-row ub-flex-wrap wp-block-ub-button\" id=\"ub-button-37bcfd46-ae90-4ed6-8ed0-67f7c4f9389f\"><div class=\"ub-button-container\">\n\t\t\t<a href=\"https:\/\/bgk.uni-obuda.hu\/fkk\/szakiranyu-tovabbkepzesek-urlap\/\" target=\"_self\" class=\"ub-button-block-main   ub-button-flex\" role=\"button\" style=\"--ub-button-background-color: #7bdcb5; --ub-button-color: #000000; --ub-button-border: none; --ub-button-hover-background-color: #1d294d; --ub-button-hover-color: #ffffff; --ub-button-hover-border: none; padding-top: 10px; padding-right: 10px; padding-bottom: 10px; padding-left: 10px; border-top-left-radius: 10px;; border-top-right-radius: 10px;; border-bottom-left-radius: 10px;; border-bottom-right-radius: 10px;; \">\n\t\t\t\t<div class=\"ub-button-content-holder\" style=\"flex-direction: row\">\n\t\t\t\t\t<span class=\"ub-button-block-btn\">Jelentkez\u00e9si lap<\/span>\n\t\t\t\t<\/div>\n\t\t\t<\/a>\n\t\t<\/div><\/div>\n\n\n<p><em>K\u00e9rj\u00fck minden esetben pontosan jel\u00f6lje\u00a0meg a kiv\u00e1lasztott szakot, amelyre jelentkezni szeretne!<\/em><\/p>\n\n\n\n<p><strong>Jelentkez\u00e9si hat\u00e1rid\u0151:<\/strong>\u00a02026. augusztus 15.<\/p>\n\n\n\n<p><strong>K\u00e9pz\u00e9s kezdete:<\/strong>\u00a02026. szeptember<\/p>\n\n\n<\/div>\n\n\n<p><strong>A szakir\u00e1ny\u00fa tov\u00e1bbk\u00e9pz\u00e9sben szerezhet\u0151 szakk\u00e9pzetts\u00e9g oklev\u00e9lben szerepl\u0151 megnevez\u00e9se magyar nyelven:<\/strong><\/p>\n\n\n\n<ul class=\"wp-block-list\">\n<li>EHS szakm\u00e9rn\u00f6k<\/li>\n\n\n\n<li>EHS szakember<\/li>\n<\/ul>\n\n\n\n<p><strong>A szakir\u00e1ny\u00fa tov\u00e1bbk\u00e9pz\u00e9sben szerezhet\u0151 szakk\u00e9pzetts\u00e9g oklev\u00e9lben szerepl\u0151 megnevez\u00e9se angol nyelven:<\/strong><\/p>\n\n\n\n<ul class=\"wp-block-list\">\n<li>EHS engineer<\/li>\n\n\n\n<li>EHS specialist<\/li>\n<\/ul>\n\n\n\n<h3 class=\"wp-block-heading\">A felv\u00e9tel felt\u00e9tele<\/h3>\n\n\n\n<p><strong>Szakm\u00e9rn\u00f6k k\u00e9pz\u00e9s:&nbsp;<\/strong>m\u00e9rn\u00f6ki (BSc, MSc, vagy kor\u00e1bbi f\u0151iskolai vagy egyetemi) diploma<br><strong>Szakember k\u00e9pz\u00e9s:&nbsp;<\/strong>b\u00e1rmely fels\u0151oktat\u00e1si szakon szerzett BSc, vagy MSc, (kor\u00e1bbi egyetemi<br>vagy f\u0151iskolai) oklev\u00e9l<\/p>\n\n\n\n<h3 class=\"wp-block-heading\">K\u00e9pz\u00e9si adatok<\/h3>\n\n\n\n<p><strong>K\u00e9pz\u00e9si id\u0151:<\/strong>&nbsp;4 f\u00e9l\u00e9v vagy 2 f\u00e9l\u00e9v (el\u0151k\u00e9pzetts\u00e9gt\u0151l f\u00fcgg\u0151en)<\/p>\n\n\n\n<p>El\u0151k\u00e9pzetts\u00e9gt\u0151l f\u00fcgg\u0151en, egy\u00e9ni elb\u00edr\u00e1l\u00e1s alapj\u00e1n van lehet\u0151s\u00e9g kor\u00e1bbi tanulm\u00e1nyok (pl. t\u0171zv\u00e9delmi-, k\u00f6rnyezetv\u00e9delmi-, munkav\u00e9delmi m\u00e9rn\u00f6ki diploma) besz\u00e1m\u00edt\u00e1s\u00e1ra, elismertet\u00e9s\u00e9re.<\/p>\n\n\n\n<p><strong>K\u00f6lts\u00e9gek:<\/strong>&nbsp;\u00f6nk\u00f6lts\u00e9ges, az \u00f6nk\u00f6lts\u00e9gi d\u00edj 270 000 Ft\/f\u00e9l\u00e9v<\/p>\n\n\n\n<p><strong>Munkarend:&nbsp;<\/strong>levelez\u0151<\/p>\n\n\n\n<h3 class=\"wp-block-heading\">Mintatanterv<\/h3>\n\n\n\n<p><img loading=\"lazy\" decoding=\"async\" width=\"16\" height=\"16\" src=\"https:\/\/bgk.uni-obuda.hu\/wp-content\/uploads\/2023\/02\/x-office-document.png\" alt=\"\">&nbsp;<a href=\"https:\/\/bgk.uni-obuda.hu\/tantervek\/\"><strong>Mintatanterv&nbsp;<\/strong>el\u00e9rhet\u0151 a Tanulm\u00e1nyi Iroda aloldal\u00e1n<\/a><\/p>\n\n\n\n<h3 class=\"wp-block-heading\">A k\u00e9pz\u00e9s c\u00e9lja<\/h3>\n\n\n\n<p>A fenntarthat\u00f3 fejl\u0151d\u00e9s gondolata mind\u00f6ssze n\u00e9h\u00e1ny \u00e9vtizeddel ezel\u0151tt, a XX. sz\u00e1zad v\u00e9g\u00e9n fogalmaz\u00f3dott meg, de ma m\u00e1r a v\u00e1llalati strat\u00e9gi\u00e1k szerves r\u00e9sz\u00e9t k\u00e9pezi. A v\u00e1llalati fenntarthat\u00f3s\u00e1g alapvet\u0151 elemei a k\u00f6rnyezet-, eg\u00e9szs\u00e9g-, t\u0171z- \u00e9s munkav\u00e9delem, mely ter\u00fcletek az elm\u00falt \u00e9vekben rohamos fejl\u0151d\u00e9sen mentek kereszt\u00fcl. A kor\u00e1bban k\u00fcl\u00f6n\u00e1ll\u00f3an kezelt szakter\u00fcletek a fejl\u0151d\u00e9si folyamat sor\u00e1n er\u0151teljesen \u00f6sszekapcsol\u00f3dtak \u00e9s napjainkra m\u00e1r egy k\u00f6z\u00f6s rendszer, az EHS (Environmental\/K\u00f6rnyezetv\u00e9delem, Health\/Eg\u00e9szs\u00e9g and\/\u00e9s Safety\/Biztons\u00e1g) rendszer elemeit alkotj\u00e1k. Az \u00faj szakter\u00fclet l\u00e9trej\u00f6tt\u00e9vel fogalmaz\u00f3dott meg az ig\u00e9ny a v\u00e1llalatok r\u00e9sz\u00e9r\u0151l egy olyan szeml\u00e9letm\u00f3ddal b\u00edr\u00f3 szakember ir\u00e1nt, aki k\u00e9pes komplexen l\u00e1tni \u00e9s kezelni a v\u00e1llalati k\u00f6rnyezet-, eg\u00e9szs\u00e9g-, t\u0171z- \u00e9s munkav\u00e9delmet, illetve biztons\u00e1got. Ez az ig\u00e9ny h\u00edvta \u00e9letre az EHS m\u00e9rn\u00f6ki szakm\u00e1t. A ter\u00fclet fejl\u0151d\u00e9se napjainkban se \u00e1llt le, a hagyom\u00e1nyos megold\u00e1sok mellett innovat\u00edv biztons\u00e1gtechnikai megold\u00e1sok sora \u00e1ll az EHS szolg\u00e1lat\u00e1ba, l\u00e9trehozva ez\u00e1ltal egy \u00faj, ugr\u00e1sszer\u0171en fejl\u0151d\u0151 interdiszciplin\u00e1ris szakmai &#8211; kutat\u00e1si ter\u00fcletet.<\/p>\n\n\n\n<p>Ezekre a kih\u00edv\u00e1sokra v\u00e1laszul az \u00d3budai Egyetem B\u00e1nki Kara 4 f\u00e9l\u00e9ves, levelez\u0151 k\u00e9pz\u00e9si rendszer\u0171, a hazai fels\u0151oktat\u00e1sban akkredit\u00e1lt<\/p>\n\n\n\n<p><strong>EHS SZAKM\u00c9RN\u00d6K\/SZAKEMBER<\/strong><\/p>\n\n\n\n<p>k\u00e9pz\u00e9st ind\u00edt.<\/p>\n\n\n\n<p>A k\u00e9pz\u00e9s c\u00e9lja, hogy k\u00f6rnyezet-, eg\u00e9szs\u00e9g-, t\u0171z- \u00e9s munkav\u00e9delem, illetve biztons\u00e1g ter\u00e9n magas szint\u0171, korszer\u0171 elm\u00e9leti \u00e9s gyakorlati ismereteket ny\u00fajtson a v\u00e1llalati vagy \u00e1llami szektorban tev\u00e9kenyked\u0151 m\u00e9rn\u00f6k\u00f6k\/szakemberek r\u00e9sz\u00e9re. C\u00e9l olyan szakm\u00e9rn\u00f6k\u00f6k\/szakemberek k\u00e9pz\u00e9se, akik kor\u00e1bban megszerzett alapk\u00e9pzetts\u00e9g\u00fck birtok\u00e1ban az \u00faj ismeretek elsaj\u00e1t\u00edt\u00e1s\u00e1val k\u00e9pesek legyenek a v\u00e1llalati vagy int\u00e9zm\u00e9nyi EHS rendszer l\u00e9trehoz\u00e1s\u00e1ra, m\u0171k\u00f6dtet\u00e9s\u00e9re, fel\u00fcgyelet\u00e9re, azok sor\u00e1n felmer\u00fcl\u0151 probl\u00e9m\u00e1k megold\u00e1s\u00e1ra. A c\u00e9l tov\u00e1bb\u00e1 olyan szakm\u00e9rn\u00f6k\u00f6k\/szakemberek k\u00e9pz\u00e9se, akik a v\u00e1llalati vagy int\u00e9zm\u00e9nyi EHS feladatok megold\u00e1sa \u00e9s c\u00e9lok el\u00e9r\u00e9se folyam\u00e1n &#8211; szem el\u0151tt tartva a fenntarthat\u00f3 fejl\u0151d\u00e9s elveit &#8211; magas szinten, nagy hat\u00e1sfokkal \u00e9s innovat\u00edvan k\u00e9pesek \u00f6sszehangolni a t\u00e1rsadalom biztons\u00e1g ir\u00e1nti elv\u00e1r\u00e1sait a v\u00e1llalat, int\u00e9zm\u00e9ny m\u0171szaki-gazdas\u00e1gi \u00e9rdekeivel.<\/p>\n\n\n\n<h3 class=\"wp-block-heading\">Egy\u00e9b inform\u00e1ci\u00f3k<\/h3>\n\n\n\n<p>A k\u00e9pz\u00e9ssel kapcsolatban tov\u00e1bbi inform\u00e1ci\u00f3kat a megadott kapcsolattart\u00f3i el\u00e9rhet\u0151s\u00e9geken lehet k\u00e9rni. A levelez\u0151 munkarend\u0171 k\u00e9pz\u00e9sben a hallgat\u00f3k tan\u00f3r\u00e1ira t\u00f6mb\u00f6s\u00edtve, p\u00e9nteki \u00e9s szombati napokon ker\u00fcl sor.<\/p>\n\n\n\n<h3 class=\"wp-block-heading\">A z\u00e1r\u00f3vizsg\u00e1ra bocs\u00e1t\u00e1s felt\u00e9telei<\/h3>\n\n\n\n<p>A z\u00e1r\u00f3vizsg\u00e1ra bocs\u00e1t\u00e1s felt\u00e9tele a v\u00e9gbizony\u00edtv\u00e1ny (abszolut\u00f3rium) megszerz\u00e9se. V\u00e9gbizony\u00edtv\u00e1nyt a fels\u0151oktat\u00e1si int\u00e9zm\u00e9ny annak a hallgat\u00f3nak \u00e1ll\u00edt ki, aki a tantervben el\u0151\u00edrt tanulm\u00e1nyi \u00e9s vizsgak\u00f6vetelm\u00e9nyeket \u2013 szakdolgozat elk\u00e9sz\u00edt\u00e9se kiv\u00e9tel\u00e9vel \u2013 teljes\u00edtette \u00e9s az el\u0151\u00edrt krediteket megszerezte.<\/p>\n","protected":false},"excerpt":{"rendered":"<p>Tov\u00e1bbi inform\u00e1ci\u00f3k K\u00e9pz\u00e9svezet\u0151: Dr. habil Elek Barbara,&nbsp;elek.barbara@bgk.uni-obuda.huK\u00e9pz\u00e9svezet\u0151-helyettes: Dr. Mohai \u00c1gota Zsuzsanna, mohai.agota@bgk.uni-obuda.huK\u00e9pz\u00e9sszervez\u0151: Zelei S\u00e1ndorn\u00e9,&nbsp;zelei.sandorne@bgk.uni-obuda.hu (+36 (30) 119 6747) A szakir\u00e1ny\u00fa tov\u00e1bbk\u00e9pz\u00e9sben szerezhet\u0151 szakk\u00e9pzetts\u00e9g oklev\u00e9lben szerepl\u0151 megnevez\u00e9se magyar nyelven: A szakir\u00e1ny\u00fa tov\u00e1bbk\u00e9pz\u00e9sben szerezhet\u0151 szakk\u00e9pzetts\u00e9g oklev\u00e9lben szerepl\u0151 megnevez\u00e9se angol nyelven: A felv\u00e9tel felt\u00e9tele Szakm\u00e9rn\u00f6k k\u00e9pz\u00e9s:&nbsp;m\u00e9rn\u00f6ki (BSc, MSc, vagy kor\u00e1bbi f\u0151iskolai vagy egyetemi) diplomaSzakember k\u00e9pz\u00e9s:&nbsp;b\u00e1rmely fels\u0151oktat\u00e1si szakon szerzett [&hellip;]<\/p>\n","protected":false},"author":1,"featured_media":0,"parent":0,"menu_order":0,"comment_status":"closed","ping_status":"closed","template":"","meta":{"footnotes":""},"class_list":["post-20","page","type-page","status-publish","hentry"],"featured_image_src":null,"_links":{"self":[{"href":"https:\/\/bgk.uni-obuda.hu\/fkk\/wp-json\/wp\/v2\/pages\/20","targetHints":{"allow":["GET"]}}],"collection":[{"href":"https:\/\/bgk.uni-obuda.hu\/fkk\/wp-json\/wp\/v2\/pages"}],"about":[{"href":"https:\/\/bgk.uni-obuda.hu\/fkk\/wp-json\/wp\/v2\/types\/page"}],"author":[{"embeddable":true,"href":"https:\/\/bgk.uni-obuda.hu\/fkk\/wp-json\/wp\/v2\/users\/1"}],"replies":[{"embeddable":true,"href":"https:\/\/bgk.uni-obuda.hu\/fkk\/wp-json\/wp\/v2\/comments?post=20"}],"version-history":[{"count":2,"href":"https:\/\/bgk.uni-obuda.hu\/fkk\/wp-json\/wp\/v2\/pages\/20\/revisions"}],"predecessor-version":[{"id":328,"href":"https:\/\/bgk.uni-obuda.hu\/fkk\/wp-json\/wp\/v2\/pages\/20\/revisions\/328"}],"wp:attachment":[{"href":"https:\/\/bgk.uni-obuda.hu\/fkk\/wp-json\/wp\/v2\/media?parent=20"}],"curies":[{"name":"wp","href":"https:\/\/api.w.org\/{rel}","templated":true}]}}