{"id":227,"date":"2026-03-18T09:52:03","date_gmt":"2026-03-18T09:52:03","guid":{"rendered":"https:\/\/bgk.uni-obuda.hu\/fkk\/?page_id=227"},"modified":"2026-03-18T09:52:03","modified_gmt":"2026-03-18T09:52:03","slug":"kapcsolat","status":"publish","type":"page","link":"https:\/\/bgk.uni-obuda.hu\/fkk\/kapcsolat\/","title":{"rendered":"Kapcsolat"},"content":{"rendered":"\n<p>Az FKK k\u00f6zponti telefonsz\u00e1ma: (+36)-30-146-4570<\/p>\n\n\n\n<div style=\"height:30px\" aria-hidden=\"true\" class=\"wp-block-spacer\"><\/div>\n\n\n\n<p><strong>Dr. Sz\u00e1mad\u00f3 R\u00f3za<\/strong><br><em>k\u00f6zpontvezet\u0151, k\u00e9pz\u00e9svezet\u0151, egyetemi adjunktus<\/em><br>E-mail: <a href=\"mailto:szamado.roza@bgk.uni-obuda.hu\">szamado.roza@bgk.uni-obuda.hu<\/a><br>Telefon: <br>Iroda: N.229<\/p>\n\n\n\n<div style=\"height:30px\" aria-hidden=\"true\" class=\"wp-block-spacer\"><\/div>\n\n\n\n<p><strong>Berzs\u00e9nyin\u00e9 R\u00e9p\u00e1s Krisztina<\/strong><\/p>\n\n\n\n<p><em>igazgat\u00e1si \u00fcgyint\u00e9z\u0151<\/em><br>E-mail: <a href=\"mailto:berzsenyine.krisztina@bgk.uni-obuda.hu\">berzsenyine.krisztina@bgk.uni-obuda.hu<\/a><br>Telefon: +36 (30) 944 2069<br>Iroda: Csokonai utca 3. 406.<\/p>\n\n\n\n<ul class=\"wp-block-list\">\n<li>Ergon\u00f3mia \u00e9s emberi t\u00e9nyez\u0151k szakember<\/li>\n\n\n\n<li>Foglalkoztat\u00e1si rehabilit\u00e1ci\u00f3s hum\u00e1n \u00e9s m\u0171szaki szaktan\u00e1csad\u00f3<\/li>\n\n\n\n<li>Rehabilit\u00e1ci\u00f3s k\u00f6rnyezettervez\u0151 szakm\u00e9rn\u00f6k<\/li>\n<\/ul>\n\n\n\n<div style=\"height:30px\" aria-hidden=\"true\" class=\"wp-block-spacer\"><\/div>\n\n\n\n<p><strong>Czig\u00e1ny Gabriella<\/strong><br><em>igazgat\u00e1si \u00fcgyint\u00e9z\u0151<\/em><br>E-mail: <a href=\"mailto:czigany.gabriella@bgk.uni-obuda.hu\">czigany.gabriella@bgk.uni-obuda.hu<\/a><br>Telefon: +36 (30) 119 6669<br>Iroda: Csokonai utca 3. 409.<\/p>\n\n\n\n<ul class=\"wp-block-list\">\n<li>Humanit\u00e1rius m\u0171veletek menedzser k\u00e9pz\u00e9s<\/li>\n\n\n\n<li>PLC szakm\u00e9rn\u00f6k k\u00e9pz\u00e9s<\/li>\n\n\n\n<li>Veter\u00e1ng\u00e9pj\u00e1rm\u0171-restaur\u00e1tor szakm\u00e9rn\u00f6k k\u00e9pz\u00e9s<\/li>\n<\/ul>\n\n\n\n<div style=\"height:30px\" aria-hidden=\"true\" class=\"wp-block-spacer\"><\/div>\n\n\n\n<p><strong>Hasill\u00f3 Gy\u00f6rgy<\/strong><br><em>\u00fcgyviv\u0151 szak\u00e9rt\u0151<\/em><br>E-mail: <a href=\"mailto:hasillo.gyorgy@bgk.uni-obuda.hu\">hasillo.gyorgy@bgk.uni-obuda.hu<\/a><br>Telefon: +36 (30) 220 2340<br>Iroda: J.330<\/p>\n\n\n\n<ul class=\"wp-block-list\">\n<li>Int\u00e9zeti Neptun adminisztr\u00e1ci\u00f3<\/li>\n<\/ul>\n\n\n\n<div style=\"height:30px\" aria-hidden=\"true\" class=\"wp-block-spacer\"><\/div>\n\n\n\n<p><strong>Kartali Gabriella<\/strong><br>egyetemi tan\u00e1rseg\u00e9d<br>E-mail: <a href=\"mailto:kartali.gabriella@bgk.uni-obuda.hu\">kartali.gabriella@bgk.uni-obuda.hu<\/a><br>Telefon: &#8211;<br>Iroda: Csokonai utca 3. 408.<\/p>\n\n\n\n<div style=\"height:30px\" aria-hidden=\"true\" class=\"wp-block-spacer\"><\/div>\n\n\n\n<p><strong>Kov\u00e1csn\u00e9 F\u00fcredi Enik\u0151<\/strong><br>\u00fcgyviv\u0151 szak\u00e9rt\u0151<br>E-mail: <a href=\"mailto:kovacsne.eniko@bgk.uni-obuda.hu\">kovacsne.eniko@bgk.uni-obuda.hu<\/a><br>Telefon: +36 (30) 119 6671<br>Iroda: Csokonai utca 3. 409.<\/p>\n\n\n\n<ul class=\"wp-block-list\">\n<li>Agilis m\u0171szaki projektmenedzsment szakm\u00e9rn\u00f6k\/szakember k\u00e9pz\u00e9s<\/li>\n\n\n\n<li>L\u00e9gij\u00e1rm\u0171 \u00fczemeltet\u0151 szakm\u00e9rn\u00f6k\/szakember k\u00e9pz\u00e9s<\/li>\n<\/ul>\n\n\n\n<div style=\"height:30px\" aria-hidden=\"true\" class=\"wp-block-spacer\"><\/div>\n\n\n\n<p><strong>L\u0151rincz Andrea<\/strong><br><em>igazgat\u00e1si \u00fcgyint\u00e9z\u0151<\/em><br>E-mail: <a href=\"mailto:lorincz.andrea@bgk.uni-obuda.hu\">lorincz.andrea@bgk.uni-obuda.hu<\/a><br>Telefon: +36 (30) 146 4570<br>Iroda: Csokonai utca 3. 408.<\/p>\n\n\n\n<ul class=\"wp-block-list\">\n<li>Inform\u00e1ci\u00f3biztons\u00e1gi szakm\u00e9rn\u00f6k\/szakember k\u00e9pz\u00e9s<\/li>\n\n\n\n<li>Munkav\u00e9delmi szakm\u00e9rn\u00f6k\/szakember k\u00e9pz\u00e9s<\/li>\n\n\n\n<li>Robbant\u00e1stechnikai szakm\u00e9rn\u00f6k\/szakember k\u00e9pz\u00e9s<\/li>\n<\/ul>\n\n\n\n<div style=\"height:30px\" aria-hidden=\"true\" class=\"wp-block-spacer\"><\/div>\n\n\n\n<p><strong>Varga Eszter<\/strong><br>\u00fcgyviv\u0151 szak\u00e9rt\u0151<br>E-mail: <a href=\"mailto:varga.eszter@bgk.uni-obuda.hu\">varga.eszter@bgk.uni-obuda.hu<\/a><br>Telefon: +36 (30) 119 6661<br>Iroda: Csokonai utca 3. 408.<\/p>\n\n\n\n<ul class=\"wp-block-list\">\n<li>Domotika szakm\u00e9rn\u00f6k\/szaktan\u00e1csad\u00f3 k\u00e9pz\u00e9s<\/li>\n\n\n\n<li>L\u00e9tes\u00edtm\u00e9nygazd\u00e1lkod\u00f3 \u00e9s -\u00fczemeltet\u0151 szakm\u00e9rn\u00f6k \/ szakmenedzser<\/li>\n\n\n\n<li>Vas\u00fatij\u00e1rm\u0171-karbantart\u00f3 szakm\u00e9rn\u00f6k<\/li>\n<\/ul>\n\n\n\n<div style=\"height:30px\" aria-hidden=\"true\" class=\"wp-block-spacer\"><\/div>\n\n\n\n<p><strong>Zelei S\u00e1ndorn\u00e9<\/strong><br><em>munkat\u00e1rs<\/em><br>E-mail: <a href=\"mailto:zelei.sandorne@bgk.uni-obuda.hu\">zelei.sandorne@bgk.uni-obuda.hu<\/a><br>Telefon: +36 (30) 119 6747<br>Iroda: &#8211;<\/p>\n\n\n\n<ul class=\"wp-block-list\">\n<li>Metrol\u00f3gus szakm\u00e9rn\u00f6k\/szakember k\u00e9pz\u00e9s<\/li>\n\n\n\n<li>Min\u0151s\u00e9gbiztos\u00edt\u00e1si szakm\u00e9rn\u00f6k\/szakember k\u00e9pz\u00e9s<\/li>\n\n\n\n<li>EHS szakm\u00e9rn\u00f6k\/szakember k\u00e9pz\u00e9s<\/li>\n<\/ul>\n","protected":false},"excerpt":{"rendered":"<p>Az FKK k\u00f6zponti telefonsz\u00e1ma: (+36)-30-146-4570 Dr. Sz\u00e1mad\u00f3 R\u00f3zak\u00f6zpontvezet\u0151, k\u00e9pz\u00e9svezet\u0151, egyetemi adjunktusE-mail: szamado.roza@bgk.uni-obuda.huTelefon: Iroda: N.229 Berzs\u00e9nyin\u00e9 R\u00e9p\u00e1s Krisztina igazgat\u00e1si \u00fcgyint\u00e9z\u0151E-mail: berzsenyine.krisztina@bgk.uni-obuda.huTelefon: +36 (30) 944 2069Iroda: Csokonai utca 3. 406. Czig\u00e1ny Gabriellaigazgat\u00e1si \u00fcgyint\u00e9z\u0151E-mail: czigany.gabriella@bgk.uni-obuda.huTelefon: +36 (30) 119 6669Iroda: Csokonai utca 3. 409. Hasill\u00f3 Gy\u00f6rgy\u00fcgyviv\u0151 szak\u00e9rt\u0151E-mail: hasillo.gyorgy@bgk.uni-obuda.huTelefon: +36 (30) 220 2340Iroda: J.330 Kartali Gabriellaegyetemi tan\u00e1rseg\u00e9dE-mail: kartali.gabriella@bgk.uni-obuda.huTelefon: &#8211;Iroda: Csokonai [&hellip;]<\/p>\n","protected":false},"author":1,"featured_media":0,"parent":0,"menu_order":0,"comment_status":"closed","ping_status":"closed","template":"","meta":{"footnotes":""},"class_list":["post-227","page","type-page","status-publish","hentry"],"featured_image_src":null,"_links":{"self":[{"href":"https:\/\/bgk.uni-obuda.hu\/fkk\/wp-json\/wp\/v2\/pages\/227","targetHints":{"allow":["GET"]}}],"collection":[{"href":"https:\/\/bgk.uni-obuda.hu\/fkk\/wp-json\/wp\/v2\/pages"}],"about":[{"href":"https:\/\/bgk.uni-obuda.hu\/fkk\/wp-json\/wp\/v2\/types\/page"}],"author":[{"embeddable":true,"href":"https:\/\/bgk.uni-obuda.hu\/fkk\/wp-json\/wp\/v2\/users\/1"}],"replies":[{"embeddable":true,"href":"https:\/\/bgk.uni-obuda.hu\/fkk\/wp-json\/wp\/v2\/comments?post=227"}],"version-history":[{"count":1,"href":"https:\/\/bgk.uni-obuda.hu\/fkk\/wp-json\/wp\/v2\/pages\/227\/revisions"}],"predecessor-version":[{"id":228,"href":"https:\/\/bgk.uni-obuda.hu\/fkk\/wp-json\/wp\/v2\/pages\/227\/revisions\/228"}],"wp:attachment":[{"href":"https:\/\/bgk.uni-obuda.hu\/fkk\/wp-json\/wp\/v2\/media?parent=227"}],"curies":[{"name":"wp","href":"https:\/\/api.w.org\/{rel}","templated":true}]}}