{"id":24,"date":"2026-03-17T09:52:47","date_gmt":"2026-03-17T09:52:47","guid":{"rendered":"https:\/\/bgk.uni-obuda.hu\/fkk\/?page_id=24"},"modified":"2026-05-05T14:16:10","modified_gmt":"2026-05-05T12:16:10","slug":"foglalkoztatasi-rehab","status":"publish","type":"page","link":"https:\/\/bgk.uni-obuda.hu\/fkk\/foglalkoztatasi-rehab\/","title":{"rendered":"Foglalkoztat\u00e1si rehabilit\u00e1ci\u00f3s hum\u00e1n \u00e9s m\u0171szaki szaktan\u00e1csad\u00f3 szakir\u00e1ny\u00fa tov\u00e1bbk\u00e9pz\u00e9si szak"},"content":{"rendered":"\n<h3 class=\"wp-block-heading\">Tov\u00e1bbi inform\u00e1ci\u00f3k<\/h3>\n\n\n\n<p><strong>K\u00e9pz\u00e9svezet\u0151:<\/strong> Dr. J\u00f3kai Erika,&nbsp;<a href=\"mailto:jokai.erika@bgk.uni-obuda.hu\">jokai.erika@bgk.uni-obuda.hu<\/a>&nbsp;(+36 20&nbsp;582 4994)<br><strong>K\u00e9pz\u00e9sszervez\u0151: <\/strong>Berzs\u00e9nyin\u00e9 R\u00e9p\u00e1s Krisztina, <a href=\"mailto:berzsenyine.krisztina@bgk.uni-obuda.hu\">berzsenyine.krisztina@bgk.uni-obuda.hu<\/a> (+36 (30) 944 2069)<\/p>\n\n\n\n<hr class=\"wp-block-separator has-alpha-channel-opacity\"\/>\n\n\n<div style=\"background-color: #d9edf7; color: #31708f; border-left-color: #fcb900; \" class=\"ub-styled-box ub-notification-box wp-block-ub-styled-box\" id=\"ub-styled-box-47ea1a58-b778-4e44-99f9-c6fdb4cdc548\">\n<h3 class=\"wp-block-heading\" id=\"ub-styled-box-notification-content-\">Jelentkez\u00e9s<\/h3>\n\n\n\n<p><strong>Az online jelentkez\u00e9si \u0171rlap hi\u00e1nytalan kit\u00f6lt\u00e9s\u00e9vel<\/strong>:<\/p>\n\n\n<div style=\"gap: 20px;\" class=\"align-button-center ub-buttons orientation-button-row ub-flex-wrap wp-block-ub-button\" id=\"ub-button-8ae6f2ba-4857-4337-8c37-742dd761f1a7\"><div class=\"ub-button-container\">\n\t\t\t<a href=\"https:\/\/bgk.uni-obuda.hu\/fkk\/szakiranyu-tovabbkepzesek-urlap\/\" target=\"_self\" class=\"ub-button-block-main   ub-button-flex\" role=\"button\" style=\"--ub-button-background-color: #7bdcb5; --ub-button-color: #000000; --ub-button-border: none; --ub-button-hover-background-color: #1d294d; --ub-button-hover-color: #ffffff; --ub-button-hover-border: none; padding-top: 10px; padding-right: 10px; padding-bottom: 10px; padding-left: 10px; border-top-left-radius: 10px;; border-top-right-radius: 10px;; border-bottom-left-radius: 10px;; border-bottom-right-radius: 10px;; \">\n\t\t\t\t<div class=\"ub-button-content-holder\" style=\"flex-direction: row\">\n\t\t\t\t\t<span class=\"ub-button-block-btn\">Jelentkez\u00e9si lap<\/span>\n\t\t\t\t<\/div>\n\t\t\t<\/a>\n\t\t<\/div><\/div>\n\n\n<p><em>K\u00e9rj\u00fck minden esetben pontosan jel\u00f6lje\u00a0meg a kiv\u00e1lasztott szakot, amelyre jelentkezni szeretne!<\/em><\/p>\n\n\n\n<p>A k\u00e9pz\u00e9s 2 \u00e9vente indul.<\/p>\n\n\n\n<p><strong>Jelentkez\u00e9si hat\u00e1rid\u0151:<\/strong>\u00a02026. augusztus 15.<\/p>\n\n\n\n<p><strong>K\u00e9pz\u00e9s kezdete<\/strong>:\u00a02026. szeptember<\/p>\n\n\n<\/div>\n\n\n<p><strong>A szakir\u00e1ny\u00fa tov\u00e1bbk\u00e9pz\u00e9sben szerezhet\u0151 szakk\u00e9pzetts\u00e9g oklev\u00e9lben szerepl\u0151 megnevez\u00e9se magyar nyelven:<\/strong><\/p>\n\n\n\n<ul class=\"wp-block-list\">\n<li>foglalkoztat\u00e1si rehabilit\u00e1ci\u00f3s hum\u00e1n \u00e9s m\u0171szaki szaktan\u00e1csad\u00f3<\/li>\n<\/ul>\n\n\n\n<h3 class=\"wp-block-heading\">A felv\u00e9tel felt\u00e9tele<\/h3>\n\n\n\n<p>&nbsp;Szakir\u00e1ny\u00fa tov\u00e1bbk\u00e9pz\u00e9sre felvehet\u0151, aki m\u0171szaki, term\u00e9szet-, orvos-, eg\u00e9szs\u00e9g-, t\u00e1rsadalom-, gazdas\u00e1gtudom\u00e1nyi vagy b\u00f6lcs\u00e9sz alap- vagy mesterk\u00e9pz\u00e9sben szerzett, illetve a kor\u00e1bban megszerezhet\u0151 f\u0151iskolai vagy egyetemi&nbsp;oklev\u00e9llel rendelkezik.<\/p>\n\n\n\n<h3 class=\"wp-block-heading\">K\u00e9pz\u00e9si adatok<\/h3>\n\n\n\n<p><strong>A k\u00e9pz\u00e9si id\u0151 f\u00e9l\u00e9vekben meghat\u00e1rozva:<\/strong>&nbsp;2 f\u00e9l\u00e9v<\/p>\n\n\n\n<p><strong>A szakk\u00e9pzetts\u00e9g megszerz\u00e9s\u00e9hez \u00f6sszegy\u0171jtend\u0151 kreditek sz\u00e1ma:<\/strong><strong>&nbsp;<\/strong>60 kredit (116 kontakt \u00f3ra)<\/p>\n\n\n\n<p><strong>Finansz\u00edroz\u00e1si forma:<\/strong>&nbsp;\u00f6nk\u00f6lts\u00e9ges, az \u00f6nk\u00f6lts\u00e9gi d\u00edj 350 000 Ft\/f\u00e9l\u00e9v (A k\u00f6vetkez\u0151 \u00e9vek k\u00e9pz\u00e9si d\u00edja legfeljebb az el\u0151z\u0151 \u00e9vben meg\u00e1llap\u00edtott k\u00e9pz\u00e9si d\u00edj a KSH \u00e1ltal el\u0151z\u0151 \u00e9vre vonatkoz\u00f3an k\u00f6zz\u00e9tett fogyaszt\u00f3i \u00e1rindex-szel n\u00f6velt \u00f6sszege lehet)<\/p>\n\n\n\n<p><strong>Munkarend:&nbsp;<\/strong>levelez\u0151<\/p>\n\n\n\n<h3 class=\"wp-block-heading\">Mintatanterv<\/h3>\n\n\n\n<p><img loading=\"lazy\" decoding=\"async\" width=\"16\" height=\"16\" src=\"https:\/\/bgk.uni-obuda.hu\/wp-content\/uploads\/2023\/02\/x-office-document.png\" alt=\"\">&nbsp;<a href=\"https:\/\/bgk.uni-obuda.hu\/tantervek\/\"><strong>Mintatanterv&nbsp;<\/strong>el\u00e9rhet\u0151 a Tanulm\u00e1nyi Iroda aloldal\u00e1n<\/a><\/p>\n\n\n\n<h3 class=\"wp-block-heading\">A k\u00e9pz\u00e9s c\u00e9lja<\/h3>\n\n\n\n<p><strong>A szakir\u00e1ny\u00fa tov\u00e1bbk\u00e9pz\u00e9s c\u00e9lja<\/strong> olyan kompetenci\u00e1kkal rendelkez\u0151 szakemberek k\u00e9pz\u00e9se, akik j\u00e1rtasak az egyetemes tervez\u00e9s szeml\u00e9let\u00e9nek gyakorlati alkalmaz\u00e1s\u00e1ban; megalapozott tud\u00e1ssal rendelkeznek a megv\u00e1ltozott munkak\u00e9pess\u00e9g\u0171 \u00e9s fogyat\u00e9kos szem\u00e9lyek munkahelyeinek \u00e9s munkak\u00f6r\u00fclm\u00e9nyeinek szakszer\u0171 kialak\u00edt\u00e1sa \u00e9s sz\u00e9les \u00e9rtelemben vett akad\u00e1lymentes\u00edt\u00e9s\u00e9hez kapcsol\u00f3d\u00f3 tan\u00e1csad\u00e1s \u00e9s tervez\u00e9s ter\u00fclet\u00e9n; a t\u00e1mogat\u00f3 technol\u00f3gi\u00e1k fejleszt\u00e9se, tesztel\u00e9se \u00e9s min\u0151s\u00edt\u00e9se ter\u00fclet\u00e9n; valamint a foglalkoz\u00e1si rehabilit\u00e1ci\u00f3val \u00f6sszef\u00fcgg\u0151 alkalmass\u00e1g-vizsg\u00e1lati m\u00f3dszertanok, a szak\u00e9rt\u0151i v\u00e9lem\u00e9nyez\u00e9s m\u00f3dja, valamint a k\u00e9pess\u00e9gvizsg\u00e1l\u00f3 \u00e9s -fejleszt\u0151 eszk\u00f6z\u00f6k alkalmaz\u00e1sa ter\u00e9n.<\/p>\n\n\n\n<h3 class=\"wp-block-heading\">\u00c9rt\u00e9kel\u00e9si \u00e9s ellen\u0151rz\u00e9si m\u00f3dszerek, elj\u00e1r\u00e1sok<\/h3>\n\n\n\n<p>A tant\u00e1rgyak vizsg\u00e1val, illetve \u00e9vk\u00f6zi jeggyel z\u00e1rulnak. A vizsg\u00e1ra bocs\u00e1t\u00e1s felt\u00e9tele tant\u00e1rgyank\u00e9nt k\u00fcl\u00f6nb\u00f6z\u0151: \u00edr\u00e1sbeli dolgozat, illetve egy\u00e9ni feladat bead\u00e1sa egyar\u00e1nt lehets\u00e9ges. A vizsga \u00edr\u00e1sbeli vagy sz\u00f3beli lehet. A m\u00e1sodik f\u00e9l\u00e9v teljes\u00edt\u00e9se sor\u00e1n szakdolgozatot kell k\u00e9sz\u00edteni, majd az abszolut\u00f3rium megszerz\u00e9se ut\u00e1n azt a z\u00e1r\u00f3vizsg\u00e1n meg kell v\u00e9deni, \u00e9s a z\u00e1r\u00f3vizsga t\u00e1rgyakb\u00f3l eredm\u00e9nyes vizsg\u00e1t kell tenni.<\/p>\n\n\n\n<h3 class=\"wp-block-heading\">A kor\u00e1bban szerzett ismeretek, gyakorlatok besz\u00e1m\u00edt\u00e1si rendje<\/h3>\n\n\n\n<p>A kor\u00e1bban, hasonl\u00f3 t\u00e9m\u00e1ban szerzett \u00e9rdemjegyet az egyetem \u00e1ltal\u00e1nos elj\u00e1r\u00e1si rendje szerint sz\u00e1m\u00edtjuk be, azaz a f\u00e9l\u00e9v kezdet\u00e9n, index alapj\u00e1n \u00e9s megfelel\u0151 tematika alapj\u00e1n a tant\u00e1rgyfelel\u0151s oktat\u00f3 tesz javaslatot a besz\u00e1m\u00edt\u00e1s lehet\u0151s\u00e9g\u00e9re.<\/p>\n\n\n\n<h3 class=\"wp-block-heading\">A z\u00e1r\u00f3vizsg\u00e1ra bocs\u00e1t\u00e1s felt\u00e9telei<\/h3>\n\n\n\n<p>A z\u00e1r\u00f3vizsg\u00e1ra bocs\u00e1t\u00e1s felt\u00e9tele a v\u00e9gbizony\u00edtv\u00e1ny (abszolut\u00f3rium) megszerz\u00e9se. V\u00e9gbizony\u00edtv\u00e1nyt a fels\u0151oktat\u00e1si int\u00e9zm\u00e9ny annak a hallgat\u00f3nak \u00e1ll\u00edt ki, aki a tantervben el\u0151\u00edrt tanulm\u00e1nyi \u00e9s vizsgak\u00f6vetelm\u00e9nyeket \u2013 szakdolgozat elk\u00e9sz\u00edt\u00e9se kiv\u00e9tel\u00e9vel \u2013 teljes\u00edtette \u00e9s az el\u0151\u00edrt krediteket megszerezte.<\/p>\n\n\n\n<h4 class=\"wp-block-heading\">A z\u00e1r\u00f3vizsga r\u00e9szei<\/h4>\n\n\n\n<p>A z\u00e1r\u00f3vizsga a szakdolgozat v\u00e9d\u00e9s\u00e9b\u0151l \u00e9s a tantervben el\u0151\u00edrt t\u00e1rgyakb\u00f3l tett sz\u00f3beli vizsg\u00e1kb\u00f3l \u00e1ll. A z\u00e1r\u00f3vizsg\u00e1t a hallgat\u00f3nak egy napon, folyamatosan kell letenni.<br>A&nbsp;z\u00e1r\u00f3vizsga sz\u00f3beli vizsg\u00e1b\u00f3l \u00e1ll, a felk\u00e9sz\u00fcl\u00e9si id\u0151 tant\u00e1rgyank\u00e9nt legal\u00e1bb 20 perc.<\/p>\n\n\n\n<p><strong>A z\u00e1r\u00f3vizsga t\u00e1rgyai:<\/strong>&nbsp;Antropometriai \u00e9rt\u00e9kel\u00e9s \u00e9s tervez\u00e9s, Rehabilit\u00e1ci\u00f3s t\u00e1mogat\u00f3 technol\u00f3gi\u00e1k<\/p>\n\n\n\n<h3 class=\"wp-block-heading\">Id\u0151beoszt\u00e1s<\/h3>\n\n\n\n<p>A k\u00e9pz\u00e9s&nbsp;szeptember v\u00e9g\u00e9n indul, f\u00e9l\u00e9venk\u00e9nt 6 alkalommal p\u00e9nteki \u00e9s szombati napokon 9-17 \u00f3r\u00e1ig, a vizsg\u00e1k szint\u00e9n szombati napokon, egyeztetett id\u0151pontokban lesznek.&nbsp;<\/p>\n\n\n\n<h3 class=\"wp-block-heading\">Egy\u00e9b inform\u00e1ci\u00f3k<\/h3>\n\n\n\n<p>A k\u00e9pz\u00e9ssel kapcsolatban tov\u00e1bbi inform\u00e1ci\u00f3kat a megadott kapcsolattart\u00f3i el\u00e9rhet\u0151s\u00e9geken lehet k\u00e9rni. A k\u00e9pz\u00e9sre a megv\u00e1ltozott munkak\u00e9pess\u00e9g\u0171 \u00e9s fogyat\u00e9kos szem\u00e9lyek foglalkoztat\u00e1s\u00e1ban, munkahely-tervez\u00e9s\u00e9ben \u00e9s \u00e9p\u00edtett k\u00f6rnyezet\u00e9nek kialak\u00edt\u00e1s\u00e1ban r\u00e9sztvev\u0151 hum\u00e1n, orvosi vagy gazdas\u00e1gi v\u00e9gzetts\u00e9g\u0171 mentorok, tan\u00e1csad\u00f3k \u00e9s szak\u00e9rt\u0151k mellett a technol\u00f3giai \u00e9s \u00e9p\u00edt\u00e9szeti tervez\u00e9sben r\u00e9sztvev\u0151 m\u0171szaki v\u00e9gzetts\u00e9g\u0171 szakemberek jelentkez\u00e9s\u00e9t is v\u00e1rjuk.<\/p>\n","protected":false},"excerpt":{"rendered":"<p>Tov\u00e1bbi inform\u00e1ci\u00f3k K\u00e9pz\u00e9svezet\u0151: Dr. J\u00f3kai Erika,&nbsp;jokai.erika@bgk.uni-obuda.hu&nbsp;(+36 20&nbsp;582 4994)K\u00e9pz\u00e9sszervez\u0151: Berzs\u00e9nyin\u00e9 R\u00e9p\u00e1s Krisztina, berzsenyine.krisztina@bgk.uni-obuda.hu (+36 (30) 944 2069) A szakir\u00e1ny\u00fa tov\u00e1bbk\u00e9pz\u00e9sben szerezhet\u0151 szakk\u00e9pzetts\u00e9g oklev\u00e9lben szerepl\u0151 megnevez\u00e9se magyar nyelven: A felv\u00e9tel felt\u00e9tele &nbsp;Szakir\u00e1ny\u00fa tov\u00e1bbk\u00e9pz\u00e9sre felvehet\u0151, aki m\u0171szaki, term\u00e9szet-, orvos-, eg\u00e9szs\u00e9g-, t\u00e1rsadalom-, gazdas\u00e1gtudom\u00e1nyi vagy b\u00f6lcs\u00e9sz alap- vagy mesterk\u00e9pz\u00e9sben szerzett, illetve a kor\u00e1bban megszerezhet\u0151 f\u0151iskolai vagy egyetemi&nbsp;oklev\u00e9llel rendelkezik. K\u00e9pz\u00e9si adatok [&hellip;]<\/p>\n","protected":false},"author":1,"featured_media":0,"parent":0,"menu_order":0,"comment_status":"closed","ping_status":"closed","template":"","meta":{"footnotes":""},"class_list":["post-24","page","type-page","status-publish","hentry"],"featured_image_src":null,"_links":{"self":[{"href":"https:\/\/bgk.uni-obuda.hu\/fkk\/wp-json\/wp\/v2\/pages\/24","targetHints":{"allow":["GET"]}}],"collection":[{"href":"https:\/\/bgk.uni-obuda.hu\/fkk\/wp-json\/wp\/v2\/pages"}],"about":[{"href":"https:\/\/bgk.uni-obuda.hu\/fkk\/wp-json\/wp\/v2\/types\/page"}],"author":[{"embeddable":true,"href":"https:\/\/bgk.uni-obuda.hu\/fkk\/wp-json\/wp\/v2\/users\/1"}],"replies":[{"embeddable":true,"href":"https:\/\/bgk.uni-obuda.hu\/fkk\/wp-json\/wp\/v2\/comments?post=24"}],"version-history":[{"count":2,"href":"https:\/\/bgk.uni-obuda.hu\/fkk\/wp-json\/wp\/v2\/pages\/24\/revisions"}],"predecessor-version":[{"id":330,"href":"https:\/\/bgk.uni-obuda.hu\/fkk\/wp-json\/wp\/v2\/pages\/24\/revisions\/330"}],"wp:attachment":[{"href":"https:\/\/bgk.uni-obuda.hu\/fkk\/wp-json\/wp\/v2\/media?parent=24"}],"curies":[{"name":"wp","href":"https:\/\/api.w.org\/{rel}","templated":true}]}}