{"id":26,"date":"2026-03-17T09:54:20","date_gmt":"2026-03-17T09:54:20","guid":{"rendered":"https:\/\/bgk.uni-obuda.hu\/fkk\/?page_id=26"},"modified":"2026-05-05T14:18:40","modified_gmt":"2026-05-05T12:18:40","slug":"humanitarian-response-manager","status":"publish","type":"page","link":"https:\/\/bgk.uni-obuda.hu\/fkk\/humanitarian-response-manager\/","title":{"rendered":"Humanitarian Response Manager (in english)"},"content":{"rendered":"\n<h3 class=\"wp-block-heading\">Additional informations<\/h3>\n\n\n\n<p>Prof. Dr. J\u00e1nos Beseny\u0151, specialised training leader (<a href=\"mailto:besenyo.janos@uni-obuda.hu\">besenyo.janos@uni-obuda.hu<\/a>)<br>Gabriella Czig\u00e1ny,&nbsp;<a href=\"mailto:czigany.gabriella@bgk.uni-obuda.hu\">czigany.gabriella@bgk.uni-obuda.hu<\/a>&nbsp;(+36 (30) 119 6669)<\/p>\n\n\n\n<hr class=\"wp-block-separator has-alpha-channel-opacity\"\/>\n\n\n<div style=\"background-color: #d9edf7; color: #31708f; border-left-color: #fcb900; \" class=\"ub-styled-box ub-notification-box wp-block-ub-styled-box\" id=\"ub-styled-box-e9949e8d-6f19-45d0-bf9f-b07fb958f044\">\n<h3 class=\"wp-block-heading\" id=\"ub-styled-box-notification-content-\">Application<\/h3>\n\n\n\n<p>You can\u00a0<strong>apply by fully completing the online application<\/strong>:<\/p>\n\n\n<div style=\"gap: 20px;\" class=\"align-button-center ub-buttons orientation-button-row ub-flex-wrap wp-block-ub-button\" id=\"ub-button-9b4b1509-c90f-45c9-ae28-50e2b1b9109a\"><div class=\"ub-button-container\">\n\t\t\t<a href=\"https:\/\/bgk.uni-obuda.hu\/fkk\/szakiranyu-tovabbkepzesek-urlap\/\" target=\"_self\" class=\"ub-button-block-main   ub-button-flex\" role=\"button\" style=\"--ub-button-background-color: #7bdcb5; --ub-button-color: #000000; --ub-button-border: none; --ub-button-hover-background-color: #1d294d; --ub-button-hover-color: #ffffff; --ub-button-hover-border: none; padding-top: 10px; padding-right: 10px; padding-bottom: 10px; padding-left: 10px; border-top-left-radius: 10px;; border-top-right-radius: 10px;; border-bottom-left-radius: 10px;; border-bottom-right-radius: 10px;; \">\n\t\t\t\t<div class=\"ub-button-content-holder\" style=\"flex-direction: row\">\n\t\t\t\t\t<span class=\"ub-button-block-btn\">Application form<\/span>\n\t\t\t\t<\/div>\n\t\t\t<\/a>\n\t\t<\/div><\/div>\n\n\n<p><em>In each case, please indicate the exact course you want to apply for!<\/em><\/p>\n\n\n\n<p><strong>Deadline for application:<\/strong>\u00a015\u00a0August 2026<\/p>\n\n\n\n<p><strong>Start of education:<\/strong>\u00a0September\u00a02026<\/p>\n\n\n<\/div>\n\n\n<hr class=\"wp-block-separator has-alpha-channel-opacity\"\/>\n\n\n\n<p><strong>The name of the professional qualification obtained in the specialized training, as it appears on the diploma:<\/strong><\/p>\n\n\n\n<ul class=\"wp-block-list\">\n<li>humanitarian response manager<\/li>\n<\/ul>\n\n\n\n<h3 class=\"wp-block-heading\">Conditions for participation<\/h3>\n\n\n\n<p>Applicants with at least a bachelor&#8217;s degree (or at least a bachelor&#8217;s degree in the previous education system) can be admitted.<\/p>\n\n\n\n<h3 class=\"wp-block-heading\">Training information<\/h3>\n\n\n\n<p><strong>Level of education:<\/strong>&nbsp;Specialised training<\/p>\n\n\n\n<p><strong>Method of education:<\/strong>&nbsp;correspondence (140 contact lesson)<\/p>\n\n\n\n<p><strong>Language of the training:<\/strong>&nbsp;English<\/p>\n\n\n\n<p><strong>Duration of the training:<\/strong>&nbsp;2 semesters<\/p>\n\n\n\n<p><strong>Location of the training:<\/strong>&nbsp;\u00d3buda University B\u00e1nki Don\u00e1t Faculty of Mechanical and Safety Engineering, 1081 Budapest, N\u00e9psz\u00ednh\u00e1z utca 8.<\/p>\n\n\n\n<p><strong>Tuition fee (correspondence, English):<\/strong>&nbsp;&nbsp;HUF 250 000 \/ Semester<\/p>\n\n\n\n<h3 class=\"wp-block-heading\">Curriculum<\/h3>\n\n\n\n<p><img decoding=\"async\" class=\"wp-image-227\" style=\"width: 16px;\" src=\"https:\/\/bgk.uni-obuda.hu\/wp-content\/uploads\/2023\/02\/x-office-document.png\" alt=\"\"> <a href=\"https:\/\/bgk.uni-obuda.hu\/tantervek\/\">Curriculum available at the site of the Registrar&#8217;s Office<\/a><\/p>\n\n\n\n<h3 class=\"wp-block-heading\">Subject program description<\/h3>\n\n\n\n<p><img decoding=\"async\" class=\"wp-image-227\" style=\"width: 16px;\" src=\"https:\/\/bgk.uni-obuda.hu\/wp-content\/uploads\/2023\/02\/x-office-document.png\" alt=\"\"> <a href=\"https:\/\/bgk.uni-obuda.hu\/fkk\/wp-content\/uploads\/2026\/03\/hrm_curriculum_eng_banki.pdf\" data-type=\"URL\" data-id=\"https:\/\/bgk.uni-obuda.hu\/wp-content\/uploads\/2023\/02\/hrm_curriculum_eng_banki.pdf\">Subject program description<\/a><\/p>\n\n\n\n<h3 class=\"wp-block-heading\">Aim of the training<\/h3>\n\n\n\n<p>The aim of the training is to provide interdependent, up-to-date professional knowledge, marketable knowledge and practical skills to professionals working in jobs related to the ever-expanding field of humanitarian operations \/ response.<\/p>\n\n\n\n<h3 class=\"wp-block-heading\">Who is the training for?<\/h3>\n\n\n\n<p>We recommend the training to all graduates who want to work in the humanitarian field and who \u2013 in addition to a wide range of theoretical knowledge \u2013 want to enrich their knowledge by the expertise of experienced civilian and uniformed professionals of international humanitarian operations, before they begin their work in practise. We also recommend the training for professionals who are already working in the field of humanitarian response but have not yet been involved in fieldwork, whether they want to take part in humanitarian action on behalf of governmental or international (civilian or uniformed) or non-governmental organisations. In addition, of course, we welcome all those as well who are keen to broaden their knowledge in this field based on their personal interests.<\/p>\n\n\n\n<h3 class=\"wp-block-heading\">Main areas covered<\/h3>\n\n\n\n<p>Introduction to humanitarian response, its mechanisms, the factors influencing it and the social groups involved; communication, logistics, and the field of international law.&nbsp;<\/p>\n\n\n\n<h3 class=\"wp-block-heading\">Additional information<\/h3>\n\n\n\n<p>In correspondence training, students&#8217; classes are held in blocks on Friday afternoons and Saturdays, and there is also a possibility to participate in the lectures online.<\/p>\n","protected":false},"excerpt":{"rendered":"<p>Additional informations Prof. Dr. J\u00e1nos Beseny\u0151, specialised training leader (besenyo.janos@uni-obuda.hu)Gabriella Czig\u00e1ny,&nbsp;czigany.gabriella@bgk.uni-obuda.hu&nbsp;(+36 (30) 119 6669) The name of the professional qualification obtained in the specialized training, as it appears on the diploma: Conditions for participation Applicants with at least a bachelor&#8217;s degree (or at least a bachelor&#8217;s degree in the previous education system) can be admitted. [&hellip;]<\/p>\n","protected":false},"author":1,"featured_media":0,"parent":0,"menu_order":0,"comment_status":"closed","ping_status":"closed","template":"","meta":{"footnotes":""},"class_list":["post-26","page","type-page","status-publish","hentry"],"featured_image_src":null,"_links":{"self":[{"href":"https:\/\/bgk.uni-obuda.hu\/fkk\/wp-json\/wp\/v2\/pages\/26","targetHints":{"allow":["GET"]}}],"collection":[{"href":"https:\/\/bgk.uni-obuda.hu\/fkk\/wp-json\/wp\/v2\/pages"}],"about":[{"href":"https:\/\/bgk.uni-obuda.hu\/fkk\/wp-json\/wp\/v2\/types\/page"}],"author":[{"embeddable":true,"href":"https:\/\/bgk.uni-obuda.hu\/fkk\/wp-json\/wp\/v2\/users\/1"}],"replies":[{"embeddable":true,"href":"https:\/\/bgk.uni-obuda.hu\/fkk\/wp-json\/wp\/v2\/comments?post=26"}],"version-history":[{"count":3,"href":"https:\/\/bgk.uni-obuda.hu\/fkk\/wp-json\/wp\/v2\/pages\/26\/revisions"}],"predecessor-version":[{"id":335,"href":"https:\/\/bgk.uni-obuda.hu\/fkk\/wp-json\/wp\/v2\/pages\/26\/revisions\/335"}],"wp:attachment":[{"href":"https:\/\/bgk.uni-obuda.hu\/fkk\/wp-json\/wp\/v2\/media?parent=26"}],"curies":[{"name":"wp","href":"https:\/\/api.w.org\/{rel}","templated":true}]}}