{"id":276,"date":"2026-03-19T14:16:01","date_gmt":"2026-03-19T13:16:01","guid":{"rendered":"https:\/\/bgk.uni-obuda.hu\/fkk\/felnottkepzesi-kozpont-orarendjei\/"},"modified":"2026-03-19T14:16:01","modified_gmt":"2026-03-19T13:16:01","slug":"felnottkepzesi-kozpont-orarendjei","status":"publish","type":"page","link":"https:\/\/bgk.uni-obuda.hu\/fkk\/felnottkepzesi-kozpont-orarendjei\/","title":{"rendered":"Feln\u0151ttk\u00e9pz\u00e9si K\u00f6zpont \u00f3rarendjei"},"content":{"rendered":"\n<h4 class=\"wp-block-heading\">2025\/2026\/2. f\u00e9l\u00e9v \u00f3rarendjei<\/h4>\n\n\n\n<ul class=\"wp-block-list\">\n<li><a href=\"https:\/\/bgk.uni-obuda.hu\/fkk\/wp-content\/uploads\/2026\/02\/Agilis-orarend-2025_2026_II-1.-felev.xlsx\">Agilis m\u0171szaki projektmenedzsment 2025\/2026\/2 &#8211; <strong>1. f\u00e9l\u00e9v<\/strong><\/a><\/li>\n<li><a href=\"https:\/\/bgk.uni-obuda.hu\/fkk\/wp-content\/uploads\/2026\/02\/Agilis-orarend-2025_2026_II-3.-felev_v2.xlsx\">Agilis m\u0171szaki projektmenedzsment 2025\/2026\/2 &#8211; <strong>2. f\u00e9l\u00e9v<\/strong><\/a><\/li>\n<li><a href=\"https:\/\/bgk.uni-obuda.hu\/fkk\/wp-content\/uploads\/2026\/02\/EHS-SZM-elvi-orarend-tervezet-2025-2026-4-felevesek-2-felev.pdf\">EHS 2025\/2026\/2 &#8211; <strong>2. f\u00e9l\u00e9v (4 f\u00e9l\u00e9ves)<\/strong><\/a><\/li>\n<li><a href=\"https:\/\/bgk.uni-obuda.hu\/fkk\/wp-content\/uploads\/2026\/02\/EHS-SZM-elvi-orarend-tervezet-2025-2026-4-felevesek-4-felev.pdf\">EHS 2025\/2026\/2 &#8211; <strong>4. f\u00e9l\u00e9v (4 f\u00e9l\u00e9ves)<\/strong><\/a><\/li>\n<li><a href=\"https:\/\/bgk.uni-obuda.hu\/fkk\/wp-content\/uploads\/2026\/02\/EHS-SZM-elvi-orarend-tervezet-2025-2026-Tuzved-modul-2-felev.pdf\">EHS 2025\/2026\/2 <strong>&#8211; 2. f\u00e9l\u00e9v (2 f\u00e9l\u00e9ves) T\u0171zv\u00e9delmi modul<\/strong><\/a><\/li>\n<li><a href=\"https:\/\/bgk.uni-obuda.hu\/fkk\/wp-content\/uploads\/2026\/02\/EHS-SZM-elvi-orarend-tervezet-2025-2026-Kornyezet-modul-2-felev.pdf\">EHS 2025\/2026\/2 <strong>&#8211; 2. f\u00e9l\u00e9v (2 f\u00e9l\u00e9ves) K\u00f6rnyezetv\u00e9delmi modul<\/strong><\/a><\/li>\n<li><a href=\"https:\/\/bgk.uni-obuda.hu\/fkk\/wp-content\/uploads\/2026\/02\/EHS-SZM-elvi-orarend-tervezet-2025-2026-Munkaved-modul-2-felev.pdf\">EHS 2025\/2026\/2 <strong>&#8211; 2. f\u00e9l\u00e9v (2 f\u00e9l\u00e9ves) Munkav\u00e9delmi modul<\/strong><\/a><\/li>\n<li><a href=\"https:\/\/bgk.uni-obuda.hu\/fkk\/wp-content\/uploads\/2026\/01\/Fogl.-rehab-orarend-2025_2026_II-2.-felev.xlsx\">Foglalkoztat\u00e1si rehabilit\u00e1ci\u00f3s hum\u00e1n \u00e9s m\u0171szaki szaktan\u00e1csad\u00f3 2025\/2026\/2 &#8211; <strong>2. f\u00e9l\u00e9v<\/strong><\/a><\/li>\n<li><a href=\"https:\/\/bgk.uni-obuda.hu\/fkk\/wp-content\/uploads\/2026\/01\/Humanitarius_Orarend_2025_2026_2_-2.-felev.xlsx\">Humanitarian Response Manager 2025\/2026\/2 &#8211; <strong>2nd Semester<\/strong><\/a><\/li>\n<li><a href=\"https:\/\/bgk.uni-obuda.hu\/fkk\/wp-content\/uploads\/2026\/01\/IB-orarend-2025_2026_II-2.-felev.xlsx\">Inform\u00e1ci\u00f3biztons\u00e1gi 2025\/2026\/2 &#8211; <strong>2. f\u00e9l\u00e9v<\/strong><\/a><\/li>\n<li><a href=\"https:\/\/bgk.uni-obuda.hu\/fkk\/wp-content\/uploads\/2026\/01\/IB-orarend-2025_2026_II-4.-felev.xlsx\">Inform\u00e1ci\u00f3biztons\u00e1gi 2025\/2026\/2 &#8211; <strong>4. f\u00e9l\u00e9v<\/strong><\/a><\/li>\n<li><a href=\"https:\/\/bgk.uni-obuda.hu\/fkk\/wp-content\/uploads\/2026\/02\/Legijarmu_I-csoport_1-fe_Orarend_2025_2026_2_v2.xlsx\">L\u00e9gij\u00e1rm\u0171 \u00fczemeltet\u0151 2025\/2026\/2 &#8211; <strong>1. f\u00e9l\u00e9v<\/strong><\/a><\/li>\n<li><a href=\"https:\/\/bgk.uni-obuda.hu\/fkk\/wp-content\/uploads\/2026\/01\/Legijarmu_H-csoport_2-fe_Orarend_2025_2026_2_v1.xlsx\">L\u00e9gij\u00e1rm\u0171 \u00fczemeltet\u0151 2025\/2026\/2 &#8211; <strong>2. f\u00e9l\u00e9v<\/strong><\/a><\/li>\n<li><a href=\"https:\/\/bgk.uni-obuda.hu\/fkk\/wp-content\/uploads\/2026\/01\/Legijarmu_G-csoport_3-fe_Orarend_2025_2026_2_v1.xlsx\">L\u00e9gij\u00e1rm\u0171 \u00fczemeltet\u0151 2025\/2026\/2 &#8211; <strong>3. f\u00e9l\u00e9v<\/strong><\/a><\/li>\n<li><a href=\"https:\/\/bgk.uni-obuda.hu\/fkk\/wp-content\/uploads\/2026\/01\/Letesitmeny-orarend-2025_2026_II-2.-felev.xlsx\">L\u00e9tes\u00edtm\u00e9nygazd\u00e1lkod\u00f3- \u00e9s \u00fczemeltet\u0151 2025\/2026\/2 &#8211;<strong> 2. f\u00e9l\u00e9v<\/strong><\/a><\/li>\n<li><a href=\"https:\/\/bgk.uni-obuda.hu\/fkk\/wp-content\/uploads\/2026\/02\/Metrologus_Orarend_2025_2026_2_v1.pdf\">Metrol\u00f3gus 2025\/2026\/2 &#8211; <strong>1. f\u00e9l\u00e9v<\/strong><\/a><\/li>\n<li><a href=\"https:\/\/bgk.uni-obuda.hu\/fkk\/wp-content\/uploads\/2026\/02\/Minosegbiztositas-orarend-2025_2026_II-1.-felev.xlsx\">Min\u0151s\u00e9gbiztos\u00edt\u00e1si 2025\/2026\/2 &#8211; <strong>1. f\u00e9l\u00e9v<\/strong><\/a><\/li>\n<li><a href=\"https:\/\/bgk.uni-obuda.hu\/fkk\/wp-content\/uploads\/2026\/02\/Minosegbiztositas-orarend-2025_2026_II-3.-felev.xlsx\">Min\u0151s\u00e9gbiztos\u00edt\u00e1si 2025\/2026\/2 &#8211; <strong>3. f\u00e9l\u00e9v<\/strong><\/a><\/li>\n<li><a href=\"https:\/\/bgk.uni-obuda.hu\/fkk\/wp-content\/uploads\/2026\/02\/Munkavedelmi-orarend-2025_2026_II-osszes-felev_v3.xlsx\">Munkav\u00e9delmi 2025\/2026\/2 &#8211; <strong>\u00d6sszes f\u00e9l\u00e9v<\/strong><\/a><\/li>\n<li><a href=\"https:\/\/bgk.uni-obuda.hu\/fkk\/wp-content\/uploads\/2026\/02\/PLC_II-fe_Orarend_2025_2026_2_v2.xlsx\">PLC 2025\/2026\/2 &#8211; <strong>2. f\u00e9l\u00e9v<\/strong><\/a><\/li>\n<li><a href=\"https:\/\/bgk.uni-obuda.hu\/fkk\/wp-content\/uploads\/2026\/01\/Robbantastechnika-oraarend-2025_2026_II-2.-felev.xlsx\">Robbant\u00e1stechnikai 2025\/2026\/2 &#8211; <strong>2. f\u00e9l\u00e9v<\/strong><\/a><\/li>\n<li><a href=\"https:\/\/bgk.uni-obuda.hu\/fkk\/wp-content\/uploads\/2026\/02\/Veteran-orarend-9-3.-felev_v2.xlsx\">Veter\u00e1ng\u00e9pj\u00e1rm\u0171-restaur\u00e1tor 2025\/2026\/2 &#8211; <strong>3. f\u00e9l\u00e9v<\/strong><\/a><\/li>\n<\/ul>\n","protected":false},"excerpt":{"rendered":"<p>2025\/2026\/2. f\u00e9l\u00e9v \u00f3rarendjei Agilis m\u0171szaki projektmenedzsment 2025\/2026\/2 &#8211; 1. f\u00e9l\u00e9v Agilis m\u0171szaki projektmenedzsment 2025\/2026\/2 &#8211; 2. f\u00e9l\u00e9v EHS 2025\/2026\/2 &#8211; 2. f\u00e9l\u00e9v (4 f\u00e9l\u00e9ves) EHS 2025\/2026\/2 &#8211; 4. f\u00e9l\u00e9v (4 f\u00e9l\u00e9ves) EHS 2025\/2026\/2 &#8211; 2. f\u00e9l\u00e9v (2 f\u00e9l\u00e9ves) T\u0171zv\u00e9delmi modul EHS 2025\/2026\/2 &#8211; 2. f\u00e9l\u00e9v (2 f\u00e9l\u00e9ves) K\u00f6rnyezetv\u00e9delmi modul EHS 2025\/2026\/2 &#8211; 2. f\u00e9l\u00e9v (2 [&hellip;]<\/p>\n","protected":false},"author":1,"featured_media":0,"parent":0,"menu_order":0,"comment_status":"open","ping_status":"open","template":"","meta":{"footnotes":""},"class_list":["post-276","page","type-page","status-publish","hentry"],"featured_image_src":null,"_links":{"self":[{"href":"https:\/\/bgk.uni-obuda.hu\/fkk\/wp-json\/wp\/v2\/pages\/276","targetHints":{"allow":["GET"]}}],"collection":[{"href":"https:\/\/bgk.uni-obuda.hu\/fkk\/wp-json\/wp\/v2\/pages"}],"about":[{"href":"https:\/\/bgk.uni-obuda.hu\/fkk\/wp-json\/wp\/v2\/types\/page"}],"author":[{"embeddable":true,"href":"https:\/\/bgk.uni-obuda.hu\/fkk\/wp-json\/wp\/v2\/users\/1"}],"replies":[{"embeddable":true,"href":"https:\/\/bgk.uni-obuda.hu\/fkk\/wp-json\/wp\/v2\/comments?post=276"}],"version-history":[{"count":0,"href":"https:\/\/bgk.uni-obuda.hu\/fkk\/wp-json\/wp\/v2\/pages\/276\/revisions"}],"wp:attachment":[{"href":"https:\/\/bgk.uni-obuda.hu\/fkk\/wp-json\/wp\/v2\/media?parent=276"}],"curies":[{"name":"wp","href":"https:\/\/api.w.org\/{rel}","templated":true}]}}