{"id":282,"date":"2026-05-05T14:25:51","date_gmt":"2026-05-05T12:25:51","guid":{"rendered":"https:\/\/bgk.uni-obuda.hu\/fkk\/?page_id=282"},"modified":"2026-05-05T14:26:22","modified_gmt":"2026-05-05T12:26:22","slug":"robbanasvedelem","status":"publish","type":"page","link":"https:\/\/bgk.uni-obuda.hu\/fkk\/robbanasvedelem\/","title":{"rendered":"Robban\u00e1sv\u00e9delmi szakm\u00e9rn\u00f6k \/ szakember"},"content":{"rendered":"\n<h3 class=\"wp-block-heading\">Tov\u00e1bbi inform\u00e1ci\u00f3k<\/h3>\n\n\n\n<p><strong>K\u00e9pz\u00e9svezet\u0151:<\/strong> Dr. Elek Barbara,&nbsp;<a href=\"mailto:elek.barbara@bgk.uni-obuda.hu\">elek.barbara@bgk.uni-obuda.hu<\/a><br><strong>K\u00e9pz\u00e9sszervez\u0151:<\/strong> Czig\u00e1ny Gabriella,&nbsp;<a href=\"mailto:czigany.gabriella@bgk.uni-obuda.hu\">czigany.gabriella@bgk.uni-obuda.hu<\/a>&nbsp;(+36 (30) 119 6669)<\/p>\n\n\n\n<hr class=\"wp-block-separator has-alpha-channel-opacity\"\/>\n\n\n<div style=\"background-color: #d9edf7; color: #31708f; border-left-color: #fcb900; \" class=\"ub-styled-box ub-notification-box wp-block-ub-styled-box\" id=\"ub-styled-box-590f960c-8a02-4f67-a3e8-f1c251bec0f9\">\n<h3 class=\"wp-block-heading\" id=\"ub-styled-box-notification-content-\">Jelentkez\u00e9s<\/h3>\n\n\n\n<p><strong>Az online jelentkez\u00e9si \u0171rlap hi\u00e1nytalan kit\u00f6lt\u00e9s\u00e9vel<\/strong>:<\/p>\n\n\n<div style=\"gap: 20px;\" class=\"align-button-center ub-buttons orientation-button-row ub-flex-wrap wp-block-ub-button\" id=\"ub-button-a18195ed-82e6-4067-8e5b-1ed828f6378c\"><div class=\"ub-button-container\">\n\t\t\t<a href=\"https:\/\/bgk.uni-obuda.hu\/fkk\/szakiranyu-tovabbkepzesek-urlap\/\" target=\"_self\" class=\"ub-button-block-main   ub-button-flex\" role=\"button\" style=\"--ub-button-background-color: #7bdcb5; --ub-button-color: #000000; --ub-button-border: none; --ub-button-hover-background-color: #1d294d; --ub-button-hover-color: #ffffff; --ub-button-hover-border: none; padding-top: 10px; padding-right: 10px; padding-bottom: 10px; padding-left: 10px; border-top-left-radius: 10px;; border-top-right-radius: 10px;; border-bottom-left-radius: 10px;; border-bottom-right-radius: 10px;; \">\n\t\t\t\t<div class=\"ub-button-content-holder\" style=\"flex-direction: row\">\n\t\t\t\t\t<span class=\"ub-button-block-btn\">Jelentkez\u00e9si lap<\/span>\n\t\t\t\t<\/div>\n\t\t\t<\/a>\n\t\t<\/div><\/div>\n\n\n<p><em>K\u00e9rj\u00fck minden esetben pontosan jel\u00f6lje\u00a0meg a kiv\u00e1lasztott szakot, amelyre jelentkezni szeretne!<\/em><\/p>\n\n\n\n<p><strong>Jelentkez\u00e9si hat\u00e1rid\u0151:<\/strong>\u00a02026. augusztus 15.<\/p>\n\n\n\n<p><strong>K\u00e9pz\u00e9s kezdete:<\/strong>\u00a02026. szeptember<\/p>\n\n\n<\/div>\n\n\n<p><strong>A szakir\u00e1ny\u00fa tov\u00e1bbk\u00e9pz\u00e9sben szerezhet\u0151 szakk\u00e9pzetts\u00e9g oklev\u00e9lben szerepl\u0151 megnevez\u00e9se magyar nyelven:<\/strong><\/p>\n\n\n\n<ul class=\"wp-block-list\">\n<li>Robban\u00e1sv\u00e9delmi szakm\u00e9rn\u00f6k<\/li>\n\n\n\n<li>Robban\u00e1sv\u00e9delmi szakember<\/li>\n<\/ul>\n\n\n\n<p><strong>A szakir\u00e1ny\u00fa tov\u00e1bbk\u00e9pz\u00e9sben szerezhet\u0151 szakk\u00e9pzetts\u00e9g oklev\u00e9lben szerepl\u0151 megnevez\u00e9se angol nyelven:<\/strong><\/p>\n\n\n\n<ul class=\"wp-block-list\">\n<li>Ex\/Hazloc Engineer<\/li>\n\n\n\n<li>Ex\/Hazloc Specialist<\/li>\n<\/ul>\n\n\n\n<h3 class=\"wp-block-heading\">A felv\u00e9tel felt\u00e9tele<\/h3>\n\n\n\n<p><strong>Szakm\u00e9rn\u00f6k k\u00e9pz\u00e9s:&nbsp;<\/strong>m\u00e9rn\u00f6ki (BSc, MSc, vagy kor\u00e1bbi f\u0151iskolai vagy egyetemi) diploma<br><strong>Szakember k\u00e9pz\u00e9s:&nbsp;<\/strong>b\u00e1rmely fels\u0151oktat\u00e1si szakon szerzett BSc, vagy MSc, (kor\u00e1bbi egyetemi<br>vagy f\u0151iskolai) oklev\u00e9l<\/p>\n\n\n\n<h3 class=\"wp-block-heading\">K\u00e9pz\u00e9si adatok<\/h3>\n\n\n\n<p><strong>K\u00e9pz\u00e9si id\u0151:<\/strong>&nbsp;2 f\u00e9l\u00e9v (\u00f6sszesen 160 \u00f3ra)<\/p>\n\n\n\n<p><strong>K\u00f6lts\u00e9gek:<\/strong>&nbsp;\u00f6nk\u00f6lts\u00e9ges, az \u00f6nk\u00f6lts\u00e9gi d\u00edj 320 000 Ft\/f\u00e9l\u00e9v<\/p>\n\n\n\n<p><strong>Munkarend:&nbsp;<\/strong>levelez\u0151<\/p>\n\n\n\n<h3 class=\"wp-block-heading\">Mintatanterv<\/h3>\n\n\n\n<p><img loading=\"lazy\" decoding=\"async\" width=\"16\" height=\"16\" src=\"https:\/\/bgk.uni-obuda.hu\/wp-content\/uploads\/2023\/02\/x-office-document.png\" alt=\"\">&nbsp;<a href=\"https:\/\/bgk.uni-obuda.hu\/tantervek\/\"><strong>Mintatanterv&nbsp;<\/strong>el\u00e9rhet\u0151 a Tanulm\u00e1nyi Iroda aloldal\u00e1n<\/a><\/p>\n\n\n\n<h3 class=\"wp-block-heading\">A k\u00e9pz\u00e9s c\u00e9lja<\/h3>\n\n\n\n<p>A robban\u00e1sv\u00e9delem az elm\u00falt \u00e9vekben \u00f6n\u00e1ll\u00f3 szakter\u00fclett\u00e9 fejl\u0151d\u00f6tt, amelyhez kapcsol\u00f3d\u00f3an az iparban egyre jelent\u0151sebb, szakter\u00fclet-specifikus ig\u00e9ny mutatkozik olyan szakemberek alkalmaz\u00e1s\u00e1ra, akik ezen a ter\u00fcleten speci\u00e1lis, elm\u00e9ly\u00fclt szaktud\u00e1ssal rendelkeznek. Tekintettel arra, hogy a robban\u00e1sv\u00e9delem t\u00f6bb m\u0171szaki szakter\u00fclethez szorosan kapcsol\u00f3d\u00f3, multidiszciplin\u00e1ris ter\u00fclet, alkalmaz\u00e1si k\u00f6re er\u0151sen kapcsol\u00f3dik a m\u0171szaki l\u00e9tes\u00edt\u00e9si, tervez\u00e9si \u00e9s \u00fczemeltet\u00e9si feladatokhoz, ez\u00e9rt c\u00e9lszer\u0171 ezen ismereteket megl\u00e9v\u0151 m\u0171szaki alapdiplom\u00e1ra \u00e9p\u00fcl\u0151 posztgradu\u00e1lis k\u00e9pz\u00e9s keret\u00e9ben elsaj\u00e1t\u00edtani.<\/p>\n\n\n\n<p>A k\u00e9pz\u00e9s c\u00e9lja, hogy a robban\u00e1s elleni v\u00e9delem szakter\u00fclet\u00e9n, valamint a kapcsol\u00f3d\u00f3 t\u0171zv\u00e9delmi \u00e9s munkav\u00e9delmi ter\u00fcleteken magas szint\u0171 elm\u00e9leti \u00e9s gyakorlati tud\u00e1ssal rendelkez\u0151 szakm\u00e9rn\u00f6k\u00f6ket, illetve szakembereket k\u00e9pezzen. A k\u00e9pz\u00e9s sor\u00e1n megszerzett ismeretek birtok\u00e1ban a v\u00e9gzett szakemberek k\u00e9pess\u00e9 v\u00e1lnak a szakter\u00fclethez kapcsol\u00f3d\u00f3, differenci\u00e1lt tervez\u00e9si, \u00fczemeltet\u00e9si, karbantart\u00e1si, jav\u00edt\u00e1si \u00e9s fel\u00fclvizsg\u00e1lati tev\u00e9kenys\u00e9gek elm\u00e9leti megalapoz\u00e1s\u00e1ra \u00e9s gyakorlati megval\u00f3s\u00edt\u00e1s\u00e1ra.<\/p>\n\n\n\n<p>A k\u00e9pz\u00e9s egym\u00e1sra \u00e9p\u00fcl\u0151, korszer\u0171 szakmai ismereteket \u00e9s piack\u00e9pes tud\u00e1st biztos\u00edt azon szakemberek sz\u00e1m\u00e1ra, akik robban\u00e1sv\u00e9delem ter\u00fclet\u00e9hez kapcsol\u00f3d\u00f3 munkak\u00f6r\u00f6kben dolgoznak, illetve ilyen ter\u00fcleten k\u00edv\u00e1nnak elhelyezkedni.<\/p>\n\n\n\n<h3 class=\"wp-block-heading\">Egy\u00e9b inform\u00e1ci\u00f3k<\/h3>\n\n\n\n<p>A k\u00e9pz\u00e9ssel kapcsolatban tov\u00e1bbi inform\u00e1ci\u00f3kat a megadott kapcsolattart\u00f3i el\u00e9rhet\u0151s\u00e9geken lehet k\u00e9rni. A levelez\u0151 munkarend\u0171 k\u00e9pz\u00e9sben a hallgat\u00f3k tan\u00f3r\u00e1ira t\u00f6mb\u00f6s\u00edtve, tervezetten p\u00e9nteki \u00e9s szombati napokon ker\u00fcl sor.<\/p>\n\n\n\n<h3 class=\"wp-block-heading\">A z\u00e1r\u00f3vizsg\u00e1ra bocs\u00e1t\u00e1s felt\u00e9telei<\/h3>\n\n\n\n<p>A z\u00e1r\u00f3vizsg\u00e1ra bocs\u00e1t\u00e1s felt\u00e9tele a v\u00e9gbizony\u00edtv\u00e1ny (abszolut\u00f3rium) megszerz\u00e9se.<br>V\u00e9gbizony\u00edtv\u00e1nyt a fels\u0151oktat\u00e1si int\u00e9zm\u00e9ny annak a hallgat\u00f3nak \u00e1ll\u00edt ki, aki a tantervben<br>el\u0151\u00edrt tanulm\u00e1nyi \u00e9s vizsgak\u00f6vetelm\u00e9nyeket teljes\u00edtette, az el\u0151\u00edrt krediteket megszerezte \u00e9s<br>szakdolgozat\u00e1t beadta.<\/p>\n","protected":false},"excerpt":{"rendered":"<p>Tov\u00e1bbi inform\u00e1ci\u00f3k K\u00e9pz\u00e9svezet\u0151: Dr. Elek Barbara,&nbsp;elek.barbara@bgk.uni-obuda.huK\u00e9pz\u00e9sszervez\u0151: Czig\u00e1ny Gabriella,&nbsp;czigany.gabriella@bgk.uni-obuda.hu&nbsp;(+36 (30) 119 6669) A szakir\u00e1ny\u00fa tov\u00e1bbk\u00e9pz\u00e9sben szerezhet\u0151 szakk\u00e9pzetts\u00e9g oklev\u00e9lben szerepl\u0151 megnevez\u00e9se magyar nyelven: A szakir\u00e1ny\u00fa tov\u00e1bbk\u00e9pz\u00e9sben szerezhet\u0151 szakk\u00e9pzetts\u00e9g oklev\u00e9lben szerepl\u0151 megnevez\u00e9se angol nyelven: A felv\u00e9tel felt\u00e9tele Szakm\u00e9rn\u00f6k k\u00e9pz\u00e9s:&nbsp;m\u00e9rn\u00f6ki (BSc, MSc, vagy kor\u00e1bbi f\u0151iskolai vagy egyetemi) diplomaSzakember k\u00e9pz\u00e9s:&nbsp;b\u00e1rmely fels\u0151oktat\u00e1si szakon szerzett BSc, vagy MSc, (kor\u00e1bbi egyetemivagy f\u0151iskolai) oklev\u00e9l [&hellip;]<\/p>\n","protected":false},"author":1,"featured_media":0,"parent":0,"menu_order":0,"comment_status":"closed","ping_status":"closed","template":"","meta":{"footnotes":""},"class_list":["post-282","page","type-page","status-publish","hentry"],"featured_image_src":null,"_links":{"self":[{"href":"https:\/\/bgk.uni-obuda.hu\/fkk\/wp-json\/wp\/v2\/pages\/282","targetHints":{"allow":["GET"]}}],"collection":[{"href":"https:\/\/bgk.uni-obuda.hu\/fkk\/wp-json\/wp\/v2\/pages"}],"about":[{"href":"https:\/\/bgk.uni-obuda.hu\/fkk\/wp-json\/wp\/v2\/types\/page"}],"author":[{"embeddable":true,"href":"https:\/\/bgk.uni-obuda.hu\/fkk\/wp-json\/wp\/v2\/users\/1"}],"replies":[{"embeddable":true,"href":"https:\/\/bgk.uni-obuda.hu\/fkk\/wp-json\/wp\/v2\/comments?post=282"}],"version-history":[{"count":2,"href":"https:\/\/bgk.uni-obuda.hu\/fkk\/wp-json\/wp\/v2\/pages\/282\/revisions"}],"predecessor-version":[{"id":344,"href":"https:\/\/bgk.uni-obuda.hu\/fkk\/wp-json\/wp\/v2\/pages\/282\/revisions\/344"}],"wp:attachment":[{"href":"https:\/\/bgk.uni-obuda.hu\/fkk\/wp-json\/wp\/v2\/media?parent=282"}],"curies":[{"name":"wp","href":"https:\/\/api.w.org\/{rel}","templated":true}]}}