{"id":33,"date":"2026-03-17T09:59:16","date_gmt":"2026-03-17T09:59:16","guid":{"rendered":"https:\/\/bgk.uni-obuda.hu\/fkk\/?page_id=33"},"modified":"2026-05-05T14:19:11","modified_gmt":"2026-05-05T12:19:11","slug":"letesitmenyszak","status":"publish","type":"page","link":"https:\/\/bgk.uni-obuda.hu\/fkk\/letesitmenyszak\/","title":{"rendered":"L\u00e9tes\u00edtm\u00e9nygazd\u00e1lkod\u00f3 \u00e9s -\u00fczemeltet\u0151 szakm\u00e9rn\u00f6k \/ szakmenedzser"},"content":{"rendered":"\n<h3 class=\"wp-block-heading\">Tov\u00e1bbi inform\u00e1ci\u00f3k<\/h3>\n\n\n\n<p><strong>K\u00e9pz\u00e9svezet\u0151:<\/strong> Dr. habil. Koll\u00e1r Csaba PhD., tudom\u00e1nyos f\u0151munkat\u00e1rs, <a href=\"mailto:kollar.csaba@uni-obuda.hu\">kollar.csaba@uni-obuda.hu<\/a><br><strong>K\u00e9pz\u00e9sszervez\u0151: <\/strong>Varga Eszter, <a href=\"mailto:varga.eszter@bgk.uni-obuda.hu\">varga.eszter@bgk.uni-obuda.hu<\/a> (+36 30 119 6661)<\/p>\n\n\n\n<p>A k\u00e9pz\u00e9s saj\u00e1t weboldala: <strong><a href=\"https:\/\/letesitmenyszak.hu\/\">https:\/\/letesitmenyszak.hu\/<\/a><\/strong><\/p>\n\n\n\n<hr class=\"wp-block-separator has-alpha-channel-opacity\"\/>\n\n\n<div style=\"background-color: #d9edf7; color: #31708f; border-left-color: #fcb900; \" class=\"ub-styled-box ub-notification-box wp-block-ub-styled-box\" id=\"ub-styled-box-2bb16083-1a60-4133-864c-d4b0971fde41\">\n<h3 class=\"wp-block-heading\" id=\"ub-styled-box-notification-content-\">Jelentkez\u00e9s<\/h3>\n\n\n\n<p><strong>Az online jelentkez\u00e9si \u0171rlap hi\u00e1nytalan kit\u00f6lt\u00e9s\u00e9vel<\/strong>:<\/p>\n\n\n<div style=\"gap: 20px;\" class=\"align-button-center ub-buttons orientation-button-row ub-flex-wrap wp-block-ub-button\" id=\"ub-button-47de18c4-c05e-4a23-9c4f-61ae2e3a2d78\"><div class=\"ub-button-container\">\n\t\t\t<a href=\"https:\/\/bgk.uni-obuda.hu\/fkk\/szakiranyu-tovabbkepzesek-urlap\/\" target=\"_self\" class=\"ub-button-block-main   ub-button-flex\" role=\"button\" style=\"--ub-button-background-color: #7bdcb5; --ub-button-color: #000000; --ub-button-border: none; --ub-button-hover-background-color: #1d294d; --ub-button-hover-color: #ffffff; --ub-button-hover-border: none; padding-top: 10px; padding-right: 10px; padding-bottom: 10px; padding-left: 10px; border-top-left-radius: 10px;; border-top-right-radius: 10px;; border-bottom-left-radius: 10px;; border-bottom-right-radius: 10px;; \">\n\t\t\t\t<div class=\"ub-button-content-holder\" style=\"flex-direction: row\">\n\t\t\t\t\t<span class=\"ub-button-block-btn\">Jelentkez\u00e9si lap<\/span>\n\t\t\t\t<\/div>\n\t\t\t<\/a>\n\t\t<\/div><\/div>\n\n\n<p><em>K\u00e9rj\u00fck minden esetben pontosan jel\u00f6lje\u00a0meg a kiv\u00e1lasztott szakot, amelyre jelentkezni szeretne!<\/em><\/p>\n\n\n\n<p><strong>Jelentkez\u00e9si hat\u00e1rid\u0151:<\/strong>\u00a02026. augusztus 15.<\/p>\n\n\n\n<p><strong>K\u00e9pz\u00e9s kezdete<\/strong>: 2026. szeptember<\/p>\n\n\n<\/div>\n\n\n<hr class=\"wp-block-separator has-alpha-channel-opacity\"\/>\n\n\n\n<p><strong>A szakir\u00e1ny\u00fa tov\u00e1bbk\u00e9pz\u00e9sben szerezhet\u0151 szakk\u00e9pzetts\u00e9g oklev\u00e9lben szerepl\u0151 megnevez\u00e9se magyar nyelven: <\/strong><\/p>\n\n\n\n<ul class=\"wp-block-list\">\n<li>l\u00e9tes\u00edtm\u00e9nygazd\u00e1lkod\u00f3 \u00e9s -\u00fczemeltet\u0151 szakm\u00e9rn\u00f6k<\/li>\n\n\n\n<li>l\u00e9tes\u00edtm\u00e9nygazd\u00e1lkod\u00f3 \u00e9s -\u00fczemeltet\u0151 szakmenedzser<\/li>\n<\/ul>\n\n\n\n<p><strong>A szakir\u00e1ny\u00fa tov\u00e1bbk\u00e9pz\u00e9sben szerezhet\u0151 szakk\u00e9pzetts\u00e9g oklev\u00e9lben szerepl\u0151 megnevez\u00e9se angol nyelven: <\/strong><\/p>\n\n\n\n<ul class=\"wp-block-list\">\n<li>Facility and Property Professional Engineer<\/li>\n\n\n\n<li>Facility and Property Professional Manager<\/li>\n<\/ul>\n\n\n\n<h3 class=\"wp-block-heading\">A felv\u00e9tel felt\u00e9tele<\/h3>\n\n\n\n<p><strong>Szakm\u00e9rn\u00f6k eset\u00e9n:<\/strong><\/p>\n\n\n\n<p>A szakir\u00e1ny\u00fa tov\u00e1bbk\u00e9pz\u00e9sre az a jelentkez\u0151 vehet\u0151 fel, aki legal\u00e1bb alapk\u00e9pz\u00e9sben (vagy a kor\u00e1bbi k\u00e9pz\u00e9si rendszerben legal\u00e1bb f\u0151iskolai szint\u0171 k\u00e9pz\u00e9sen) szerzett szakir\u00e1ny\u00fa (biztons\u00e1gtechnikai m\u00e9rn\u00f6k, mechatronikai m\u00e9rn\u00f6k, g\u00e9p\u00e9szm\u00e9rn\u00f6k, villamosm\u00e9rn\u00f6k, informatikus m\u00e9rn\u00f6k, kommunik\u00e1ci\u00f3technikai m\u00e9rn\u00f6k) m\u00e9rn\u00f6ki oklev\u00e9llel \u00e9s szakk\u00e9pzetts\u00e9ggel rendelkezik.<\/p>\n\n\n\n<p><strong>Szakmenedzser eset\u00e9n:<\/strong><\/p>\n\n\n\n<p>B\u00e1rmely fels\u0151oktat\u00e1si szakon szerzett BSc, vagy MSc (kor\u00e1bbi egyetemi, vagy f\u0151iskolai) oklev\u00e9l<\/p>\n\n\n\n<h3 class=\"wp-block-heading\">K\u00e9pz\u00e9si adatok<\/h3>\n\n\n\n<p><strong>A k\u00e9pz\u00e9si id\u0151 f\u00e9l\u00e9vekben meghat\u00e1rozva:<\/strong>&nbsp;2 f\u00e9l\u00e9v<\/p>\n\n\n\n<p><strong>A szakk\u00e9pzetts\u00e9g megszerz\u00e9s\u00e9hez \u00f6sszegy\u0171jtend\u0151 kreditek sz\u00e1ma: <\/strong>240 kredit<\/p>\n\n\n\n<p><strong>Finansz\u00edroz\u00e1si forma:<\/strong>&nbsp;\u00f6nk\u00f6lts\u00e9ges, az \u00f6nk\u00f6lts\u00e9gi d\u00edj&nbsp; 320.000 (Ft\/f\u00e9l\u00e9v)<\/p>\n\n\n\n<p><strong>Munkarend:&nbsp;<\/strong>levelez\u0151<\/p>\n\n\n\n<h3 class=\"wp-block-heading\">Mintatanterv<\/h3>\n\n\n\n<p><img loading=\"lazy\" decoding=\"async\" width=\"16\" height=\"16\" src=\"https:\/\/bgk.uni-obuda.hu\/wp-content\/uploads\/2023\/02\/x-office-document.png\" alt=\"\">&nbsp;<a href=\"https:\/\/bgk.uni-obuda.hu\/tantervek\/\"><strong>Mintatanterv&nbsp;<\/strong>el\u00e9rhet\u0151 a Tanulm\u00e1nyi Iroda aloldal\u00e1n<\/a><\/p>\n\n\n\n<h3 class=\"wp-block-heading\">A k\u00e9pz\u00e9s c\u00e9lja<\/h3>\n\n\n\n<p>A l\u00e9tes\u00edtm\u00e9nygazd\u00e1lkod\u00f3 \u00e9s -\u00fczemeltet\u0151 szakm\u00e9rn\u00f6k szakir\u00e1ny\u00fa tov\u00e1bbk\u00e9pz\u00e9s c\u00e9lja,hogy r\u00e9szletes, korszer\u0171 \u00e9s gyakorlatk\u00f6zpont\u00fa tud\u00e1st adjon a hallgat\u00f3knak a l\u00e9tes\u00edtm\u00e9nygazd\u00e1lkod\u00e1s \u00e9s -\u00fczemeltet\u00e9s komplex vil\u00e1g\u00e1ban. A k\u00e9pz\u00e9s sor\u00e1n a di\u00e1kok elsaj\u00e1t\u00edtj\u00e1k a domotika, a biztons\u00e1gtechnika, az \u00e9p\u00edt\u00e9szeti \u00e9s m\u0171szaki alapismeretek, az \u00e9p\u00fcletg\u00e9p\u00e9szet \u00e9s -villamoss\u00e1g, valamint az ingatlanjog ter\u00fcleteit. A program k\u00fcl\u00f6n hangs\u00falyt fektet a vezet\u00e9si, kommunik\u00e1ci\u00f3s \u00e9s kock\u00e1zatmenedzsment k\u00e9pess\u00e9gek fejleszt\u00e9s\u00e9re, tov\u00e1bb\u00e1 bepillant\u00e1st ny\u00fajt a t\u0171z-, munka- \u00e9s balesetv\u00e9delem, valamint az agilis projektmenedzsment m\u00f3dszertanokba. A tanterv a projektorient\u00e1lt tanul\u00e1sra \u00e9s a val\u00f3s \u00e9letbeli szitu\u00e1ci\u00f3k elemz\u00e9s\u00e9re \u00e9p\u00fcl, \u00edgy a hallgat\u00f3k k\u00e9pesek lesznek szakm\u00e9rn\u00f6kk\u00e9nt hozz\u00e1j\u00e1rulni a l\u00e9tes\u00edtm\u00e9nyek hat\u00e9kony \u00e9s fenntarthat\u00f3 m\u0171k\u00f6dtet\u00e9s\u00e9hez.<\/p>\n\n\n\n<h3 class=\"wp-block-heading\">A k\u00e9pz\u00e9s f\u0151bb ter\u00fcletei<\/h3>\n\n\n\n<p>bevezet\u00e9s a domotik\u00e1ba, bevezet\u00e9s a l\u00e9tes\u00edtm\u00e9ny\u00fczemeltet\u00e9sbe, l\u00e9tes\u00edtm\u00e9nygazd\u00e1lkod\u00e1s, biztons\u00e1gtechnikai ismeretek, \u00e9p\u00edt\u00e9szeti \u00e9s m\u0171szaki alapismeretek, \u00e9p\u00fcletg\u00e9p\u00e9szeti ismeretek, \u00e9p\u00fcletvillamoss\u00e1gi \u00e9s elektronikai ismeretek, \u00e9p\u00fcletinformatikai ismeretek, \u00e9p\u00fcletenergetika, \u00e9p\u00fcletdiagnosztika, l\u00e9tes\u00edtm\u00e9ny\u00fczemeltet\u00e9s, vezet\u00e9si-szervez\u00e9si \u00e9s kommunik\u00e1ci\u00f3s ismeretek, t\u0171z-, munka- \u00e9s balesetv\u00e9delem, agilis projektmenedzsment, kock\u00e1zatmenedzsment, ingatlanjogi ismeretek, projektfeladat.<\/p>\n\n\n\n<h3 class=\"wp-block-heading\">A kor\u00e1bban szerzett ismeretek, gyakorlatok besz\u00e1m\u00edt\u00e1si rendje<\/h3>\n\n\n\n<p>A kor\u00e1bbi fels\u0151fok\u00fa tanulm\u00e1nyok sor\u00e1n ekvivalens t\u00e1rgyakb\u00f3l szerzett ismeretek kredit\u00e9rt\u00e9ke, besz\u00e1m\u00edt\u00e1s\u00e1ra az \u00d3budai Egyetem Tanulm\u00e1nyi \u00e9s vizsgaszab\u00e1lyzata alapj\u00e1n, a kredit\u00e1tviteli elj\u00e1r\u00e1s keret\u00e9ben van lehet\u0151s\u00e9g.<\/p>\n\n\n\n<h3 class=\"wp-block-heading\">A z\u00e1r\u00f3vizsg\u00e1ra bocs\u00e1t\u00e1s felt\u00e9telei<\/h3>\n\n\n\n<p>A z\u00e1r\u00f3vizsg\u00e1ra bocs\u00e1t\u00e1s felt\u00e9tele a v\u00e9gbizony\u00edtv\u00e1ny (abszolut\u00f3rium) megszerz\u00e9se. V\u00e9gbizony\u00edtv\u00e1nyt a fels\u0151oktat\u00e1si int\u00e9zm\u00e9ny annak a hallgat\u00f3nak \u00e1ll\u00edt ki, aki a tantervben el\u0151\u00edrt tanulm\u00e1nyi \u00e9s vizsgak\u00f6vetelm\u00e9nyeket \u2013 \u00e9s szakdolgozat\u00e1t b\u00edr\u00e1latra leadta \u2013 teljes\u00edtette, \u00e9s az el\u0151\u00edrt krediteket megszerezte.<\/p>\n\n\n\n<p><strong>A z\u00e1r\u00f3vizsga r\u00e9szei<\/strong><\/p>\n\n\n\n<p>A z\u00e1r\u00f3vizsga a szakdolgozat v\u00e9d\u00e9s\u00e9b\u0151l, valamint a tantervben el\u0151\u00edrt t\u00e1rgyakb\u00f3l (bevezet\u00e9s a l\u00e9tes\u00edtm\u00e9ny\u00fczemeltet\u00e9sbe, l\u00e9tes\u00edtm\u00e9nygazd\u00e1lkod\u00e1s, l\u00e9tes\u00edtm\u00e9ny\u00fczemeltet\u00e9s) tett vizsg\u00e1kb\u00f3l \u00e1ll. A z\u00e1r\u00f3vizsg\u00e1t a hallgat\u00f3nak egy napon, folyamatosan kell letenni. A szakdolgozatot a hallgat\u00f3nak 15 percben kell ismertetnie a vizsgabizotts\u00e1g el\u0151tt, illetve v\u00e1laszolnia kell a szakdolgozat b\u00edr\u00e1l\u00f3ja, valamint a vizsgabizotts\u00e1g \u00e1ltal feltett k\u00e9rd\u00e9sekre.<\/p>\n","protected":false},"excerpt":{"rendered":"<p>Tov\u00e1bbi inform\u00e1ci\u00f3k K\u00e9pz\u00e9svezet\u0151: Dr. habil. Koll\u00e1r Csaba PhD., tudom\u00e1nyos f\u0151munkat\u00e1rs, kollar.csaba@uni-obuda.huK\u00e9pz\u00e9sszervez\u0151: Varga Eszter, varga.eszter@bgk.uni-obuda.hu (+36 30 119 6661) A k\u00e9pz\u00e9s saj\u00e1t weboldala: https:\/\/letesitmenyszak.hu\/ A szakir\u00e1ny\u00fa tov\u00e1bbk\u00e9pz\u00e9sben szerezhet\u0151 szakk\u00e9pzetts\u00e9g oklev\u00e9lben szerepl\u0151 megnevez\u00e9se magyar nyelven: A szakir\u00e1ny\u00fa tov\u00e1bbk\u00e9pz\u00e9sben szerezhet\u0151 szakk\u00e9pzetts\u00e9g oklev\u00e9lben szerepl\u0151 megnevez\u00e9se angol nyelven: A felv\u00e9tel felt\u00e9tele Szakm\u00e9rn\u00f6k eset\u00e9n: A szakir\u00e1ny\u00fa tov\u00e1bbk\u00e9pz\u00e9sre az a jelentkez\u0151 vehet\u0151 [&hellip;]<\/p>\n","protected":false},"author":1,"featured_media":0,"parent":0,"menu_order":0,"comment_status":"closed","ping_status":"closed","template":"","meta":{"footnotes":""},"class_list":["post-33","page","type-page","status-publish","hentry"],"featured_image_src":null,"_links":{"self":[{"href":"https:\/\/bgk.uni-obuda.hu\/fkk\/wp-json\/wp\/v2\/pages\/33","targetHints":{"allow":["GET"]}}],"collection":[{"href":"https:\/\/bgk.uni-obuda.hu\/fkk\/wp-json\/wp\/v2\/pages"}],"about":[{"href":"https:\/\/bgk.uni-obuda.hu\/fkk\/wp-json\/wp\/v2\/types\/page"}],"author":[{"embeddable":true,"href":"https:\/\/bgk.uni-obuda.hu\/fkk\/wp-json\/wp\/v2\/users\/1"}],"replies":[{"embeddable":true,"href":"https:\/\/bgk.uni-obuda.hu\/fkk\/wp-json\/wp\/v2\/comments?post=33"}],"version-history":[{"count":3,"href":"https:\/\/bgk.uni-obuda.hu\/fkk\/wp-json\/wp\/v2\/pages\/33\/revisions"}],"predecessor-version":[{"id":336,"href":"https:\/\/bgk.uni-obuda.hu\/fkk\/wp-json\/wp\/v2\/pages\/33\/revisions\/336"}],"wp:attachment":[{"href":"https:\/\/bgk.uni-obuda.hu\/fkk\/wp-json\/wp\/v2\/media?parent=33"}],"curies":[{"name":"wp","href":"https:\/\/api.w.org\/{rel}","templated":true}]}}