{"id":35,"date":"2026-03-17T10:00:00","date_gmt":"2026-03-17T10:00:00","guid":{"rendered":"https:\/\/bgk.uni-obuda.hu\/fkk\/?page_id=35"},"modified":"2026-05-05T14:19:40","modified_gmt":"2026-05-05T12:19:40","slug":"metrologus","status":"publish","type":"page","link":"https:\/\/bgk.uni-obuda.hu\/fkk\/metrologus\/","title":{"rendered":"Metrol\u00f3gus szakm\u00e9rn\u00f6k\/szakember"},"content":{"rendered":"\n<h3 class=\"wp-block-heading\">Tov\u00e1bbi inform\u00e1ci\u00f3k<\/h3>\n\n\n\n<p><strong>K\u00e9pz\u00e9svezet\u0151: <\/strong>Dr. habil Dr\u00e9gelyi-Kiss \u00c1gota<em>,&nbsp;<\/em><a href=\"mailto:dregelyi.agota@bgk.uni-obuda.hu\">dregelyi.agota@bgk.uni-obuda.hu<\/a>&nbsp;(+36-70-611-5361)<br><strong>K\u00e9pz\u00e9sszervez\u0151:<\/strong> Zelei S\u00e1ndorn\u00e9, <a href=\"mailto:zelei.sandorne@bgk.uni-obuda.hu\">zelei.sandorne@bgk.uni-obuda.hu<\/a><\/p>\n\n\n\n<p>A k\u00e9pz\u00e9s saj\u00e1t weboldala: <a rel=\"noreferrer noopener\" href=\"http:\/\/metrologus.bgk.uni-obuda.hu\/\" target=\"_blank\">http:\/\/metrologus.bgk.uni-obuda.hu<\/a><\/p>\n\n\n\n<hr class=\"wp-block-separator has-alpha-channel-opacity\"\/>\n\n\n<div style=\"background-color: #d9edf7; color: #31708f; border-left-color: #fcb900; \" class=\"ub-styled-box ub-notification-box wp-block-ub-styled-box\" id=\"ub-styled-box-5825861f-de95-4410-b2ea-c746170239ed\">\n<h3 class=\"wp-block-heading\" id=\"ub-styled-box-notification-content-\">Jelentkez\u00e9s<\/h3>\n\n\n\n<p><strong>Az online jelentkez\u00e9si \u0171rlap hi\u00e1nytalan kit\u00f6lt\u00e9s\u00e9vel<\/strong>:<\/p>\n\n\n<div style=\"gap: 20px;\" class=\"align-button-center ub-buttons orientation-button-row ub-flex-wrap wp-block-ub-button\" id=\"ub-button-642bc2fa-f287-4d5b-914c-0be8b0691b62\"><div class=\"ub-button-container\">\n\t\t\t<a href=\"https:\/\/bgk.uni-obuda.hu\/fkk\/szakiranyu-tovabbkepzesek-urlap\/\" target=\"_self\" class=\"ub-button-block-main   ub-button-flex\" role=\"button\" style=\"--ub-button-background-color: #7bdcb5; --ub-button-color: #000000; --ub-button-border: none; --ub-button-hover-background-color: #1d294d; --ub-button-hover-color: #ffffff; --ub-button-hover-border: none; padding-top: 10px; padding-right: 10px; padding-bottom: 10px; padding-left: 10px; border-top-left-radius: 10px;; border-top-right-radius: 10px;; border-bottom-left-radius: 10px;; border-bottom-right-radius: 10px;; \">\n\t\t\t\t<div class=\"ub-button-content-holder\" style=\"flex-direction: row\">\n\t\t\t\t\t<span class=\"ub-button-block-btn\">Jelentkez\u00e9si lap<\/span>\n\t\t\t\t<\/div>\n\t\t\t<\/a>\n\t\t<\/div><\/div>\n\n\n<p><em>K\u00e9rj\u00fck minden esetben pontosan jel\u00f6lje\u00a0meg a kiv\u00e1lasztott szakot, amelyre jelentkezni szeretne!<\/em><\/p>\n\n\n\n<p><strong>Jelentkez\u00e9si hat\u00e1rid\u0151:<\/strong>\u00a02026. augusztus 15.<\/p>\n\n\n\n<p><strong>K\u00e9pz\u00e9s kezdete:<\/strong>\u00a02026. szeptember<\/p>\n\n\n<\/div>\n\n\n<hr class=\"wp-block-separator has-alpha-channel-opacity\"\/>\n\n\n\n<p><strong>A szakir\u00e1ny\u00fa tov\u00e1bbk\u00e9pz\u00e9sben szerezhet\u0151 szakk\u00e9pzetts\u00e9g oklev\u00e9lben szerepl\u0151 megnevez\u00e9se magyar nyelven:<\/strong><\/p>\n\n\n\n<ul class=\"wp-block-list\">\n<li>metrol\u00f3gus szakm\u00e9rn\u00f6k<\/li>\n\n\n\n<li>metrol\u00f3gus szakember<\/li>\n<\/ul>\n\n\n\n<h3 class=\"wp-block-heading\">A felv\u00e9tel felt\u00e9tele<\/h3>\n\n\n\n<p><strong>Metrol\u00f3gus szakember k\u00e9pz\u00e9sre jelentkez\u00e9s eset\u00e9n<\/strong>: \u2013 Legal\u00e1bb alapk\u00e9pz\u00e9sben (vagy a kor\u00e1bbi k\u00e9pz\u00e9si rendszerben legal\u00e1bb f\u0151iskolai szint\u0171 k\u00e9pz\u00e9sben) szerzett oklev\u00e9l, tov\u00e1bb\u00e1 \u2013 legal\u00e1bb egy\u00e9ves, laborat\u00f3riumban elt\u00f6lt\u00f6tt gyakorlat vagy laborat\u00f3riumi munkatapasztalat.<\/p>\n\n\n\n<p><strong>Metrol\u00f3gus szakm\u00e9rn\u00f6k k\u00e9pz\u00e9sre jelentkez\u00e9s eset\u00e9n<\/strong>: \u2013 M\u0171szaki k\u00e9pz\u00e9si ter\u00fcleten, legal\u00e1bb alapk\u00e9pz\u00e9sben (vagy a kor\u00e1bbi k\u00e9pz\u00e9si rendszerben legal\u00e1bb f\u0151iskolai szint\u0171 k\u00e9pz\u00e9sben) szerzett m\u00e9rn\u00f6ki oklev\u00e9l.<\/p>\n\n\n\n<h3 class=\"wp-block-heading\">K\u00e9pz\u00e9si adatok<\/h3>\n\n\n\n<p><strong>Munkarend:&nbsp;<\/strong>levelez\u0151 (240 \u00f3ra)<\/p>\n\n\n\n<p><strong>K\u00e9pz\u00e9s nyelve:&nbsp;<\/strong>magyar<\/p>\n\n\n\n<p><strong>K\u00e9pz\u00e9si id\u0151:<\/strong>&nbsp;2 f\u00e9l\u00e9v<\/p>\n\n\n\n<p><strong>K\u00e9pz\u00e9s helysz\u00edne:<\/strong> \u00d3budai Egyetem B\u00e1nki Don\u00e1t G\u00e9p\u00e9sz \u00e9s Biztons\u00e1gtechnikai M\u00e9rn\u00f6ki Kar, 1081 Budapest, N\u00e9psz\u00ednh\u00e1z u. 8.<\/p>\n\n\n\n<p><strong>Finansz\u00edroz\u00e1si forma:<\/strong>&nbsp;\u00f6nk\u00f6lts\u00e9ges, az \u00f6nk\u00f6lts\u00e9gi d\u00edj 390 000 Ft\/f\u00e9l\u00e9v<\/p>\n\n\n\n<h3 class=\"wp-block-heading\">Mintatanterv<\/h3>\n\n\n\n<p><img loading=\"lazy\" decoding=\"async\" width=\"16\" height=\"16\" src=\"https:\/\/bgk.uni-obuda.hu\/wp-content\/uploads\/2023\/02\/x-office-document.png\" alt=\"\">&nbsp;<a href=\"https:\/\/bgk.uni-obuda.hu\/tantervek\/\"><strong>Mintatanterv&nbsp;<\/strong>el\u00e9rhet\u0151 a Tanulm\u00e1nyi Iroda aloldal\u00e1n<\/a><\/p>\n\n\n\n<h3 class=\"wp-block-heading\">A k\u00e9pz\u00e9s c\u00e9lja<\/h3>\n\n\n\n<p>A vil\u00e1gpiaci versenyben, a fogyaszt\u00f3k \u00e9rdek\u00e9t is figyelembe v\u00e9ve a gazdas\u00e1g minden ter\u00fclet\u00e9n n\u00e9lk\u00fcl\u00f6zhetetlenek azok a szakemberek, akik ismerik \u00e9s a gyakorlatban alkalmazni is tudj\u00e1k a metrol\u00f3gi\u00e1val, m\u00e9r\u00e9stechnik\u00e1val \u00f6sszef\u00fcgg\u0151 korszer\u0171 ismereteket. A megb\u00edzhat\u00f3, egys\u00e9ges \u00e9s pontos m\u00e9r\u00e9sek n\u00f6velik a bizalmat a m\u00e9r\u00e9si eredm\u00e9nyek ir\u00e1nt, v\u00e9dik a vev\u0151k, fogyaszt\u00f3k \u00e9s minden \u00e9rdekelt f\u00e9l \u00e9rdekeit, a term\u00e9kek \u00e9s szolg\u00e1ltat\u00e1sok min\u0151s\u00e9g\u00e9nek biztos\u00edt\u00e1s\u00e1t el\u0151seg\u00edtik, a szervezetek sikereit n\u00f6velik a glob\u00e1lis piaci versenyben.&nbsp;&nbsp;<\/p>\n\n\n\n<p>A tov\u00e1bbk\u00e9pz\u00e9s c\u00e9lja ez\u00e9rt az, hogy magas szint\u0171, korszer\u0171 elm\u00e9leti \u00e9s gyakorlati ismereteket ny\u00fajtson azoknak, akik m\u00e1r a munk\u00e1juk sor\u00e1n szakmai tapasztalatot szereztek. A gyakorlatorient\u00e1lt k\u00e9pz\u00e9s sz\u00e9lesk\u00f6r\u0171 szakmai ismeretanyagot \u00e9s piack\u00e9pes tud\u00e1st biztos\u00edt mindazoknak, akik ezen a ter\u00fcleten dolgoznak.<\/p>\n\n\n\n<h3 class=\"wp-block-heading\">Kinek aj\u00e1nljuk?<\/h3>\n\n\n\n<p>metrol\u00f3gi\u00e1val foglalkoz\u00f3 szakemberek, akkredit\u00e1lt laborat\u00f3riumban dolgoz\u00f3, fels\u0151oktat\u00e1si v\u00e9gzetts\u00e9ggel rendelkez\u0151 m\u00e9rn\u00f6k\u00f6k, szakemberek, ipari k\u00f6rnyezetben m\u00e9r\u00e9stechnik\u00e1val foglalkoz\u00f3 laborat\u00f3riumi dolgoz\u00f3k sz\u00e1m\u00e1ra<\/p>\n\n\n\n<h3 class=\"wp-block-heading\">Egy\u00e9b inform\u00e1ci\u00f3k<\/h3>\n\n\n\n<p>A levelez\u0151 munkarend\u0171 k\u00e9pz\u00e9sben a hallgat\u00f3k tan\u00f3r\u00e1ira heti rendszeress\u00e9ggel, p\u00e9nteki napokon ker\u00fcl sor.<\/p>\n","protected":false},"excerpt":{"rendered":"<p>Tov\u00e1bbi inform\u00e1ci\u00f3k K\u00e9pz\u00e9svezet\u0151: Dr. habil Dr\u00e9gelyi-Kiss \u00c1gota,&nbsp;dregelyi.agota@bgk.uni-obuda.hu&nbsp;(+36-70-611-5361)K\u00e9pz\u00e9sszervez\u0151: Zelei S\u00e1ndorn\u00e9, zelei.sandorne@bgk.uni-obuda.hu A k\u00e9pz\u00e9s saj\u00e1t weboldala: http:\/\/metrologus.bgk.uni-obuda.hu A szakir\u00e1ny\u00fa tov\u00e1bbk\u00e9pz\u00e9sben szerezhet\u0151 szakk\u00e9pzetts\u00e9g oklev\u00e9lben szerepl\u0151 megnevez\u00e9se magyar nyelven: A felv\u00e9tel felt\u00e9tele Metrol\u00f3gus szakember k\u00e9pz\u00e9sre jelentkez\u00e9s eset\u00e9n: \u2013 Legal\u00e1bb alapk\u00e9pz\u00e9sben (vagy a kor\u00e1bbi k\u00e9pz\u00e9si rendszerben legal\u00e1bb f\u0151iskolai szint\u0171 k\u00e9pz\u00e9sben) szerzett oklev\u00e9l, tov\u00e1bb\u00e1 \u2013 legal\u00e1bb egy\u00e9ves, laborat\u00f3riumban elt\u00f6lt\u00f6tt gyakorlat vagy [&hellip;]<\/p>\n","protected":false},"author":1,"featured_media":0,"parent":0,"menu_order":0,"comment_status":"closed","ping_status":"closed","template":"","meta":{"footnotes":""},"class_list":["post-35","page","type-page","status-publish","hentry"],"featured_image_src":null,"_links":{"self":[{"href":"https:\/\/bgk.uni-obuda.hu\/fkk\/wp-json\/wp\/v2\/pages\/35","targetHints":{"allow":["GET"]}}],"collection":[{"href":"https:\/\/bgk.uni-obuda.hu\/fkk\/wp-json\/wp\/v2\/pages"}],"about":[{"href":"https:\/\/bgk.uni-obuda.hu\/fkk\/wp-json\/wp\/v2\/types\/page"}],"author":[{"embeddable":true,"href":"https:\/\/bgk.uni-obuda.hu\/fkk\/wp-json\/wp\/v2\/users\/1"}],"replies":[{"embeddable":true,"href":"https:\/\/bgk.uni-obuda.hu\/fkk\/wp-json\/wp\/v2\/comments?post=35"}],"version-history":[{"count":2,"href":"https:\/\/bgk.uni-obuda.hu\/fkk\/wp-json\/wp\/v2\/pages\/35\/revisions"}],"predecessor-version":[{"id":337,"href":"https:\/\/bgk.uni-obuda.hu\/fkk\/wp-json\/wp\/v2\/pages\/35\/revisions\/337"}],"wp:attachment":[{"href":"https:\/\/bgk.uni-obuda.hu\/fkk\/wp-json\/wp\/v2\/media?parent=35"}],"curies":[{"name":"wp","href":"https:\/\/api.w.org\/{rel}","templated":true}]}}