{"id":37,"date":"2026-03-17T10:00:53","date_gmt":"2026-03-17T10:00:53","guid":{"rendered":"https:\/\/bgk.uni-obuda.hu\/fkk\/?page_id=37"},"modified":"2026-05-05T14:20:36","modified_gmt":"2026-05-05T12:20:36","slug":"minosegoktatas","status":"publish","type":"page","link":"https:\/\/bgk.uni-obuda.hu\/fkk\/minosegoktatas\/","title":{"rendered":"Min\u0151s\u00e9gbiztos\u00edt\u00e1si szakm\u00e9rn\u00f6k\/szakember"},"content":{"rendered":"\n<h3 class=\"wp-block-heading\">Tov\u00e1bbi inform\u00e1ci\u00f3k<\/h3>\n\n\n\n<p>E-mail: <a href=\"mailto:info.minosegoktatas@bgk.uni-obuda.hu\">info.minosegoktatas@bgk.uni-obuda.hu<\/a>&nbsp;<br><br>T\u00f3th Georgina N\u00f3ra <a href=\"mailto:toth.georgina@bgk.uni-obuda.hu\">toth.georgina@bgk.uni-obuda.hu<\/a> (+36-30-375-0157)<\/p>\n\n\n\n<p>A k\u00e9pz\u00e9s saj\u00e1t weboldala:&nbsp;<a rel=\"noreferrer noopener\" href=\"https:\/\/minosegoktatas.bgk.uni-obuda.hu\/\" target=\"_blank\">https:\/\/minosegoktatas.bgk.uni-obuda.hu\/<\/a><\/p>\n\n\n\n<hr class=\"wp-block-separator has-alpha-channel-opacity\"\/>\n\n\n<div style=\"background-color: #d9edf7; color: #31708f; border-left-color: #fcb900; \" class=\"ub-styled-box ub-notification-box wp-block-ub-styled-box\" id=\"ub-styled-box-d903f705-d00c-446d-bfb8-98619308ebd1\">\n<h3 class=\"wp-block-heading\" id=\"ub-styled-box-notification-content-\">Jelentkez\u00e9s<\/h3>\n\n\n\n<p><strong>Az online jelentkez\u00e9si \u0171rlap hi\u00e1nytalan kit\u00f6lt\u00e9s\u00e9vel<\/strong>:<\/p>\n\n\n<div style=\"gap: 20px;\" class=\"align-button-center ub-buttons orientation-button-row ub-flex-wrap wp-block-ub-button\" id=\"ub-button-31184cd1-61f5-4ec4-9d9e-d7a8c1149f6e\"><div class=\"ub-button-container\">\n\t\t\t<a href=\"https:\/\/bgk.uni-obuda.hu\/fkk\/szakiranyu-tovabbkepzesek-urlap\/\" target=\"_self\" class=\"ub-button-block-main   ub-button-flex\" role=\"button\" style=\"--ub-button-background-color: #7bdcb5; --ub-button-color: #000000; --ub-button-border: none; --ub-button-hover-background-color: #1d294d; --ub-button-hover-color: #ffffff; --ub-button-hover-border: none; padding-top: 10px; padding-right: 10px; padding-bottom: 10px; padding-left: 10px; border-top-left-radius: 10px;; border-top-right-radius: 10px;; border-bottom-left-radius: 10px;; border-bottom-right-radius: 10px;; \">\n\t\t\t\t<div class=\"ub-button-content-holder\" style=\"flex-direction: row\">\n\t\t\t\t\t<span class=\"ub-button-block-btn\">Jelentkez\u00e9si lap<\/span>\n\t\t\t\t<\/div>\n\t\t\t<\/a>\n\t\t<\/div><\/div>\n\n\n<p><em>K\u00e9rj\u00fck minden esetben pontosan jel\u00f6lje\u00a0meg a kiv\u00e1lasztott szakot, amelyre jelentkezni szeretne!<\/em><\/p>\n\n\n\n<p><strong>Jelentkez\u00e9si hat\u00e1rid\u0151:\u00a0<\/strong>2027. janu\u00e1r 15.<\/p>\n\n\n\n<p><strong>K\u00e9pz\u00e9s kezdete:<\/strong>\u00a02027. febru\u00e1r<\/p>\n\n\n<\/div>\n\n\n<hr class=\"wp-block-separator has-alpha-channel-opacity\"\/>\n\n\n\n<p><strong>A szakir\u00e1ny\u00fa tov\u00e1bbk\u00e9pz\u00e9sben szerezhet\u0151 szakk\u00e9pzetts\u00e9g oklev\u00e9lben szerepl\u0151 megnevez\u00e9se magyar nyelven:<\/strong><\/p>\n\n\n\n<ul class=\"wp-block-list\">\n<li>min\u0151s\u00e9gbiztos\u00edt\u00e1si szakm\u00e9rn\u00f6k<\/li>\n\n\n\n<li>min\u0151s\u00e9gbiztos\u00edt\u00e1si szakember<\/li>\n<\/ul>\n\n\n\n<h3 class=\"wp-block-heading\">A felv\u00e9tel felt\u00e9tele<\/h3>\n\n\n\n<p><strong>Szakm\u00e9rn\u00f6k k\u00e9pz\u00e9s:&nbsp;<\/strong>m\u00e9rn\u00f6ki (BSc, MSc, vagy kor\u00e1bbi f\u0151iskolai vagy egyetemi) diploma<br><strong>Szakember k\u00e9pz\u00e9s:&nbsp;<\/strong>b\u00e1rmely fels\u0151oktat\u00e1si szakon szerzett BSc, vagy MSc, (kor\u00e1bbi egyetemi<br>vagy f\u0151iskolai) oklev\u00e9l<\/p>\n\n\n\n<h3 class=\"wp-block-heading\">K\u00e9pz\u00e9si adatok<\/h3>\n\n\n\n<p><strong>A k\u00e9pz\u00e9si id\u0151 f\u00e9l\u00e9vekben meghat\u00e1rozva:<\/strong>&nbsp;4 f\u00e9l\u00e9v<\/p>\n\n\n\n<p><strong>A szakk\u00e9pzetts\u00e9g megszerz\u00e9s\u00e9hez \u00f6sszegy\u0171jtend\u0151 kreditek sz\u00e1ma:<\/strong><strong>&nbsp;<\/strong>120 kredit<\/p>\n\n\n\n<p><strong>Finansz\u00edroz\u00e1si forma:<\/strong>&nbsp;\u00f6nk\u00f6lts\u00e9ges, az \u00f6nk\u00f6lts\u00e9gi d\u00edj 290 000 Ft\/f\u00e9l\u00e9v<\/p>\n\n\n\n<p><strong>Munkarend: <\/strong>levelez\u0151<\/p>\n\n\n\n<h3 class=\"wp-block-heading\">A k\u00e9pz\u00e9s c\u00e9lja<\/h3>\n\n\n\n<p>A k\u00e9pz\u00e9s c\u00e9lja &#8211; olyan felsofok\u00fa v\u00e9gzetts\u00e9ggel m\u00e1r rendelkez\u0151 &#8211;&nbsp;<strong>okleveles min\u0151s\u00e9gbiztos\u00edt\u00e1si szakm\u00e9rn\u00f6k<\/strong>\u00f6k, ill.&nbsp;<strong>min\u0151s\u00e9gbiztos\u00edt\u00e1si szakember<\/strong>ek k\u00e9pz\u00e9se, akik a posztgradu\u00e1lis k\u00e9pz\u00e9s elm\u00e9leti \u00e9s gyakorlati anyag\u00e1nak elsaj\u00e1t\u00edt\u00e1s\u00e1val tud\u00e1sukat k\u00e9pesek a v\u00e1llalati min\u0151s\u00e9g\u00fcgy minden ter\u00fclet\u00e9n haszn\u00e1lni, valamint a min\u0151s\u00e9g\u00fcgyi technik\u00e1k \u00e9s menedzsment m\u00f3dszerek ismeret\u00e9ben a v\u00e1llalati min\u0151s\u00e9gir\u00e1ny\u00edt\u00e1si rendszert \u00fczemeltetni \u00e9s vezetni.<\/p>\n\n\n\n<p>A k\u00e9pz\u00e9s elv\u00e9gz\u00e9se ut\u00e1n a min\u0151s\u00e9gbiztos\u00edt\u00e1si szakm\u00e9rn\u00f6k\u00f6k \u00e9s a min\u0151s\u00e9gbiztos\u00edt\u00e1si szakemberek alkalmass\u00e1 v\u00e1lnak a mai korszer\u0171 k\u00f6vetelm\u00e9nyeknek megfelel\u0151 min\u0151s\u00e9gir\u00e1ny\u00edt\u00e1si rendszerek ki\u00e9p\u00edt\u00e9s\u00e9re, m\u0171k\u00f6dtet\u00e9s\u00e9re, ir\u00e1ny\u00edt\u00e1s\u00e1ra \u00e9s fejleszt\u00e9s\u00e9re.<\/p>\n\n\n\n<p><strong>Magyarorsz\u00e1gon egyed\u00fcl\u00e1ll\u00f3an az \u00d3budai Egyetemen maradt 4 f\u00e9l\u00e9ves a Min\u0151s\u00e9gbiztos\u00edt\u00e1si szakm\u00e9rn\u00f6k k\u00e9pz\u00e9s, aminek sz\u00fcks\u00e9gess\u00e9g\u00e9t v\u00e9gzett hallgat\u00f3ink is meger\u0151s\u00edtik.<\/strong><br><br>2 f\u00e9l\u00e9ves k\u00e9pz\u00e9sbe nem jutna id\u0151 kiscsoportos FMEA, QFD, 5S, LEAN \u00e9s SPC laborgyakorlatokra, amik az iparban n\u00e9lk\u00fcl\u00f6zhetetlen tud\u00e1st k\u00e9pviselnek. Az\u00e9rt, hogy hallgat\u00f3ink a k\u00e9pz\u00e9s k\u00f6zben m\u00e1r bizony\u00edtani tudj\u00e1k tud\u00e1suk b\u0151v\u00fcl\u00e9s\u00e9t, folyamatosan az al\u00e1bbi tan\u00fas\u00edtv\u00e1nyokat adjuk ki vizsg\u00e1t k\u00f6vet\u0151en:<\/p>\n\n\n\n<ul class=\"wp-block-list\">\n<li>Bels\u0151 auditor (1. f\u00e9l\u00e9v v\u00e9ge)<\/li>\n\n\n\n<li>7 r\u00e9gi (elemi) eszk\u00f6z (1. f\u00e9l\u00e9v v\u00e9ge)<\/li>\n\n\n\n<li>7 \u00faj min\u0151s\u00e9g\u00fcgyi eszk\u00f6z (2. f\u00e9l\u00e9v v\u00e9ge)<\/li>\n\n\n\n<li>Aut\u00f3ipari min\u0151s\u00e9gtechnik\u00e1k \u2013 FMEA (2. f\u00e9l\u00e9v v\u00e9ge)<\/li>\n\n\n\n<li>Aut\u00f3ipari min\u0151s\u00e9gtechnik\u00e1k \u2013 QFD (2. f\u00e9l\u00e9v v\u00e9ge)<\/li>\n\n\n\n<li>Aut\u00f3ipari min\u0151s\u00e9gtechnik\u00e1k \u2013 DOE (2. f\u00e9l\u00e9v v\u00e9ge)<\/li>\n\n\n\n<li>IATF 16949:2016 szabv\u00e1ny\u00e9rtelmez\u00e9s (3. f\u00e9l\u00e9v v\u00e9ge)<\/li>\n\n\n\n<li>Aut\u00f3ipari min\u0151s\u00e9gtechnik\u00e1k \u2013 8D m\u00f3dszer (3. f\u00e9l\u00e9v v\u00e9ge)<\/li>\n\n\n\n<li>5S min\u0151s\u00e9gtechnika (3. f\u00e9l\u00e9v v\u00e9ge)<\/li>\n\n\n\n<li>M\u00e9r\u0151rendszerek vizsg\u00e1lata \u2013 MSA (3. f\u00e9l\u00e9v v\u00e9ge)<\/li>\n\n\n\n<li>Mintav\u00e9teles \u00e1tv\u00e9teli ellen\u0151rz\u00e9s (3. f\u00e9l\u00e9v v\u00e9ge)<\/li>\n\n\n\n<li>Aut\u00f3ipari min\u0151s\u00e9gtechnik\u00e1k \u2013 SPC (4. f\u00e9l\u00e9v v\u00e9ge)<\/li>\n\n\n\n<li>Lean eszk\u00f6z\u00f6k (4. f\u00e9l\u00e9v v\u00e9ge)<\/li>\n<\/ul>\n\n\n\n<h3 class=\"wp-block-heading\">Id\u0151beoszt\u00e1s<\/h3>\n\n\n\n<p>Mind a n\u00e9gy f\u00e9l\u00e9vben&nbsp;az oktat\u00e1s 14 h\u00e9ten kereszt\u00fcl, heti egy alkalommal (\u00e1ltal\u00e1ban&nbsp;p\u00e9nteken 9:00&nbsp;\u2013 16:30 -ig) t\u00f6rt\u00e9nik.<\/p>\n\n\n\n<p>N\u00e9h\u00e1ny alkalommal, szem\u00e9lyes r\u00e9szv\u00e9telt ig\u00e9nyl\u0151 feladatmegold\u00e1sok eset\u00e9n szem\u00e9lyes jelenl\u00e9t\u0171 oktat\u00e1s sz\u00fcks\u00e9ges. Minden m\u00e1s esetben online form\u00e1ban tessz\u00fck lehet\u0151v\u00e9 az ismeretek megszerz\u00e9s\u00e9t.<\/p>\n\n\n\n<h3 class=\"wp-block-heading\">K\u00f6vetelm\u00e9nyek<\/h3>\n\n\n\n<p>A vizsgak\u00f6vetelm\u00e9nyeket \u00e9s a sz\u00e1monk\u00e9r\u00e9s m\u00f3dj\u00e1t a Tanterv tartalmazza.<br>A k\u00e9pz\u00e9s szakdolgozat k\u00e9sz\u00edt\u00e9s\u00e9vel \u00e9s z\u00e1r\u00f3vizsg\u00e1val z\u00e1rul. A negyedik f\u00e9l\u00e9v eredm\u00e9nyes lez\u00e1r\u00e1sa ut\u00e1n a hallgat\u00f3k 3 t\u00e1rgyb\u00f3l z\u00e1r\u00f3vizsg\u00e1t tesznek \u00e9s szakdolgozatukat megv\u00e9dik.<\/p>\n","protected":false},"excerpt":{"rendered":"<p>Tov\u00e1bbi inform\u00e1ci\u00f3k E-mail: info.minosegoktatas@bgk.uni-obuda.hu&nbsp; T\u00f3th Georgina N\u00f3ra toth.georgina@bgk.uni-obuda.hu (+36-30-375-0157) A k\u00e9pz\u00e9s saj\u00e1t weboldala:&nbsp;https:\/\/minosegoktatas.bgk.uni-obuda.hu\/ A szakir\u00e1ny\u00fa tov\u00e1bbk\u00e9pz\u00e9sben szerezhet\u0151 szakk\u00e9pzetts\u00e9g oklev\u00e9lben szerepl\u0151 megnevez\u00e9se magyar nyelven: A felv\u00e9tel felt\u00e9tele Szakm\u00e9rn\u00f6k k\u00e9pz\u00e9s:&nbsp;m\u00e9rn\u00f6ki (BSc, MSc, vagy kor\u00e1bbi f\u0151iskolai vagy egyetemi) diplomaSzakember k\u00e9pz\u00e9s:&nbsp;b\u00e1rmely fels\u0151oktat\u00e1si szakon szerzett BSc, vagy MSc, (kor\u00e1bbi egyetemivagy f\u0151iskolai) oklev\u00e9l K\u00e9pz\u00e9si adatok A k\u00e9pz\u00e9si id\u0151 f\u00e9l\u00e9vekben meghat\u00e1rozva:&nbsp;4 f\u00e9l\u00e9v [&hellip;]<\/p>\n","protected":false},"author":1,"featured_media":0,"parent":0,"menu_order":0,"comment_status":"closed","ping_status":"closed","template":"","meta":{"footnotes":""},"class_list":["post-37","page","type-page","status-publish","hentry"],"featured_image_src":null,"_links":{"self":[{"href":"https:\/\/bgk.uni-obuda.hu\/fkk\/wp-json\/wp\/v2\/pages\/37","targetHints":{"allow":["GET"]}}],"collection":[{"href":"https:\/\/bgk.uni-obuda.hu\/fkk\/wp-json\/wp\/v2\/pages"}],"about":[{"href":"https:\/\/bgk.uni-obuda.hu\/fkk\/wp-json\/wp\/v2\/types\/page"}],"author":[{"embeddable":true,"href":"https:\/\/bgk.uni-obuda.hu\/fkk\/wp-json\/wp\/v2\/users\/1"}],"replies":[{"embeddable":true,"href":"https:\/\/bgk.uni-obuda.hu\/fkk\/wp-json\/wp\/v2\/comments?post=37"}],"version-history":[{"count":2,"href":"https:\/\/bgk.uni-obuda.hu\/fkk\/wp-json\/wp\/v2\/pages\/37\/revisions"}],"predecessor-version":[{"id":338,"href":"https:\/\/bgk.uni-obuda.hu\/fkk\/wp-json\/wp\/v2\/pages\/37\/revisions\/338"}],"wp:attachment":[{"href":"https:\/\/bgk.uni-obuda.hu\/fkk\/wp-json\/wp\/v2\/media?parent=37"}],"curies":[{"name":"wp","href":"https:\/\/api.w.org\/{rel}","templated":true}]}}