{"id":39,"date":"2026-03-17T10:02:16","date_gmt":"2026-03-17T10:02:16","guid":{"rendered":"https:\/\/bgk.uni-obuda.hu\/fkk\/?page_id=39"},"modified":"2026-05-05T14:21:00","modified_gmt":"2026-05-05T12:21:00","slug":"munkavedelmikepzes","status":"publish","type":"page","link":"https:\/\/bgk.uni-obuda.hu\/fkk\/munkavedelmikepzes\/","title":{"rendered":"Munkav\u00e9delmi szakm\u00e9rn\u00f6k\/szakember"},"content":{"rendered":"\n<h3 class=\"wp-block-heading\">Tov\u00e1bbi inform\u00e1ci\u00f3k<\/h3>\n\n\n\n<p><strong>K\u00e9pz\u00e9svezet\u0151:<\/strong> Dr. Szab\u00f3 Gyula&nbsp;<a href=\"mailto:szabo.gyula@bgk.uni-obuda.hu\">szabo.gyula@bgk.uni-obuda.hu<\/a>;&nbsp;<a href=\"mailto:munkavedelem@uni-obuda.hu\">munkavedelem@uni-obuda.hu<\/a><br><strong>K\u00e9pz\u00e9sszervez\u0151:<\/strong> L\u0151rincz Andrea,&nbsp;<a href=\"mailto:lorincz.andrea@bgk.uni-obuda.hu\">lorincz.andrea@bgk.uni-obuda.hu<\/a>&nbsp;(+36-30-146-4570)<\/p>\n\n\n\n<p>A k\u00e9pz\u00e9s saj\u00e1t weboldala: <a rel=\"noreferrer noopener\" href=\"https:\/\/munkavedelmitovabbkepzes.hu\/\" target=\"_blank\">https:\/\/munkavedelmitovabbkepzes.hu<\/a><\/p>\n\n\n\n<hr class=\"wp-block-separator has-alpha-channel-opacity\"\/>\n\n\n<div style=\"background-color: #d9edf7; color: #31708f; border-left-color: #fcb900; \" class=\"ub-styled-box ub-notification-box wp-block-ub-styled-box\" id=\"ub-styled-box-e0a963a5-02f4-4442-9f3d-8dd8155477a8\">\n<h3 class=\"wp-block-heading\" id=\"ub-styled-box-notification-content-\">Jelentkez\u00e9s<\/h3>\n\n\n\n<p><strong>Az online jelentkez\u00e9si \u0171rlap hi\u00e1nytalan kit\u00f6lt\u00e9s\u00e9vel<\/strong>:<\/p>\n\n\n<div style=\"gap: 20px;\" class=\"align-button-center ub-buttons orientation-button-row ub-flex-wrap wp-block-ub-button\" id=\"ub-button-57d06e06-9772-4686-9c5c-02ca83cac863\"><div class=\"ub-button-container\">\n\t\t\t<a href=\"https:\/\/bgk.uni-obuda.hu\/fkk\/szakiranyu-tovabbkepzesek-urlap\/\" target=\"_self\" class=\"ub-button-block-main   ub-button-flex\" role=\"button\" style=\"--ub-button-background-color: #7bdcb5; --ub-button-color: #000000; --ub-button-border: none; --ub-button-hover-background-color: #1d294d; --ub-button-hover-color: #ffffff; --ub-button-hover-border: none; padding-top: 10px; padding-right: 10px; padding-bottom: 10px; padding-left: 10px; border-top-left-radius: 10px;; border-top-right-radius: 10px;; border-bottom-left-radius: 10px;; border-bottom-right-radius: 10px;; \">\n\t\t\t\t<div class=\"ub-button-content-holder\" style=\"flex-direction: row\">\n\t\t\t\t\t<span class=\"ub-button-block-btn\">Jelentkez\u00e9si lap<\/span>\n\t\t\t\t<\/div>\n\t\t\t<\/a>\n\t\t<\/div><\/div>\n\n\n<p><em>K\u00e9rj\u00fck minden esetben pontosan jel\u00f6lje\u00a0meg a kiv\u00e1lasztott szakot, amelyre jelentkezni szeretne!<\/em><\/p>\n\n\n\n<p><strong>Jelentkez\u00e9si hat\u00e1rid\u0151:\u00a02026. augusztus 15.<\/strong><\/p>\n\n\n\n<p><strong>K\u00e9pz\u00e9s kezdete<\/strong>:\u00a02026. szeptember<\/p>\n\n\n<\/div>\n\n\n<hr class=\"wp-block-separator has-alpha-channel-opacity\"\/>\n\n\n\n<p><strong>A szakir\u00e1ny\u00fa tov\u00e1bbk\u00e9pz\u00e9sben szerezhet\u0151 szakk\u00e9pzetts\u00e9g oklev\u00e9lben szerepl\u0151 megnevez\u00e9se magyar nyelven:<\/strong><\/p>\n\n\n\n<ul class=\"wp-block-list\">\n<li>munkav\u00e9delmi szakm\u00e9rn\u00f6k<\/li>\n\n\n\n<li>munkav\u00e9delmi szakember<\/li>\n<\/ul>\n\n\n\n<h3 class=\"wp-block-heading\">A felv\u00e9tel felt\u00e9tele<\/h3>\n\n\n\n<p><strong>Szakm\u00e9rn\u00f6k k\u00e9pz\u00e9s:&nbsp;<\/strong>m\u00e9rn\u00f6ki (BSc, MSc, vagy kor\u00e1bbi f\u0151iskolai vagy egyetemi) diploma<br><strong>Szakember k\u00e9pz\u00e9s:&nbsp;<\/strong>b\u00e1rmely fels\u0151oktat\u00e1si szakon szerzett BSc, vagy MSc, (kor\u00e1bbi egyetemi<br>vagy f\u0151iskolai) oklev\u00e9l<\/p>\n\n\n\n<h3 class=\"wp-block-heading\">K\u00e9pz\u00e9si adatok<\/h3>\n\n\n\n<p><strong>A k\u00e9pz\u00e9si id\u0151 f\u00e9l\u00e9vekben meghat\u00e1rozva:<\/strong>&nbsp;4 f\u00e9l\u00e9v<\/p>\n\n\n\n<p><strong>A szakk\u00e9pzetts\u00e9g megszerz\u00e9s\u00e9hez \u00f6sszegy\u0171jtend\u0151 kreditek sz\u00e1ma:<\/strong><strong>&nbsp;<\/strong>120 kredit<\/p>\n\n\n\n<p><strong>Finansz\u00edroz\u00e1si forma:<\/strong>&nbsp;\u00f6nk\u00f6lts\u00e9ges, az \u00f6nk\u00f6lts\u00e9gi d\u00edj 250 000 Ft\/f\u00e9l\u00e9v (A k\u00f6vetkez\u0151 \u00e9vek k\u00e9pz\u00e9si d\u00edja legfeljebb az el\u0151z\u0151 \u00e9vben meg\u00e1llap\u00edtott k\u00e9pz\u00e9si d\u00edj a KSH \u00e1ltal el\u0151z\u0151 \u00e9vre vonatkoz\u00f3an k\u00f6zz\u00e9tett fogyaszt\u00f3i \u00e1rindex-szel n\u00f6velt \u00f6sszege lehet.)<\/p>\n\n\n\n<p><strong>Munkarend:&nbsp;<\/strong>levelez\u0151<\/p>\n\n\n\n<p>A k\u00e9pz\u00e9sen megszerezhet\u0151 v\u00e9gzetts\u00e9g feljogos\u00edt a Munkav\u00e9delmi T\u00f6rv\u00e9nyben meghat\u00e1rozott, fels\u0151fok\u00fa munkav\u00e9delmi k\u00e9pzetts\u00e9ghez k\u00f6t\u00f6tt munkak\u00f6r\u00f6k \u00e9s tev\u00e9kenys\u00e9gek ell\u00e1t\u00e1s\u00e1ra.<\/p>\n\n\n\n<h3 class=\"wp-block-heading\">Mintatanterv<\/h3>\n\n\n\n<p><img loading=\"lazy\" decoding=\"async\" width=\"16\" height=\"16\" src=\"https:\/\/bgk.uni-obuda.hu\/wp-content\/uploads\/2023\/02\/x-office-document.png\" alt=\"\">&nbsp;<a href=\"https:\/\/bgk.uni-obuda.hu\/tantervek\/\"><strong>Mintatanterv&nbsp;<\/strong>el\u00e9rhet\u0151 a Tanulm\u00e1nyi Iroda aloldal\u00e1n<\/a><\/p>\n\n\n\n<h3 class=\"wp-block-heading\">K\u00e9pz\u00e9si \u00e9s kimeneti k\u00f6vetelm\u00e9nyek<\/h3>\n\n\n\n<p><img decoding=\"async\" class=\"wp-image-227\" style=\"width: 16px;\" src=\"https:\/\/bgk.uni-obuda.hu\/wp-content\/uploads\/2023\/02\/x-office-document.png\" alt=\"\"> <a href=\"https:\/\/bgk.uni-obuda.hu\/fkk\/wp-content\/uploads\/2026\/03\/szakmernok_KKK.pdf\" data-type=\"URL\" data-id=\"https:\/\/bgk.uni-obuda.hu\/wp-content\/uploads\/2023\/02\/szakmernok_KKK.pdf\" target=\"_blank\" rel=\"noreferrer noopener\"><strong>K\u00e9pz\u00e9si \u00e9s kimeneti k\u00f6vetelm\u00e9nyek<\/strong><\/a><\/p>\n\n\n\n<h3 class=\"wp-block-heading\">Id\u0151beoszt\u00e1s<\/h3>\n\n\n\n<p>A norm\u00e1l k\u00e9pz\u00e9s szeptember elej\u00e9n, a keresztf\u00e9l\u00e9ves k\u00e9pz\u00e9s febru\u00e1r elej\u00e9n indul, f\u00e9l\u00e9venk\u00e9nt 12 alkalommal szombat 9-18 \u00f3r\u00e1ig, labor gyakorlatok f\u00e9l\u00e9venk\u00e9nt maximum 4-6 alkalommal p\u00e9ntek d\u00e9lut\u00e1n 14.25-t\u0151l (a k\u00e9pz\u00e9s kezd\u00e9si id\u0151pontj\u00e1r\u00f3l lev\u00e9lben \u00e9rtes\u00edtj\u00fck a jelentkez\u0151ket). A vizsg\u00e1k szint\u00e9n szombati napokon, egyeztetett id\u0151pontokban lesznek.<\/p>\n","protected":false},"excerpt":{"rendered":"<p>Tov\u00e1bbi inform\u00e1ci\u00f3k K\u00e9pz\u00e9svezet\u0151: Dr. Szab\u00f3 Gyula&nbsp;szabo.gyula@bgk.uni-obuda.hu;&nbsp;munkavedelem@uni-obuda.huK\u00e9pz\u00e9sszervez\u0151: L\u0151rincz Andrea,&nbsp;lorincz.andrea@bgk.uni-obuda.hu&nbsp;(+36-30-146-4570) A k\u00e9pz\u00e9s saj\u00e1t weboldala: https:\/\/munkavedelmitovabbkepzes.hu A szakir\u00e1ny\u00fa tov\u00e1bbk\u00e9pz\u00e9sben szerezhet\u0151 szakk\u00e9pzetts\u00e9g oklev\u00e9lben szerepl\u0151 megnevez\u00e9se magyar nyelven: A felv\u00e9tel felt\u00e9tele Szakm\u00e9rn\u00f6k k\u00e9pz\u00e9s:&nbsp;m\u00e9rn\u00f6ki (BSc, MSc, vagy kor\u00e1bbi f\u0151iskolai vagy egyetemi) diplomaSzakember k\u00e9pz\u00e9s:&nbsp;b\u00e1rmely fels\u0151oktat\u00e1si szakon szerzett BSc, vagy MSc, (kor\u00e1bbi egyetemivagy f\u0151iskolai) oklev\u00e9l K\u00e9pz\u00e9si adatok A k\u00e9pz\u00e9si id\u0151 f\u00e9l\u00e9vekben meghat\u00e1rozva:&nbsp;4 f\u00e9l\u00e9v [&hellip;]<\/p>\n","protected":false},"author":1,"featured_media":0,"parent":0,"menu_order":0,"comment_status":"closed","ping_status":"closed","template":"","meta":{"footnotes":""},"class_list":["post-39","page","type-page","status-publish","hentry"],"featured_image_src":null,"_links":{"self":[{"href":"https:\/\/bgk.uni-obuda.hu\/fkk\/wp-json\/wp\/v2\/pages\/39","targetHints":{"allow":["GET"]}}],"collection":[{"href":"https:\/\/bgk.uni-obuda.hu\/fkk\/wp-json\/wp\/v2\/pages"}],"about":[{"href":"https:\/\/bgk.uni-obuda.hu\/fkk\/wp-json\/wp\/v2\/types\/page"}],"author":[{"embeddable":true,"href":"https:\/\/bgk.uni-obuda.hu\/fkk\/wp-json\/wp\/v2\/users\/1"}],"replies":[{"embeddable":true,"href":"https:\/\/bgk.uni-obuda.hu\/fkk\/wp-json\/wp\/v2\/comments?post=39"}],"version-history":[{"count":2,"href":"https:\/\/bgk.uni-obuda.hu\/fkk\/wp-json\/wp\/v2\/pages\/39\/revisions"}],"predecessor-version":[{"id":339,"href":"https:\/\/bgk.uni-obuda.hu\/fkk\/wp-json\/wp\/v2\/pages\/39\/revisions\/339"}],"wp:attachment":[{"href":"https:\/\/bgk.uni-obuda.hu\/fkk\/wp-json\/wp\/v2\/media?parent=39"}],"curies":[{"name":"wp","href":"https:\/\/api.w.org\/{rel}","templated":true}]}}