{"id":42,"date":"2026-03-17T10:03:08","date_gmt":"2026-03-17T10:03:08","guid":{"rendered":"https:\/\/bgk.uni-obuda.hu\/fkk\/?page_id=42"},"modified":"2026-05-05T14:21:40","modified_gmt":"2026-05-05T12:21:40","slug":"plc","status":"publish","type":"page","link":"https:\/\/bgk.uni-obuda.hu\/fkk\/plc\/","title":{"rendered":"PLC szakm\u00e9rn\u00f6k"},"content":{"rendered":"\n<h3 class=\"wp-block-heading\">Tov\u00e1bbi inform\u00e1ci\u00f3k<\/h3>\n\n\n\n<p><strong>K\u00e9pz\u00e9svezet\u0151:<\/strong> Prof. Dr. Rajnai Zolt\u00e1n (<a href=\"mailto:rajnai.zoltan@bgk.uni-obuda.hu\">rajnai.zoltan@bgk.uni-obuda.hu<\/a>)<br><strong>Szakmai felel\u0151s: <\/strong>Misinszky G\u00e1bor&nbsp;<a href=\"mailto:misinszky.gabor@uni-obuda.hu\">misinszky.gabor@bgk.uni-obuda.hu<\/a><br><strong>K\u00e9pz\u00e9sszervez\u0151:<\/strong> Czig\u00e1ny Gabriella, <a href=\"mailto:czigany.gabriella@bgk.uni-obuda.hu\">czigany.gabriella@bgk.uni-obuda.hu<\/a> (+36 (30) 119 6669)<\/p>\n\n\n\n<hr class=\"wp-block-separator has-alpha-channel-opacity\"\/>\n\n\n<div style=\"background-color: #d9edf7; color: #31708f; border-left-color: #fcb900; \" class=\"ub-styled-box ub-notification-box wp-block-ub-styled-box\" id=\"ub-styled-box-4b513ddc-5c2c-4eaa-9416-db0f1b6aaebf\">\n<h3 class=\"wp-block-heading\" id=\"ub-styled-box-notification-content-\">Jelentkez\u00e9s<\/h3>\n\n\n\n<p><strong>Az online jelentkez\u00e9si \u0171rlap hi\u00e1nytalan kit\u00f6lt\u00e9s\u00e9vel<\/strong>:<\/p>\n\n\n<div style=\"gap: 20px;\" class=\"align-button-center ub-buttons orientation-button-row ub-flex-wrap wp-block-ub-button\" id=\"ub-button-4ccb9bc2-5711-4070-ade2-e3d441c54d0f\"><div class=\"ub-button-container\">\n\t\t\t<a href=\"https:\/\/bgk.uni-obuda.hu\/fkk\/szakiranyu-tovabbkepzesek-urlap\/\" target=\"_self\" class=\"ub-button-block-main   ub-button-flex\" role=\"button\" style=\"--ub-button-background-color: #7bdcb5; --ub-button-color: #000000; --ub-button-border: none; --ub-button-hover-background-color: #1d294d; --ub-button-hover-color: #ffffff; --ub-button-hover-border: none; padding-top: 10px; padding-right: 10px; padding-bottom: 10px; padding-left: 10px; border-top-left-radius: 10px;; border-top-right-radius: 10px;; border-bottom-left-radius: 10px;; border-bottom-right-radius: 10px;; \">\n\t\t\t\t<div class=\"ub-button-content-holder\" style=\"flex-direction: row\">\n\t\t\t\t\t<span class=\"ub-button-block-btn\">Jelentkez\u00e9si lap<\/span>\n\t\t\t\t<\/div>\n\t\t\t<\/a>\n\t\t<\/div><\/div>\n\n\n<p><em>K\u00e9rj\u00fck minden esetben pontosan jel\u00f6lje\u00a0meg a kiv\u00e1lasztott szakot, amelyre jelentkezni szeretne!<\/em><\/p>\n\n\n\n<p><strong>Jelentkez\u00e9si hat\u00e1rid\u0151:<\/strong>\u00a02026. augusztus 15.<\/p>\n\n\n\n<p><strong>K\u00e9pz\u00e9s kezdete:<\/strong>\u00a02026. szeptember<\/p>\n\n\n<\/div>\n\n\n<hr class=\"wp-block-separator has-alpha-channel-opacity\"\/>\n\n\n\n<p><strong>A szakir\u00e1ny\u00fa tov\u00e1bbk\u00e9pz\u00e9sben szerezhet\u0151 szakk\u00e9pzetts\u00e9g oklev\u00e9lben szerepl\u0151 megnevez\u00e9se magyar nyelven:<\/strong><\/p>\n\n\n\n<ul class=\"wp-block-list\">\n<li>PLC szakm\u00e9rn\u00f6k<\/li>\n<\/ul>\n\n\n\n<p><strong>A szakir\u00e1ny\u00fa tov\u00e1bbk\u00e9pz\u00e9sben szerezhet\u0151 szakk\u00e9pzetts\u00e9g oklev\u00e9lben szerepl\u0151 megnevez\u00e9se angol nyelven:<\/strong><\/p>\n\n\n\n<ul class=\"wp-block-list\">\n<li>PLC engineer<\/li>\n<\/ul>\n\n\n\n<h3 class=\"wp-block-heading\">A felv\u00e9tel felt\u00e9tele<\/h3>\n\n\n\n<p>BSc vagy MSc (kor\u00e1bbi egyetemi vagy f\u0151iskolai) m\u00e9rn\u00f6ki oklev\u00e9l<\/p>\n\n\n\n<h3 class=\"wp-block-heading\">K\u00e9pz\u00e9si adatok<\/h3>\n\n\n\n<p><strong>A k\u00e9pz\u00e9si id\u0151 f\u00e9l\u00e9vekben meghat\u00e1rozva:<\/strong>&nbsp;2 f\u00e9l\u00e9v, 170 \u00f3ra<\/p>\n\n\n\n<p><strong>Finansz\u00edroz\u00e1si forma:<\/strong>&nbsp;\u00f6nk\u00f6lts\u00e9ges, az \u00f6nk\u00f6lts\u00e9gi d\u00edj 545 000 Ft\/f\u00e9l\u00e9v<\/p>\n\n\n\n<p><strong>Munkarend:&nbsp;<\/strong>levelez\u0151<\/p>\n\n\n\n<h3 class=\"wp-block-heading\">Mintatanterv<\/h3>\n\n\n\n<p><img loading=\"lazy\" decoding=\"async\" width=\"16\" height=\"16\" src=\"https:\/\/bgk.uni-obuda.hu\/wp-content\/uploads\/2023\/02\/x-office-document.png\" alt=\"\">&nbsp;<a href=\"https:\/\/bgk.uni-obuda.hu\/tantervek\/\"><strong>Mintatanterv&nbsp;<\/strong>el\u00e9rhet\u0151 a Tanulm\u00e1nyi Iroda aloldal\u00e1n<\/a><\/p>\n\n\n\n<h3 class=\"wp-block-heading\">A k\u00e9pz\u00e9s c\u00e9lja<\/h3>\n\n\n\n<p>Minden termel\u0151 c\u00e9ghez olyan er\u0151sen k\u00e9pzett m\u00e9rn\u00f6k\u00f6k kellenek, akik k\u00e9pesek fejleszteni, tervezni \u00e9s programozni. Szak\u00e9rt\u0151k az elektronika, a mechanika, a mechatronika, a g\u00e9pek biztons\u00e1ga, az IT \u00e9s a robotiz\u00e1l\u00e1s ter\u00fclet\u00e9n.<\/p>\n\n\n\n<p>A PLC (Progammable Logic Controller) szakm\u00e9rn\u00f6k szerepe egy&nbsp;gy\u00e1rban t\u00f6bb ter\u00fcleten is sz\u00fcks\u00e9ges, \u00edgy a v\u00e1llalatnak nem el\u00e9g egy-k\u00e9t szakembert alkalmaznia, ink\u00e1bb egy m\u00e9rn\u00f6kcsapatra van sz\u00fcks\u00e9ge, akik tud\u00e1sukkal t\u00e1mogatj\u00e1k a termel\u00e9s \u00f6sszes szintj\u00e9t, \u00e9s biztos\u00edtj\u00e1k a gy\u00e1rt\u00f3sorok \u00fczembiztoss\u00e1g\u00e1t. A PLC m\u00e9rn\u00f6k\u00f6k szerepe a karbantart\u00e1s, a fejleszt\u00e9s, a beruh\u00e1z\u00e1s \u00e9s a tervez\u00e9s r\u00e9szlegeken is&nbsp; elengedhetetlenek.<\/p>\n\n\n\n<p>Ezekre a kih\u00edv\u00e1sokra v\u00e1laszul az \u00d3budai Egyetem B\u00e1nki Don\u00e1t G\u00e9p\u00e9sz \u00e9s Biztons\u00e1gtechnikai M\u00e9rn\u00f6ki Kara 2 f\u00e9l\u00e9ves, levelez\u0151 k\u00e9pz\u00e9si rendszer\u0171, a hazai fels\u0151oktat\u00e1sban akkredit\u00e1lt&nbsp;<strong>PLC szakm\u00e9rn\u00f6k<\/strong>&nbsp;k\u00e9pz\u00e9st ind\u00edt.<\/p>\n\n\n\n<p>A k\u00e9pz\u00e9s c\u00e9lja olyan szakm\u00e9rn\u00f6k\u00f6k k\u00e9pz\u00e9se, akik ismerik a&nbsp;g\u00e9pbiztons\u00e1gtechnik\u00e1t, az IOT-t, az ipar 4.0 megold\u00e1sokat, az automatiz\u00e1l\u00e1st, a hidraulikus \u00e9s pneumatikus rendszerek fel\u00e9p\u00edt\u00e9s\u00e9t, vez\u00e9rl\u00e9si eszk\u00f6z\u00f6ket \u00e9s feladatokat, valamint az iparban haszn\u00e1lt g\u00e9pvez\u00e9rl\u0151k, PLC-k \u00e9s HMI-k (Human Machine Interface) programoz\u00e1s\u00e1t, m\u0171k\u00f6d\u00e9s\u00e9t, \u00e9s ezek rendszerbe integr\u00e1l\u00e1s\u00e1t magas szinten ismerik \u00e9s alkalmazz\u00e1k, \u00edgy piack\u00e9pes tud\u00e1ssal el tudnak majd helyezkedni&nbsp;a hazai \u00e9s nemzetk\u00f6zi termel\u0151 v\u00e1llalatokn\u00e1l.<\/p>\n\n\n\n<p>Ezen a k\u00e9pz\u00e9sen egy \u00fajonnan felszerelt laborban tanulhatj\u00e1k meg a hallgat\u00f3k a PLC szakma rejtelmeit. Oktat\u00f3ink az iparb\u00f3l \u00e9s olyan k\u00fcl\u00f6nb\u00f6z\u0151 c\u00e9gekt\u0151l j\u00f6nnek, akiknek elm\u00e9leti \u00e9s gyakorlati szinten is t\u00f6bb \u00e9ves tapasztalatuk van. A k\u00e9pz\u00e9s sor\u00e1n a hallgat\u00f3k val\u00f3s ipari mintaprojekteken \u00e9s az iparban haszn\u00e1lt legmodernebb technol\u00f3gi\u00e1kon kereszt\u00fcl saj\u00e1t\u00edthatj\u00e1k el az automatiz\u00e1l\u00e1st \u00e9s a PLC programoz\u00e1st.<\/p>\n\n\n\n<h3 class=\"wp-block-heading\">Egy\u00e9b inform\u00e1ci\u00f3k<\/h3>\n\n\n\n<p>Hordozhat\u00f3 sz\u00e1m\u00edt\u00f3g\u00e9p megl\u00e9te sz\u00fcks\u00e9ges a k\u00e9pz\u00e9shez.<\/p>\n\n\n\n<h3 class=\"wp-block-heading\">Id\u0151beoszt\u00e1s<\/h3>\n\n\n\n<p>A levelez\u0151 munkarend\u0171 k\u00e9pz\u00e9sben a hallgat\u00f3k tan\u00f3r\u00e1ira t\u00f6mb\u00f6s\u00edtve, p\u00e9nteki \u00e9s szombati napokon ker\u00fcl sor.<\/p>\n\n\n\n<h3 class=\"wp-block-heading\">A z\u00e1r\u00f3vizsg\u00e1ra bocs\u00e1t\u00e1s felt\u00e9telei<\/h3>\n\n\n\n<p>A z\u00e1r\u00f3vizsg\u00e1ra bocs\u00e1t\u00e1s felt\u00e9tele a v\u00e9gbizony\u00edtv\u00e1ny (abszolut\u00f3rium) megszerz\u00e9se. V\u00e9gbizony\u00edtv\u00e1nyt a fels\u0151oktat\u00e1si int\u00e9zm\u00e9ny annak a hallgat\u00f3nak \u00e1ll\u00edt ki, aki a tantervben el\u0151\u00edrt tanulm\u00e1nyi \u00e9s vizsgak\u00f6vetelm\u00e9nyeket teljes\u00edtette, az el\u0151\u00edrt krediteket megszerezte \u00e9s szakdolgozat\u00e1t beadta.<\/p>\n","protected":false},"excerpt":{"rendered":"<p>Tov\u00e1bbi inform\u00e1ci\u00f3k K\u00e9pz\u00e9svezet\u0151: Prof. Dr. Rajnai Zolt\u00e1n (rajnai.zoltan@bgk.uni-obuda.hu)Szakmai felel\u0151s: Misinszky G\u00e1bor&nbsp;misinszky.gabor@bgk.uni-obuda.huK\u00e9pz\u00e9sszervez\u0151: Czig\u00e1ny Gabriella, czigany.gabriella@bgk.uni-obuda.hu (+36 (30) 119 6669) A szakir\u00e1ny\u00fa tov\u00e1bbk\u00e9pz\u00e9sben szerezhet\u0151 szakk\u00e9pzetts\u00e9g oklev\u00e9lben szerepl\u0151 megnevez\u00e9se magyar nyelven: A szakir\u00e1ny\u00fa tov\u00e1bbk\u00e9pz\u00e9sben szerezhet\u0151 szakk\u00e9pzetts\u00e9g oklev\u00e9lben szerepl\u0151 megnevez\u00e9se angol nyelven: A felv\u00e9tel felt\u00e9tele BSc vagy MSc (kor\u00e1bbi egyetemi vagy f\u0151iskolai) m\u00e9rn\u00f6ki oklev\u00e9l K\u00e9pz\u00e9si adatok A k\u00e9pz\u00e9si id\u0151 [&hellip;]<\/p>\n","protected":false},"author":1,"featured_media":0,"parent":0,"menu_order":0,"comment_status":"closed","ping_status":"closed","template":"","meta":{"footnotes":""},"class_list":["post-42","page","type-page","status-publish","hentry"],"featured_image_src":null,"_links":{"self":[{"href":"https:\/\/bgk.uni-obuda.hu\/fkk\/wp-json\/wp\/v2\/pages\/42","targetHints":{"allow":["GET"]}}],"collection":[{"href":"https:\/\/bgk.uni-obuda.hu\/fkk\/wp-json\/wp\/v2\/pages"}],"about":[{"href":"https:\/\/bgk.uni-obuda.hu\/fkk\/wp-json\/wp\/v2\/types\/page"}],"author":[{"embeddable":true,"href":"https:\/\/bgk.uni-obuda.hu\/fkk\/wp-json\/wp\/v2\/users\/1"}],"replies":[{"embeddable":true,"href":"https:\/\/bgk.uni-obuda.hu\/fkk\/wp-json\/wp\/v2\/comments?post=42"}],"version-history":[{"count":2,"href":"https:\/\/bgk.uni-obuda.hu\/fkk\/wp-json\/wp\/v2\/pages\/42\/revisions"}],"predecessor-version":[{"id":340,"href":"https:\/\/bgk.uni-obuda.hu\/fkk\/wp-json\/wp\/v2\/pages\/42\/revisions\/340"}],"wp:attachment":[{"href":"https:\/\/bgk.uni-obuda.hu\/fkk\/wp-json\/wp\/v2\/media?parent=42"}],"curies":[{"name":"wp","href":"https:\/\/api.w.org\/{rel}","templated":true}]}}