{"id":44,"date":"2026-03-17T10:04:00","date_gmt":"2026-03-17T10:04:00","guid":{"rendered":"https:\/\/bgk.uni-obuda.hu\/fkk\/?page_id=44"},"modified":"2026-05-05T14:22:11","modified_gmt":"2026-05-05T12:22:11","slug":"rehab","status":"publish","type":"page","link":"https:\/\/bgk.uni-obuda.hu\/fkk\/rehab\/","title":{"rendered":"Rehabilit\u00e1ci\u00f3s k\u00f6rnyezettervez\u0151 szakm\u00e9rn\u00f6k szakir\u00e1ny\u00fa tov\u00e1bbk\u00e9pz\u00e9si szak"},"content":{"rendered":"\n<h3 class=\"wp-block-heading\">Tov\u00e1bbi inform\u00e1ci\u00f3k<\/h3>\n\n\n\n<p><strong>K\u00e9pz\u00e9svezet\u0151:<\/strong> Dr. J\u00f3kai Erika,&nbsp;<a href=\"mailto:jokai.erika@bgk.uni-obuda.hu\">jokai.erika@bgk.uni-obuda.hu<\/a>&nbsp;(+36 20&nbsp;582 4994)<br><strong>K\u00e9pz\u00e9sszervez\u0151:<\/strong> Berzs\u00e9nyin\u00e9 R\u00e9p\u00e1s Krisztina, <a href=\"mailto:berzsenyine.krisztina@bgk.uni-obuda.hu\">berzsenyine.krisztina@bgk.uni-obuda.hu<\/a> (+36 (30) 944 2069)<\/p>\n\n\n\n<hr class=\"wp-block-separator has-alpha-channel-opacity\"\/>\n\n\n<div style=\"background-color: #d9edf7; color: #31708f; border-left-color: #fcb900; \" class=\"ub-styled-box ub-notification-box wp-block-ub-styled-box\" id=\"ub-styled-box-db32a49d-e876-4f41-be11-0079dff627ed\">\n<h3 class=\"wp-block-heading\" id=\"ub-styled-box-notification-content-\">Jelentkez\u00e9s<\/h3>\n\n\n\n<p><strong>Az online jelentkez\u00e9si \u0171rlap hi\u00e1nytalan kit\u00f6lt\u00e9s\u00e9vel<\/strong>:<\/p>\n\n\n<div style=\"gap: 20px;\" class=\"align-button-center ub-buttons orientation-button-row ub-flex-wrap wp-block-ub-button\" id=\"ub-button-2273cbdc-06af-469d-bed4-a3543162692b\"><div class=\"ub-button-container\">\n\t\t\t<a href=\"https:\/\/bgk.uni-obuda.hu\/fkk\/szakiranyu-tovabbkepzesek-urlap\/\" target=\"_self\" class=\"ub-button-block-main   ub-button-flex\" role=\"button\" style=\"--ub-button-background-color: #7bdcb5; --ub-button-color: #000000; --ub-button-border: none; --ub-button-hover-background-color: #1d294d; --ub-button-hover-color: #ffffff; --ub-button-hover-border: none; padding-top: 10px; padding-right: 10px; padding-bottom: 10px; padding-left: 10px; border-top-left-radius: 10px;; border-top-right-radius: 10px;; border-bottom-left-radius: 10px;; border-bottom-right-radius: 10px;; \">\n\t\t\t\t<div class=\"ub-button-content-holder\" style=\"flex-direction: row\">\n\t\t\t\t\t<span class=\"ub-button-block-btn\">Jelentkez\u00e9si lap<\/span>\n\t\t\t\t<\/div>\n\t\t\t<\/a>\n\t\t<\/div><\/div>\n\n\n<p><em>K\u00e9rj\u00fck minden esetben pontosan jel\u00f6lje\u00a0meg a kiv\u00e1lasztott szakot, amelyre jelentkezni szeretne!<\/em><\/p>\n\n\n\n<p>A k\u00e9pz\u00e9s 2 \u00e9vente indul.<\/p>\n\n\n\n<p><strong>Jelentkez\u00e9si hat\u00e1rid\u0151:<\/strong>\u00a02026. augusztus 15.<\/p>\n\n\n\n<p><strong>K\u00e9pz\u00e9s kezdete:<\/strong>\u00a02026. szeptember<\/p>\n\n\n<\/div>\n\n\n<hr class=\"wp-block-separator has-alpha-channel-opacity\"\/>\n\n\n\n<p><strong>A szakir\u00e1ny\u00fa tov\u00e1bbk\u00e9pz\u00e9sben szerezhet\u0151 szakk\u00e9pzetts\u00e9g oklev\u00e9lben szerepl\u0151 megnevez\u00e9se magyar nyelven:<\/strong><\/p>\n\n\n\n<ul class=\"wp-block-list\">\n<li>rehabilit\u00e1ci\u00f3s k\u00f6rnyezettervez\u0151 szakm\u00e9rn\u00f6k<\/li>\n<\/ul>\n\n\n\n<h3 class=\"wp-block-heading\">A felv\u00e9tel felt\u00e9tele<\/h3>\n\n\n\n<p>M\u00e9rn\u00f6ki (BSc, MSc, vagy kor\u00e1bbi f\u0151iskolai vagy egyetemi) diploma<\/p>\n\n\n\n<p>K\u00e9pz\u00e9si adatok<\/p>\n\n\n\n<p><strong>A k\u00e9pz\u00e9si id\u0151 f\u00e9l\u00e9vekben meghat\u00e1rozva:<\/strong> 2+2 f\u00e9l\u00e9v<\/p>\n\n\n\n<p><strong>Finansz\u00edroz\u00e1si forma:<\/strong>&nbsp;\u00f6nk\u00f6lts\u00e9ges, az \u00f6nk\u00f6lts\u00e9gi d\u00edj 350 000 Ft\/f\u00e9l\u00e9v<\/p>\n\n\n\n<p><strong>Munkarend:&nbsp;<\/strong>levelez\u0151<\/p>\n\n\n\n<h3 class=\"wp-block-heading\">Mintatanterv<\/h3>\n\n\n\n<p><img loading=\"lazy\" decoding=\"async\" width=\"16\" height=\"16\" src=\"https:\/\/bgk.uni-obuda.hu\/wp-content\/uploads\/2023\/02\/x-office-document.png\" alt=\"\">&nbsp;<a href=\"https:\/\/bgk.uni-obuda.hu\/tantervek\/\"><strong>Mintatanterv&nbsp;<\/strong>el\u00e9rhet\u0151 a Tanulm\u00e1nyi Iroda aloldal\u00e1n<\/a><\/p>\n\n\n\n<h3 class=\"wp-block-heading\">A k\u00e9pz\u00e9s c\u00e9lja<\/h3>\n\n\n\n<p>Olyan szakemberek k\u00e9pz\u00e9se, akik a megv\u00e1ltozott munkak\u00e9pess\u00e9g\u0171 \u00e9s fogyat\u00e9kos szem\u00e9lyek \u00e9s id\u0151s emberek lehet\u0151s\u00e9g szerinti \u00f6n\u00e1ll\u00f3 \u00e9letvitel\u00e9nek, tanul\u00e1s\u00e1nak, munkav\u00e1llal\u00e1s\u00e1nak felt\u00e9teleit biztos\u00edt\u00f3 akad\u00e1lymentes \u00e9p\u00edtett \u00e9s t\u00e1mogat\u00f3 technikai k\u00f6rnyezet, haszn\u00e1lati t\u00e1rgyak \u00e9s gy\u00f3gy\u00e1szati seg\u00e9deszk\u00f6z\u00f6k tervez\u00e9s\u00e9hez, kivitelez\u00e9s\u00e9hez; a megl\u00e9v\u0151 k\u00f6rnyezet akad\u00e1lymentes\u00edt\u00e9s\u00e9hez; az el\u0151z\u0151ekkel \u00f6sszef\u00fcgg\u0151 szakhat\u00f3s\u00e1gi tev\u00e9kenys\u00e9ghez \u00e9s az ell\u00e1t\u00f3 int\u00e9zm\u00e9nyh\u00e1l\u00f3zat m\u0171k\u00f6dtet\u00e9s\u00e9hez sz\u00fcks\u00e9ges orvostudom\u00e1nyi, pszichol\u00f3giai, ergon\u00f3miai, szab\u00e1lyoz\u00e1si \u00e9s m\u0171szaki ismeretekkel rendelkeznek.<\/p>\n\n\n\n<h3 class=\"wp-block-heading\">A k\u00e9pz\u00e9s sor\u00e1n megszerzend\u0151 ismeretek<\/h3>\n\n\n\n<p>Az akad\u00e1lymentes\u00edt\u00e9s \u00e9s akad\u00e1lymentes, valamint egyetemes tervez\u00e9s elvei \u00e9s gyakorlati alkalmaz\u00e1sa az \u00e9p\u00edtett k\u00f6rnyezet, haszn\u00e1lati t\u00e1rgyak, seg\u00edt\u0151 technol\u00f3gi\u00e1k, felhaszn\u00e1l\u00f3i fel\u00fcletek, inform\u00e1ci\u00f3k \u00e9s szol\u00e1ltat\u00e1sok kialak\u00edt\u00e1sa sor\u00e1n. Ehhez kapcsol\u00f3d\u00f3an a felhaszn\u00e1l\u00f3k speci\u00e1lis sz\u00fcks\u00e9gletei, jellemz\u0151i, valamint az akad\u00e1lymentes\u00edt\u00e9si p\u00e1ly\u00e1zatok \u00e9s gazdas\u00e1gi szempontok.<\/p>\n\n\n\n<h3 class=\"wp-block-heading\">A szakk\u00e9pzetts\u00e9g alkalmaz\u00e1sa konkr\u00e9t k\u00f6rnyezetben, tev\u00e9kenys\u00e9gek sor\u00e1n<\/h3>\n\n\n\n<ul class=\"wp-block-list\">\n<li>A szakember a szakk\u00e9pzetts\u00e9g birtok\u00e1ban alkalmass\u00e1 v\u00e1lik megl\u00e9v\u0151 \u00e9p\u00fcletek \u00e9s munkahelyek ut\u00f3lagos akad\u00e1lymentes\u00edt\u00e9s\u00e9re, speci\u00e1lis sz\u00fcks\u00e9gletek szerinti fejleszt\u00e9s\u00e9re, valamint \u00faj l\u00e9tes\u00edtm\u00e9nyek tervez\u00e9se sor\u00e1n a speci\u00e1lis sz\u00fcks\u00e9gletek, valamint az egyetemes tervez\u00e9s szempontjainak \u00e9rv\u00e9nyes\u00edt\u00e9s\u00e9re.<\/li>\n\n\n\n<li>A szakember a szakk\u00e9pzetts\u00e9g birtok\u00e1ban jogosultt\u00e1 v\u00e1lik akad\u00e1lymentes\u00edt\u00e9ssel \u00f6sszef\u00fcgg\u0151 p\u00e1ly\u00e1zatokban akad\u00e1lymentes\u00edt\u00e9si tervfejezet k\u00e9sz\u00edt\u00e9s\u00e9re, szakv\u00e9lem\u00e9ny \u00e9s nyilatkozat t\u00e9tel\u00e9re.<\/li>\n<\/ul>\n\n\n\n<h3 class=\"wp-block-heading\">A z\u00e1r\u00f3vizsga t\u00e1rgyai<\/h3>\n\n\n\n<ol class=\"wp-block-list\">\n<li>Akad\u00e1lymentes \u00e9p\u00edtett k\u00f6rnyezet tant\u00e1rgycsoport (v\u00e1ros \u00e9s \u00e9p\u00fclet l\u00e9pt\u00e9k, \u00e9p\u00edtett munkak\u00f6rnyezet, \u00e9p\u00edtett k\u00f6rnyezet II.)<\/li>\n\n\n\n<li>Akad\u00e1lymentes\u00edt\u00e9s technol\u00f3gi\u00e1i tant\u00e1rgycsoport (rehabilit\u00e1ci\u00f3s t\u00e1mogat\u00f3 technol\u00f3gi\u00e1k, gy\u00f3gy\u00e1szati seg\u00e9deszk\u00f6z\u00f6k)<\/li>\n<\/ol>\n","protected":false},"excerpt":{"rendered":"<p>Tov\u00e1bbi inform\u00e1ci\u00f3k K\u00e9pz\u00e9svezet\u0151: Dr. J\u00f3kai Erika,&nbsp;jokai.erika@bgk.uni-obuda.hu&nbsp;(+36 20&nbsp;582 4994)K\u00e9pz\u00e9sszervez\u0151: Berzs\u00e9nyin\u00e9 R\u00e9p\u00e1s Krisztina, berzsenyine.krisztina@bgk.uni-obuda.hu (+36 (30) 944 2069) A szakir\u00e1ny\u00fa tov\u00e1bbk\u00e9pz\u00e9sben szerezhet\u0151 szakk\u00e9pzetts\u00e9g oklev\u00e9lben szerepl\u0151 megnevez\u00e9se magyar nyelven: A felv\u00e9tel felt\u00e9tele M\u00e9rn\u00f6ki (BSc, MSc, vagy kor\u00e1bbi f\u0151iskolai vagy egyetemi) diploma K\u00e9pz\u00e9si adatok A k\u00e9pz\u00e9si id\u0151 f\u00e9l\u00e9vekben meghat\u00e1rozva: 2+2 f\u00e9l\u00e9v Finansz\u00edroz\u00e1si forma:&nbsp;\u00f6nk\u00f6lts\u00e9ges, az \u00f6nk\u00f6lts\u00e9gi d\u00edj 350 000 Ft\/f\u00e9l\u00e9v [&hellip;]<\/p>\n","protected":false},"author":1,"featured_media":0,"parent":0,"menu_order":0,"comment_status":"closed","ping_status":"closed","template":"","meta":{"footnotes":""},"class_list":["post-44","page","type-page","status-publish","hentry"],"featured_image_src":null,"_links":{"self":[{"href":"https:\/\/bgk.uni-obuda.hu\/fkk\/wp-json\/wp\/v2\/pages\/44","targetHints":{"allow":["GET"]}}],"collection":[{"href":"https:\/\/bgk.uni-obuda.hu\/fkk\/wp-json\/wp\/v2\/pages"}],"about":[{"href":"https:\/\/bgk.uni-obuda.hu\/fkk\/wp-json\/wp\/v2\/types\/page"}],"author":[{"embeddable":true,"href":"https:\/\/bgk.uni-obuda.hu\/fkk\/wp-json\/wp\/v2\/users\/1"}],"replies":[{"embeddable":true,"href":"https:\/\/bgk.uni-obuda.hu\/fkk\/wp-json\/wp\/v2\/comments?post=44"}],"version-history":[{"count":2,"href":"https:\/\/bgk.uni-obuda.hu\/fkk\/wp-json\/wp\/v2\/pages\/44\/revisions"}],"predecessor-version":[{"id":341,"href":"https:\/\/bgk.uni-obuda.hu\/fkk\/wp-json\/wp\/v2\/pages\/44\/revisions\/341"}],"wp:attachment":[{"href":"https:\/\/bgk.uni-obuda.hu\/fkk\/wp-json\/wp\/v2\/media?parent=44"}],"curies":[{"name":"wp","href":"https:\/\/api.w.org\/{rel}","templated":true}]}}