{"id":46,"date":"2026-03-17T10:07:45","date_gmt":"2026-03-17T10:07:45","guid":{"rendered":"https:\/\/bgk.uni-obuda.hu\/fkk\/?page_id=46"},"modified":"2026-05-05T14:22:39","modified_gmt":"2026-05-05T12:22:39","slug":"robbantastechnika","status":"publish","type":"page","link":"https:\/\/bgk.uni-obuda.hu\/fkk\/robbantastechnika\/","title":{"rendered":"Robbant\u00e1stechnikai szakm\u00e9rn\u00f6k \/ szakember"},"content":{"rendered":"\n<h3 class=\"wp-block-heading\">Tov\u00e1bbi inform\u00e1ci\u00f3k<\/h3>\n\n\n\n<p><strong>K\u00e9pz\u00e9svezet\u0151: <\/strong>Dr. Daruka Norbert,&nbsp;<a href=\"mailto:daruka.norbert@bgk.uni-obuda.hu\">daruka.norbert@bgk.uni-obuda.hu<\/a>&nbsp;(+36-20-918-7381)<br><strong>K\u00e9pz\u00e9sszervez\u0151: <\/strong>L\u0151rincz Andrea,&nbsp;<a href=\"mailto:lorincz.andrea@bgk.uni-obuda.hu\">lorincz.andrea@bgk.uni-obuda.hu<\/a>&nbsp;(+36-30-146-4570)<\/p>\n\n\n\n<hr class=\"wp-block-separator has-alpha-channel-opacity\"\/>\n\n\n<div style=\"background-color: #d9edf7; color: #31708f; border-left-color: #fcb900; \" class=\"ub-styled-box ub-notification-box wp-block-ub-styled-box\" id=\"ub-styled-box-327daf8a-4b13-4ab0-8ced-c82c6aaf7dd7\">\n<h3 class=\"wp-block-heading\" id=\"ub-styled-box-notification-content-\">Jelentkez\u00e9s<\/h3>\n\n\n\n<p><strong>Az online jelentkez\u00e9si \u0171rlap hi\u00e1nytalan kit\u00f6lt\u00e9s\u00e9vel<\/strong>:<\/p>\n\n\n<div style=\"gap: 20px;\" class=\"align-button-center ub-buttons orientation-button-row ub-flex-wrap wp-block-ub-button\" id=\"ub-button-a964c003-8502-4b1e-be57-2cecf5e2a1e5\"><div class=\"ub-button-container\">\n\t\t\t<a href=\"https:\/\/bgk.uni-obuda.hu\/fkk\/szakiranyu-tovabbkepzesek-urlap\/\" target=\"_self\" class=\"ub-button-block-main   ub-button-flex\" role=\"button\" style=\"--ub-button-background-color: #7bdcb5; --ub-button-color: #000000; --ub-button-border: none; --ub-button-hover-background-color: #1d294d; --ub-button-hover-color: #ffffff; --ub-button-hover-border: none; padding-top: 10px; padding-right: 10px; padding-bottom: 10px; padding-left: 10px; border-top-left-radius: 10px;; border-top-right-radius: 10px;; border-bottom-left-radius: 10px;; border-bottom-right-radius: 10px;; \">\n\t\t\t\t<div class=\"ub-button-content-holder\" style=\"flex-direction: row\">\n\t\t\t\t\t<span class=\"ub-button-block-btn\">Jelentkez\u00e9si lap<\/span>\n\t\t\t\t<\/div>\n\t\t\t<\/a>\n\t\t<\/div><\/div>\n\n\n<p><em>K\u00e9rj\u00fck minden esetben pontosan jel\u00f6lje\u00a0meg a kiv\u00e1lasztott szakot, amelyre jelentkezni szeretne!<\/em><\/p>\n\n\n\n<p><strong>Jelentkez\u00e9si hat\u00e1rid\u0151:<\/strong>\u00a02027. augusztus 15.<\/p>\n\n\n\n<p><strong>K\u00e9pz\u00e9s kezdete:<\/strong>\u00a02027. szeptember<\/p>\n\n\n<\/div>\n\n\n<hr class=\"wp-block-separator has-alpha-channel-opacity\"\/>\n\n\n\n<p><strong>A szakir\u00e1ny\u00fa tov\u00e1bbk\u00e9pz\u00e9sben szerezhet\u0151 szakk\u00e9pzetts\u00e9g oklev\u00e9lben szerepl\u0151 megnevez\u00e9se magyar nyelven:<\/strong><\/p>\n\n\n\n<ul class=\"wp-block-list\">\n<li>robbant\u00e1stechnikai szakm\u00e9rn\u00f6k<\/li>\n\n\n\n<li>robbant\u00e1stechnikai szakember<\/li>\n<\/ul>\n\n\n\n<h3 class=\"wp-block-heading\">A felv\u00e9tel felt\u00e9tele<\/h3>\n\n\n\n<p><strong>Szakm\u00e9rn\u00f6k k\u00e9pz\u00e9s:&nbsp;<\/strong>m\u00e9rn\u00f6ki (BSc, MSc, vagy kor\u00e1bbi f\u0151iskolai vagy egyetemi) diploma<br><strong>Szakember k\u00e9pz\u00e9s:&nbsp;<\/strong>b\u00e1rmely fels\u0151oktat\u00e1si szakon szerzett BSc, vagy MSc, (kor\u00e1bbi egyetemi<br>vagy f\u0151iskolai) oklev\u00e9l<\/p>\n\n\n\n<h3 class=\"wp-block-heading\">K\u00e9pz\u00e9si adatok<\/h3>\n\n\n\n<p><strong>A k\u00e9pz\u00e9si id\u0151 f\u00e9l\u00e9vekben meghat\u00e1rozva:<\/strong>&nbsp;4 f\u00e9l\u00e9v<\/p>\n\n\n\n<p><strong>Finansz\u00edroz\u00e1si forma:<\/strong>&nbsp;\u00f6nk\u00f6lts\u00e9ges, az \u00f6nk\u00f6lts\u00e9gi d\u00edj 290 000 Ft\/f\u00e9l\u00e9v<\/p>\n\n\n\n<p><strong>Munkarend:&nbsp;<\/strong>levelez\u0151<\/p>\n\n\n\n<h3 class=\"wp-block-heading\">Mintatanterv<\/h3>\n\n\n\n<p><img loading=\"lazy\" decoding=\"async\" width=\"16\" height=\"16\" src=\"https:\/\/bgk.uni-obuda.hu\/wp-content\/uploads\/2023\/02\/x-office-document.png\" alt=\"\">&nbsp;<a href=\"https:\/\/bgk.uni-obuda.hu\/tantervek\/\"><strong>Mintatanterv&nbsp;<\/strong>el\u00e9rhet\u0151 a Tanulm\u00e1nyi Iroda aloldal\u00e1n<\/a><\/p>\n\n\n\n<h3 class=\"wp-block-heading\">T\u00e1j\u00e9koztat\u00f3 pdf form\u00e1tumban<\/h3>\n\n\n\n<p>Let\u00f6lthet\u0151 <strong><a href=\"https:\/\/bgk.uni-obuda.hu\/fkk\/wp-content\/uploads\/2026\/03\/robbantastechnikai_tovabbkepzes_tajekoztatas-2023.pdf\">innen<\/a><\/strong><\/p>\n\n\n\n<hr class=\"wp-block-separator has-alpha-channel-opacity\"\/>\n\n\n<div class=\"wp-block-image\">\n<figure class=\"aligncenter size-full is-resized\"><img loading=\"lazy\" decoding=\"async\" width=\"300\" height=\"252\" src=\"https:\/\/bgk.uni-obuda.hu\/fkk\/wp-content\/uploads\/2026\/03\/ROBBANTASTECHNIKA-Logo-300x252-1.png\" alt=\"\" class=\"wp-image-48\" style=\"width:192px;height:162px\"\/><\/figure>\n<\/div>\n\n\n<h3 class=\"wp-block-heading\">A k\u00e9pz\u00e9s c\u00e9lja<\/h3>\n\n\n\n<p>Magyarorsz\u00e1gon \u00fagy a robbant\u00e1stechnika, mint a kritikus infrastrukt\u00fara v\u00e9delem ter\u00fclet\u00e9n olyan gyors \u00e9s jelent\u0151s v\u00e1ltoz\u00e1sok \u2013 technikai \u00e9s technol\u00f3giai fejl\u0151d\u00e9s \u2013, illetve s\u00falyos biztons\u00e1gi vesz\u00e9lyeztetetts\u00e9g lehet\u0151s\u00e9gei figyelhet\u0151k meg, melyek sz\u00fcks\u00e9gszer\u0171v\u00e9 teszik a ter\u00fclet szakemberei r\u00e9sz\u00e9re a megszerzett tud\u00e1suk folyamatos, szervezett form\u00e1ban t\u00f6rt\u00e9n\u0151 tov\u00e1bbfejleszt\u00e9s\u00e9t. A helyzetet s\u00falyosb\u00edtja, hogy a nemzetk\u00f6zi terrorizmus, eddig \u00f6sszef\u00fcgg\u00e9seiben nem vizsg\u00e1lt kih\u00edv\u00e1sok el\u00e9 \u00e1ll\u00edtja a ter\u00fclet szakembereit. Ezek sz\u00fcks\u00e9gszer\u0171en \u00f6sszekapcsolj\u00e1k a robbant\u00e1stechnika \u00e9s a kritikus infrastrukt\u00fara v\u00e9delem k\u00e9rd\u00e9seit, melyekre az oktat\u00e1snak megfelel\u0151 v\u00e1laszokat kell adnia.<\/p>\n\n\n\n<p><strong>A szakir\u00e1ny\u00fa tov\u00e1bbk\u00e9pz\u00e9s c\u00e9lja<\/strong>&nbsp;ez\u00e9rt az, hogy magas szint\u0171, korszer\u0171 elm\u00e9leti \u00e9s gyakorlati ismereteket ny\u00fajtson azoknak a&nbsp;<strong><em>robbant\u00e1stechnika<\/em><\/strong>, tov\u00e1bb\u00e1&nbsp;<strong><em>a rend-, a katasztr\u00f3fa- \u00e9s a honv\u00e9delem k\u00fcl\u00f6nb\u00f6z\u0151 ter\u00fcletein dolgoz\u00f3 szakembereknek<\/em><\/strong>, akik a kor\u00e1bban megszerzett szakk\u00e9pzetts\u00e9g\u00fck \u00e9s fels\u0151fok\u00fa szakismeret\u00fck birtok\u00e1ban k\u00e9pesek a szakter\u00fclet\u00fck\u00f6n bel\u00fcl felmer\u00fcl\u0151 probl\u00e9m\u00e1k megold\u00e1s\u00e1ra, \u00e9s adekv\u00e1t v\u00e1laszokat tudnak adni a kor k\u00f6vetelm\u00e9nyei \u00e1ltal t\u00e1masztott \u00faj kih\u00edv\u00e1sokra.<\/p>\n\n\n\n<p><strong>Megszerezhet\u0151 v\u00e9gzetts\u00e9g:&nbsp;<\/strong>Eredm\u00e9nyes z\u00e1r\u00f3vizsga eset\u00e9n, a hallgat\u00f3k a kor\u00e1bban megszerzett diplom\u00e1nak megfelel\u0151en&nbsp;<strong><em>Robbant\u00e1stechnikai szakember szakir\u00e1ny\u00fa szakk\u00e9pzetts\u00e9g<\/em><\/strong>, illetve&nbsp;<strong><em>Robbant\u00e1stechnikai szakm\u00e9rn\u00f6k oklevelet<\/em><\/strong>&nbsp;kapnak.<\/p>\n\n\n\n<p><strong>A z\u00e1r\u00f3vizsga t\u00e1rgyai:<\/strong><\/p>\n\n\n\n<ul class=\"wp-block-list\">\n<li>Ipari robbant\u00e1stechnika;<\/li>\n\n\n\n<li>Robbant\u00e1sos cselekm\u00e9nyek elleni v\u00e9delem.<\/li>\n<\/ul>\n\n\n\n<h3 class=\"wp-block-heading\">A kor\u00e1bban szerzett ismeretek, gyakorlatok besz\u00e1m\u00edt\u00e1si rendje<\/h3>\n\n\n\n<p>kor\u00e1bban, hasonl\u00f3 t\u00e9m\u00e1ban szerzett \u00e9rdemjegyet az egyetem \u00e1ltal\u00e1nos elj\u00e1r\u00e1si rendje szerint sz\u00e1m\u00edtjuk be, azaz a f\u00e9l\u00e9v kezdet\u00e9n \u2013 index \u00e9s megfelel\u0151 tematika alapj\u00e1n \u2013 a tant\u00e1rgyfelel\u0151s oktat\u00f3 tesz javaslatot a besz\u00e1m\u00edt\u00e1s lehet\u0151s\u00e9g\u00e9re.<\/p>\n\n\n\n<hr class=\"wp-block-separator has-alpha-channel-opacity\"\/>\n\n\n\n<h3 class=\"wp-block-heading\">A k\u00e9pz\u00e9s sor\u00e1n megszerzend\u0151 ismeretek<\/h3>\n\n\n\n<ul class=\"wp-block-list\">\n<li>Korszer\u0171 ipari \u00e9s katonai robbant\u00f3anyagok \u00e9s azok alkalmaz\u00e1si lehet\u0151s\u00e9gei;<\/li>\n\n\n\n<li>Robbant\u00e1ssal t\u00f6rt\u00e9n\u0151 munkav\u00e9gz\u00e9ssel \u00e9s robbant\u00e1sos cselekm\u00e9nyek hat\u00e1saival kapcsolatos eg\u00e9szs\u00e9g\u00fcgyi\/munkav\u00e9delmi ismeretek;<\/li>\n\n\n\n<li>Robbant\u00e1sos cselekm\u00e9nyek kock\u00e1zatelemz\u00e9se;<\/li>\n\n\n\n<li>A bombafenyeget\u00e9s \u00e9s bombamer\u00e9nyletek \u00e1ltal\u00e1nos jellemz\u0151i;<\/li>\n\n\n\n<li>Robban\u00f3szerkezetek felder\u00edt\u00e9s\u00e9nek \u00e9s hat\u00e1stalan\u00edt\u00e1s\u00e1nak m\u00f3dszerei, eszk\u00f6zei;<\/li>\n\n\n\n<li>A robban\u00e1si l\u00f6k\u00e9shull\u00e1mok modellez\u00e9se, \u00e9s komplex t\u00e9rben val\u00f3 terjed\u00e9s\u00fck vizsg\u00e1lat\u00e1nak m\u00f3dszerei, lehet\u0151s\u00e9gei;<\/li>\n\n\n\n<li>\u00c9p\u00fcletek robbant\u00e1s elleni v\u00e9delm\u00e9nek \u00e9p\u00edt\u00e9szeti szempontjai, lehet\u0151s\u00e9gei;<\/li>\n\n\n\n<li>\u00c9p\u00edtm\u00e9nyek kialak\u00edt\u00e1sa, meger\u0151s\u00edt\u00e9se, v\u00e9delmi k\u00e9pess\u00e9geinek fokoz\u00e1sa robbant\u00e1si k\u00eds\u00e9rletek \u00e9s szoftveres modellez\u00e9s alapj\u00e1n;<\/li>\n\n\n\n<li>A t\u0171z- \u00e9s a katasztr\u00f3fav\u00e9delem szakir\u00e1ny\u00fa k\u00e9rd\u00e9sei;<\/li>\n\n\n\n<li>Vesz\u00e9lyes anyagok t\u00e1rol\u00e1sa \u00e9s sz\u00e1ll\u00edt\u00e1sa;<\/li>\n\n\n\n<li>Alkalmazott szakmai jogi ismeretek;<\/li>\n\n\n\n<li>Min\u0151s\u00e9gbiztos\u00edt\u00e1s.<\/li>\n<\/ul>\n\n\n\n<h3 class=\"wp-block-heading\">A szakk\u00e9pzetts\u00e9g alkalmaz\u00e1sa konkr\u00e9t k\u00f6rnyezetben, tev\u00e9kenys\u00e9gek sor\u00e1n<\/h3>\n\n\n\n<ul class=\"wp-block-list\">\n<li>A szakember a szakk\u00e9pzetts\u00e9g birtok\u00e1ban alkalmass\u00e1 v\u00e1lik a robbant\u00e1stechnika piac\u00e1n t\u00f6rt\u00e9n\u0151 megfelel\u0151 sz\u00ednvonal\u00fa, szakszer\u0171 munkav\u00e9gz\u00e9sre;<\/li>\n\n\n\n<li>Speci\u00e1lis ismereteket ig\u00e9nyl\u0151 robbant\u00e1stechnikai \u00fczlet\u00e1gban, munkak\u00f6rben val\u00f3 j\u00e1rtass\u00e1g, a robbant\u00e1stechnika, tov\u00e1bb\u00e1 a rend-, a katasztr\u00f3fa- \u00e9s a honv\u00e9delem k\u00fcl\u00f6nb\u00f6z\u0151 ter\u00fcletein;<\/li>\n\n\n\n<li>A k\u00e9pz\u00e9s sor\u00e1n szerzett ismeretek birtok\u00e1ban (az egy\u00e9b, jogszab\u00e1lyilag el\u0151\u00edrt felt\u00e9telek teljes\u00fcl\u00e9se eset\u00e9n) polg\u00e1ri robbant\u00e1svezet\u0151i vizsga tehet\u0151.<\/li>\n<\/ul>\n\n\n\n<h3 class=\"wp-block-heading\">A&nbsp;Robbant\u00e1stechnikai szakm\u00e9rn\u00f6k\/szakember attit\u0171dje<\/h3>\n\n\n\n<ul class=\"wp-block-list\">\n<li>Objekt\u00edven tekint a szakter\u00fcletet megalapoz\u00f3 \u00e1ltal\u00e1nos \u00e9s specifikus ismeretekre;<\/li>\n\n\n\n<li>Szakmai ismereteinek, k\u00e9pess\u00e9geinek birtok\u00e1ban van, azokat k\u00e9pes munk\u00e1ja sor\u00e1n alkot\u00f3 m\u00f3don alkalmazni;<\/li>\n\n\n\n<li>Ismereteit naprak\u00e9szen tartja, tud\u00e1s\u00e1t eredm\u00e9nyesen k\u00e9pes \u00e1tadni \u00e9s folyamatosan fejleszteni;<\/li>\n\n\n\n<li>Magatart\u00e1sa \u00e9s kommunik\u00e1ci\u00f3ja hiteles, \u00e9rthet\u0151, hat\u00e1rozott \u00e9s meggy\u0151z\u0151;<\/li>\n\n\n\n<li>Szakmai d\u00f6nt\u00e9seit a vonatkoz\u00f3 jogszab\u00e1lyok \u00e9s etikai norm\u00e1k teljes k\u00f6r\u0171 figyelembev\u00e9tel\u00e9vel hozza meg;<\/li>\n\n\n\n<li>A szab\u00e1lyokat megb\u00edzhat\u00f3an alkalmazza \u00e9s meg tudja \u00edt\u00e9lni az elfogadhat\u00f3 m\u00e9rt\u00e9k\u0171 elt\u00e9r\u00e9st, sz\u00fcks\u00e9g eset\u00e9n korrekci\u00f3s javaslatokat k\u00e9pes megfogalmazni;<\/li>\n\n\n\n<li>Szakmai tekintetben k\u00e9pes komplexen gondolkodni, d\u00f6nteni \u00e9s cselekedni;<\/li>\n\n\n\n<li>A szakmai probl\u00e9m\u00e1k tekintet\u00e9ben alkalmazza az ok-okozatelemz\u00e9s, a probl\u00e9mamegold\u00e1s eszk\u00f6zeit;<\/li>\n\n\n\n<li>Tev\u00e9kenys\u00e9g\u00e9t megtervezi, a tervek szerint v\u00e9gzi, az eredm\u00e9nyeket elemzi, \u00e9rt\u00e9keli, sz\u00fcks\u00e9g eset\u00e9n korrekci\u00f3t v\u00e9gez;<\/li>\n\n\n\n<li>Elk\u00f6telezett az ig\u00e9nyes \u00e9s min\u0151s\u00e9gi munka ir\u00e1nt, tev\u00e9kenys\u00e9g\u00e9t az oktat\u00e1si int\u00e9zm\u00e9ny\u00e9nek szellemis\u00e9g\u00e9ben, illetve j\u00f3h\u00edr\u00e9nek \u00f6regb\u00edt\u00e9s\u00e9vel l\u00e1tja el.<\/li>\n<\/ul>\n\n\n\n<h3 class=\"wp-block-heading\">A&nbsp;Robbant\u00e1stechnikai szakm\u00e9rn\u00f6k\/szakember felel\u0151ss\u00e9ge<\/h3>\n\n\n\n<ul class=\"wp-block-list\">\n<li>Tev\u00e9kenys\u00e9g\u00e9nek eredm\u00e9nyeit re\u00e1lisan \u00e9rt\u00e9keli;<\/li>\n\n\n\n<li>\u00d6n\u00e1ll\u00f3an \u00e9s pontosan l\u00e1tja el feladatait;<\/li>\n\n\n\n<li>Szakter\u00fclet\u00e9t megalapoz\u00f3 n\u00e9zeteket felel\u0151ss\u00e9ggel v\u00e1llalja;<\/li>\n\n\n\n<li>Tudatosan t\u00f6rekszik az \u00f6nfejleszt\u00e9sre;<\/li>\n\n\n\n<li>Felel\u0151ss\u00e9get v\u00e1llal a k\u00f6z\u00f6ss\u00e9g \u00e9rdek\u00e9ben v\u00e9gzett munk\u00e1\u00e9rt;<\/li>\n\n\n\n<li>V\u00e1ratlan d\u00f6nt\u00e9si helyzetekben is \u00f6n\u00e1ll\u00f3an k\u00e9pes a munkav\u00e9gz\u00e9sre, a szakmai d\u00f6nt\u00e9sek meghozatal\u00e1ra;<\/li>\n\n\n\n<li>Tev\u00e9kenys\u00e9ge sor\u00e1n figyelemmel k\u00eds\u00e9ri a kapcsol\u00f3d\u00f3 szakter\u00fcletek jogszab\u00e1lyi \u00e9s technol\u00f3giai v\u00e1ltoz\u00e1sait.<\/li>\n<\/ul>\n\n\n\n<p><strong>A tant\u00e1rgyak oktat\u00f3i<\/strong>, az adott ter\u00fclet elismert szakemberei.<\/p>\n\n\n\n<p><strong>A k\u00e9pz\u00e9s vezet\u0151je<\/strong>: Dr. Daruka Norbert, a katonai m\u0171szaki tudom\u00e1nyok PhD fokozatosa, robban\u00f3anyag-ipari szakm\u00e9rn\u00f6k.<\/p>\n","protected":false},"excerpt":{"rendered":"<p>Tov\u00e1bbi inform\u00e1ci\u00f3k K\u00e9pz\u00e9svezet\u0151: Dr. Daruka Norbert,&nbsp;daruka.norbert@bgk.uni-obuda.hu&nbsp;(+36-20-918-7381)K\u00e9pz\u00e9sszervez\u0151: L\u0151rincz Andrea,&nbsp;lorincz.andrea@bgk.uni-obuda.hu&nbsp;(+36-30-146-4570) A szakir\u00e1ny\u00fa tov\u00e1bbk\u00e9pz\u00e9sben szerezhet\u0151 szakk\u00e9pzetts\u00e9g oklev\u00e9lben szerepl\u0151 megnevez\u00e9se magyar nyelven: A felv\u00e9tel felt\u00e9tele Szakm\u00e9rn\u00f6k k\u00e9pz\u00e9s:&nbsp;m\u00e9rn\u00f6ki (BSc, MSc, vagy kor\u00e1bbi f\u0151iskolai vagy egyetemi) diplomaSzakember k\u00e9pz\u00e9s:&nbsp;b\u00e1rmely fels\u0151oktat\u00e1si szakon szerzett BSc, vagy MSc, (kor\u00e1bbi egyetemivagy f\u0151iskolai) oklev\u00e9l K\u00e9pz\u00e9si adatok A k\u00e9pz\u00e9si id\u0151 f\u00e9l\u00e9vekben meghat\u00e1rozva:&nbsp;4 f\u00e9l\u00e9v Finansz\u00edroz\u00e1si forma:&nbsp;\u00f6nk\u00f6lts\u00e9ges, az \u00f6nk\u00f6lts\u00e9gi d\u00edj [&hellip;]<\/p>\n","protected":false},"author":1,"featured_media":0,"parent":0,"menu_order":0,"comment_status":"closed","ping_status":"closed","template":"","meta":{"footnotes":""},"class_list":["post-46","page","type-page","status-publish","hentry"],"featured_image_src":null,"_links":{"self":[{"href":"https:\/\/bgk.uni-obuda.hu\/fkk\/wp-json\/wp\/v2\/pages\/46","targetHints":{"allow":["GET"]}}],"collection":[{"href":"https:\/\/bgk.uni-obuda.hu\/fkk\/wp-json\/wp\/v2\/pages"}],"about":[{"href":"https:\/\/bgk.uni-obuda.hu\/fkk\/wp-json\/wp\/v2\/types\/page"}],"author":[{"embeddable":true,"href":"https:\/\/bgk.uni-obuda.hu\/fkk\/wp-json\/wp\/v2\/users\/1"}],"replies":[{"embeddable":true,"href":"https:\/\/bgk.uni-obuda.hu\/fkk\/wp-json\/wp\/v2\/comments?post=46"}],"version-history":[{"count":2,"href":"https:\/\/bgk.uni-obuda.hu\/fkk\/wp-json\/wp\/v2\/pages\/46\/revisions"}],"predecessor-version":[{"id":342,"href":"https:\/\/bgk.uni-obuda.hu\/fkk\/wp-json\/wp\/v2\/pages\/46\/revisions\/342"}],"wp:attachment":[{"href":"https:\/\/bgk.uni-obuda.hu\/fkk\/wp-json\/wp\/v2\/media?parent=46"}],"curies":[{"name":"wp","href":"https:\/\/api.w.org\/{rel}","templated":true}]}}