{"id":50,"date":"2026-03-17T10:10:24","date_gmt":"2026-03-17T10:10:24","guid":{"rendered":"https:\/\/bgk.uni-obuda.hu\/fkk\/?page_id=50"},"modified":"2026-05-05T14:26:53","modified_gmt":"2026-05-05T12:26:53","slug":"vasutijarmu-karbantarto","status":"publish","type":"page","link":"https:\/\/bgk.uni-obuda.hu\/fkk\/vasutijarmu-karbantarto\/","title":{"rendered":"Vas\u00fatij\u00e1rm\u0171-karbantart\u00f3 szakm\u00e9rn\u00f6k"},"content":{"rendered":"\n<h3 class=\"wp-block-heading\">Tov\u00e1bbi inform\u00e1ci\u00f3k<\/h3>\n\n\n\n<p><strong>K\u00e9pz\u00e9svezet\u0151: <\/strong>Dr. Szab\u00f3 J\u00f3zsef Zolt\u00e1n; <a href=\"mailto:szabo.jozsef@bgk.uni-obuda.hu\">szabo.jozsef@bgk.uni-obuda.hu<\/a> ; (+36 (1) 666-5358)<br><strong>K\u00e9pz\u00e9sszervez\u0151:<\/strong> Varga Eszter; <a href=\"mailto:varga.eszter@bgk.uni-obuda.hu\">varga.eszter@bgk.uni-obuda.hu<\/a> ; (+36 (30) 119 6661)<\/p>\n\n\n\n<hr class=\"wp-block-separator has-alpha-channel-opacity\"\/>\n\n\n<div style=\"background-color: #d9edf7; color: #31708f; border-left-color: #fcb900; \" class=\"ub-styled-box ub-notification-box wp-block-ub-styled-box\" id=\"ub-styled-box-dd8d6334-7c72-4961-b972-0fb554c4023f\">\n<h3 class=\"wp-block-heading\" id=\"ub-styled-box-notification-content-\">Jelentkez\u00e9s<\/h3>\n\n\n\n<p><strong>Az online jelentkez\u00e9si \u0171rlap hi\u00e1nytalan kit\u00f6lt\u00e9s\u00e9vel<\/strong>:<\/p>\n\n\n<div style=\"gap: 20px;\" class=\"align-button-center ub-buttons orientation-button-row ub-flex-wrap wp-block-ub-button\" id=\"ub-button-eab7efaf-1971-4cc7-9c32-1af8429d6b27\"><div class=\"ub-button-container\">\n\t\t\t<a href=\"https:\/\/bgk.uni-obuda.hu\/fkk\/szakiranyu-tovabbkepzesek-urlap\/\" target=\"_self\" class=\"ub-button-block-main   ub-button-flex\" role=\"button\" style=\"--ub-button-background-color: #7bdcb5; --ub-button-color: #000000; --ub-button-border: none; --ub-button-hover-background-color: #1d294d; --ub-button-hover-color: #ffffff; --ub-button-hover-border: none; padding-top: 10px; padding-right: 10px; padding-bottom: 10px; padding-left: 10px; border-top-left-radius: 10px;; border-top-right-radius: 10px;; border-bottom-left-radius: 10px;; border-bottom-right-radius: 10px;; \">\n\t\t\t\t<div class=\"ub-button-content-holder\" style=\"flex-direction: row\">\n\t\t\t\t\t<span class=\"ub-button-block-btn\">Jelentkez\u00e9si lap<\/span>\n\t\t\t\t<\/div>\n\t\t\t<\/a>\n\t\t<\/div><\/div>\n\n\n<p><em>K\u00e9rj\u00fck minden esetben pontosan jel\u00f6lje\u00a0meg a kiv\u00e1lasztott szakot, amelyre jelentkezni szeretne!<\/em><\/p>\n\n\n\n<p><strong>Jelentkez\u00e9si hat\u00e1rid\u0151:<\/strong>\u00a02026. augusztus 15.<br><strong>K\u00e9pz\u00e9s kezdete<\/strong>: 2026. szeptember<\/p>\n\n\n<\/div>\n\n\n<hr class=\"wp-block-separator has-alpha-channel-opacity\"\/>\n\n\n\n<p><strong>A szakir\u00e1ny\u00fa tov\u00e1bbk\u00e9pz\u00e9sben szerezhet\u0151 szakk\u00e9pzetts\u00e9g oklev\u00e9lben szerepl\u0151 megnevez\u00e9se magyar nyelven: <\/strong><\/p>\n\n\n\n<ul class=\"wp-block-list\">\n<li>Vas\u00fatij\u00e1rm\u0171-karbantart\u00f3 szakm\u00e9rn\u00f6k<\/li>\n<\/ul>\n\n\n\n<p><strong>A szakir\u00e1ny\u00fa tov\u00e1bbk\u00e9pz\u00e9sben szerezhet\u0151 szakk\u00e9pzetts\u00e9g oklev\u00e9lben szerepl\u0151 megnevez\u00e9se angol nyelven: <\/strong><\/p>\n\n\n\n<ul class=\"wp-block-list\">\n<li>Railway vehicle maintenance engineer<\/li>\n<\/ul>\n\n\n\n<h3 class=\"wp-block-heading\">A felv\u00e9tel felt\u00e9tele<\/h3>\n\n\n\n<p>A szakir\u00e1ny\u00fa tov\u00e1bbk\u00e9pz\u00e9sre az vehet\u0151 fel, aki vagy alapk\u00e9pz\u00e9sben vagy mesterk\u00e9pz\u00e9sben (ide\u00e9rtve a f\u0151iskolai, illetve egyetemi szint\u0171 v\u00e9gzetts\u00e9get is) m\u00e1r megszerzett v\u00e9gzetts\u00e9ggel \u00e9s szakk\u00e9pzetts\u00e9ggel rendelkezik.<\/p>\n\n\n\n<p>A Vas\u00fati j\u00e1rm\u0171 karbantart\u00f3 szakm\u00e9rn\u00f6k szakir\u00e1ny\u00fa tov\u00e1bbk\u00e9pz\u00e9si szakra t\u00f6rt\u00e9n\u0151 felv\u00e9tel felt\u00e9tele, hogy a jelentkez\u0151 szakir\u00e1ny\u00fa (mechatronikai m\u00e9rn\u00f6k, g\u00e9p\u00e9szm\u00e9rn\u00f6k, villamosm\u00e9rn\u00f6k, informatikus m\u00e9rn\u00f6k, k\u00f6zleked\u00e9sm\u00e9rn\u00f6k) m\u00e9rn\u00f6ki v\u00e9gzetts\u00e9ggel rendelkezik. Egy\u00e9b m\u0171szaki\/informatikusi diploma eset\u00e9ben a hallgat\u00f3nak a jelentkez\u00e9s sor\u00e1n be kell ny\u00fajtani a leckek\u00f6nyve hiteles\u00edtett m\u00e1solat\u00e1t, mely alapj\u00e1n a szakvezet\u0151 \u2013 \u00f6sszhangban az \u00d3budai Egyetem Tanulm\u00e1nyi \u00e9s vizsgaszab\u00e1lyzat\u00e1val \u2013 m\u00e9rlegeli az el\u0151tanulm\u00e1nyokat, s d\u00f6nt\u00e9st hoz a jelentkez\u0151 felv\u00e9tel\u00e9r\u0151l a Vas\u00fati j\u00e1rm\u0171 karbantart\u00f3 szakm\u00e9rn\u00f6k szakir\u00e1ny\u00fa tov\u00e1bbk\u00e9pz\u00e9sre.<\/p>\n\n\n\n<h3 class=\"wp-block-heading\">K\u00e9pz\u00e9si adatok<\/h3>\n\n\n\n<p><strong>A k\u00e9pz\u00e9si id\u0151 f\u00e9l\u00e9vekben meghat\u00e1rozva:<\/strong>&nbsp;3 f\u00e9l\u00e9v<\/p>\n\n\n\n<p><strong>A szakk\u00e9pzetts\u00e9g megszerz\u00e9s\u00e9hez \u00f6sszegy\u0171jtend\u0151 kreditek sz\u00e1ma: <\/strong>90 kredit<\/p>\n\n\n\n<p><strong>Finansz\u00edroz\u00e1si forma:<\/strong>&nbsp;\u00f6nk\u00f6lts\u00e9ges, az \u00f6nk\u00f6lts\u00e9gi d\u00edj 365 000 (Ft\/f\u00e9l\u00e9v)<\/p>\n\n\n\n<p><strong>Munkarend: <\/strong>levelez\u0151, 2 hetente p\u00e9ntek-szombati oktat\u00e1ssal<\/p>\n\n\n\n<p><strong>A gyakorlati k\u00e9pz\u00e9s a BKV k\u00fcl\u00f6nb\u00f6z\u0151 budapesti telephelyein zajlik, ezek megk\u00f6zel\u00edt\u00e9s\u00e9r\u0151l a hallgat\u00f3knak \u00f6n\u00e1ll\u00f3an kell gondoskodniuk.<\/strong><\/p>\n\n\n\n<h3 class=\"wp-block-heading\">Mintatanterv<\/h3>\n\n\n\n<p><img loading=\"lazy\" decoding=\"async\" width=\"16\" height=\"16\" src=\"https:\/\/bgk.uni-obuda.hu\/wp-content\/uploads\/2023\/02\/x-office-document.png\" alt=\"\">&nbsp;<a href=\"https:\/\/bgk.uni-obuda.hu\/tantervek\/\"><strong>Mintatanterv&nbsp;<\/strong>el\u00e9rhet\u0151 a Tanulm\u00e1nyi Iroda aloldal\u00e1n<\/a><\/p>\n\n\n\n<h3 class=\"wp-block-heading\">A k\u00e9pz\u00e9s c\u00e9lja<\/h3>\n\n\n\n<p>A szakir\u00e1ny\u00fa tov\u00e1bbk\u00e9pz\u00e9s c\u00e9lja, hogy r\u00e9szletes, korszer\u0171 \u00e9s gyakorlatk\u00f6zpont\u00fa tud\u00e1st adjon a hallgat\u00f3knak a k\u00f6z\u00f6ss\u00e9gi k\u00f6zleked\u00e9sben haszn\u00e1lt k\u00f6t\u00f6ttp\u00e1ly\u00e1s j\u00e1rm\u0171vek (metr\u00f3, villamos, vas\u00fat) karbantart\u00e1s\u00e1nak \u00e9s \u00fczemeltet\u00e9s\u00e9nek komplex vil\u00e1g\u00e1ban.<br>A k\u00e9pz\u00e9s sor\u00e1n a hallgat\u00f3k elsaj\u00e1t\u00edtj\u00e1k a k\u00f6t\u00f6ttp\u00e1ly\u00e1s k\u00f6zleked\u00e9s \u00e9s a vas\u00fatij\u00e1rm\u0171szerkezetek alapjait, megismerik a hagyom\u00e1nyos \u00e9s a korszer\u0171 karbantart\u00e1si strat\u00e9gi\u00e1kat, a t\u00f6nkrement alkatr\u00e9szek jav\u00edt\u00e1stechnol\u00f3gi\u00e1j\u00e1t, a napjainkban alkalmazott mechatronikai szerkezeteket, hajt\u00e1sl\u00e1ncokat, ezek hajt\u00e1s\u00e1hoz sz\u00fcks\u00e9ges \u00fczemanyagokat \u00e9s \u00fczemanyag-ell\u00e1t\u00f3 berendez\u00e9seket, ir\u00e1ny\u00edt\u00e1sukhoz \u00e9s szab\u00e1lyz\u00e1sukhoz sz\u00fcks\u00e9ges eszk\u00f6z\u00f6ket, informatikai \u00e9s PLC-programoz\u00e1si m\u00f3dszereket.<br>A program k\u00fcl\u00f6n hangs\u00falyt fektet az \u00fczemeltet\u00e9s k\u00f6zben kimutathat\u00f3 hib\u00e1k korszer\u0171 diagnosztikai m\u00f3dszerekkel t\u00f6rt\u00e9n\u0151 vizsg\u00e1lat\u00e1ra, valamint az \u00fczemeltet\u00e9shez sz\u00fcks\u00e9ges szab\u00e1lyzatok \u00e9s szabv\u00e1nyok ismeret\u00e9re. A hallgat\u00f3k k\u00e9pesek lesznek szakm\u00e9rn\u00f6kk\u00e9nt hozz\u00e1j\u00e1rulni a k\u00f6t\u00f6ttp\u00e1ly\u00e1s k\u00f6zleked\u00e9si eszk\u00f6z\u00f6k hat\u00e9kony \u00e9s fenntarthat\u00f3 \u00fczemeltet\u00e9s\u00e9hez.<\/p>\n\n\n\n<h3 class=\"wp-block-heading\">A k\u00e9pz\u00e9s f\u0151bb ter\u00fcletei<\/h3>\n\n\n\n<figure class=\"wp-block-table\"><table><tbody><tr><td>T\u00e1rgyak jellege<\/td><td>Kredit<\/td><\/tr><tr><td>Alapismeretek \u00e9s szakmai t\u00f6rzsanyag<\/td><td>25<\/td><\/tr><tr><td>Speci\u00e1lis szakismeretek<\/td><td>55<\/td><\/tr><tr><td>Szakdolgozat<\/td><td>10<\/td><\/tr><tr><td>\u00d6sszesen<\/td><td>90<\/td><\/tr><\/tbody><\/table><\/figure>\n\n\n\n<h3 class=\"wp-block-heading\">A kor\u00e1bban szerzett ismeretek, gyakorlatok besz\u00e1m\u00edt\u00e1si rendje<\/h3>\n\n\n\n<p>A kor\u00e1bban, hasonl\u00f3 t\u00e9m\u00e1ban szerzett \u00e9rdemjegyet az egyetem \u00e1ltal\u00e1nos elj\u00e1r\u00e1si rendje szerint sz\u00e1m\u00edtjuk be, azaz a f\u00e9l\u00e9v kezdet\u00e9n, index alapj\u00e1n \u00e9s megfelel\u0151 tematika alapj\u00e1n a tant\u00e1rgyfelel\u0151s oktat\u00f3 tesz javaslatot a besz\u00e1m\u00edt\u00e1s lehet\u0151s\u00e9g\u00e9re.<\/p>\n\n\n\n<h3 class=\"wp-block-heading\">A z\u00e1r\u00f3vizsg\u00e1ra bocs\u00e1t\u00e1s felt\u00e9telei<\/h3>\n\n\n\n<p>A z\u00e1r\u00f3vizsg\u00e1ra bocs\u00e1t\u00e1s felt\u00e9tele a v\u00e9gbizony\u00edtv\u00e1ny (abszolut\u00f3rium) megszerz\u00e9se. V\u00e9gbizony\u00edtv\u00e1nyt a fels\u0151oktat\u00e1si int\u00e9zm\u00e9ny annak a hallgat\u00f3nak \u00e1ll\u00edt ki, aki a tantervben el\u0151\u00edrt tanulm\u00e1nyi \u00e9s vizsgak\u00f6vetelm\u00e9nyeket \u2013 szakdolgozat elk\u00e9sz\u00edt\u00e9se kiv\u00e9tel\u00e9vel \u2013 teljes\u00edtette \u00e9s az el\u0151\u00edrt krediteket megszerezte.<\/p>\n\n\n\n<p><strong>A z\u00e1r\u00f3vizsga r\u00e9szei<\/strong><\/p>\n\n\n\n<p>A z\u00e1r\u00f3vizsga a szakdolgozat v\u00e9d\u00e9s\u00e9b\u0151l \u00e9s a tantervben el\u0151\u00edrt t\u00e1rgyakb\u00f3l tett sz\u00f3beli vizsg\u00e1kb\u00f3l \u00e1ll. A z\u00e1r\u00f3vizsg\u00e1t a hallgat\u00f3nak egy napon, folyamatosan kell letenni.<br>A z\u00e1r\u00f3vizsga sz\u00f3beli vizsg\u00e1b\u00f3l \u00e1ll, a felk\u00e9sz\u00fcl\u00e9si id\u0151 tant\u00e1rgyank\u00e9nt 10 perc.<\/p>\n","protected":false},"excerpt":{"rendered":"<p>Tov\u00e1bbi inform\u00e1ci\u00f3k K\u00e9pz\u00e9svezet\u0151: Dr. Szab\u00f3 J\u00f3zsef Zolt\u00e1n; szabo.jozsef@bgk.uni-obuda.hu ; (+36 (1) 666-5358)K\u00e9pz\u00e9sszervez\u0151: Varga Eszter; varga.eszter@bgk.uni-obuda.hu ; (+36 (30) 119 6661) A szakir\u00e1ny\u00fa tov\u00e1bbk\u00e9pz\u00e9sben szerezhet\u0151 szakk\u00e9pzetts\u00e9g oklev\u00e9lben szerepl\u0151 megnevez\u00e9se magyar nyelven: A szakir\u00e1ny\u00fa tov\u00e1bbk\u00e9pz\u00e9sben szerezhet\u0151 szakk\u00e9pzetts\u00e9g oklev\u00e9lben szerepl\u0151 megnevez\u00e9se angol nyelven: A felv\u00e9tel felt\u00e9tele A szakir\u00e1ny\u00fa tov\u00e1bbk\u00e9pz\u00e9sre az vehet\u0151 fel, aki vagy alapk\u00e9pz\u00e9sben vagy mesterk\u00e9pz\u00e9sben (ide\u00e9rtve [&hellip;]<\/p>\n","protected":false},"author":1,"featured_media":0,"parent":0,"menu_order":0,"comment_status":"closed","ping_status":"closed","template":"","meta":{"footnotes":""},"class_list":["post-50","page","type-page","status-publish","hentry"],"featured_image_src":null,"_links":{"self":[{"href":"https:\/\/bgk.uni-obuda.hu\/fkk\/wp-json\/wp\/v2\/pages\/50","targetHints":{"allow":["GET"]}}],"collection":[{"href":"https:\/\/bgk.uni-obuda.hu\/fkk\/wp-json\/wp\/v2\/pages"}],"about":[{"href":"https:\/\/bgk.uni-obuda.hu\/fkk\/wp-json\/wp\/v2\/types\/page"}],"author":[{"embeddable":true,"href":"https:\/\/bgk.uni-obuda.hu\/fkk\/wp-json\/wp\/v2\/users\/1"}],"replies":[{"embeddable":true,"href":"https:\/\/bgk.uni-obuda.hu\/fkk\/wp-json\/wp\/v2\/comments?post=50"}],"version-history":[{"count":2,"href":"https:\/\/bgk.uni-obuda.hu\/fkk\/wp-json\/wp\/v2\/pages\/50\/revisions"}],"predecessor-version":[{"id":345,"href":"https:\/\/bgk.uni-obuda.hu\/fkk\/wp-json\/wp\/v2\/pages\/50\/revisions\/345"}],"wp:attachment":[{"href":"https:\/\/bgk.uni-obuda.hu\/fkk\/wp-json\/wp\/v2\/media?parent=50"}],"curies":[{"name":"wp","href":"https:\/\/api.w.org\/{rel}","templated":true}]}}