{"id":54,"date":"2026-03-17T10:14:41","date_gmt":"2026-03-17T10:14:41","guid":{"rendered":"https:\/\/bgk.uni-obuda.hu\/fkk\/?page_id=54"},"modified":"2026-04-13T10:42:14","modified_gmt":"2026-04-13T08:42:14","slug":"szaktanfolyamok","status":"publish","type":"page","link":"https:\/\/bgk.uni-obuda.hu\/fkk\/szaktanfolyamok\/","title":{"rendered":"Szaktanfolyamok"},"content":{"rendered":"\n<div class=\"wp-block-columns is-layout-flex wp-container-core-columns-is-layout-9d6595d7 wp-block-columns-is-layout-flex\">\n<div class=\"wp-block-column is-layout-flow wp-block-column-is-layout-flow\">\n<a class=\"elosztobutton\" href=\"https:\/\/bgk.uni-obuda.hu\/fkk\/szaktanfolyamok\/nemzetkozi-hegesztomernoki-kulonbozeti-kepzes\/\"><span class=\"text\">Nemzetk\u00f6zi hegeszt\u0151m\u00e9rn\u00f6k k\u00fcl\u00f6nb\u00f6zeti k\u00e9pz\u00e9s (IWE)<\/span> <span class=\"nyil\">&gt;<\/span> <\/a>\n<\/div>\n\n\n\n<div class=\"wp-block-column is-layout-flow wp-block-column-is-layout-flow\">\n<a class=\"elosztobutton\" href=\"https:\/\/bgk.uni-obuda.hu\/fkk\/szaktanfolyamok\/nemzetkozi-hegesztospecialista\/\"><span class=\"text\">Nemzetk\u00f6zi hegeszt\u0151specialista (IWS)<\/span> <span class=\"nyil\">&gt;<\/span> <\/a>\n<\/div>\n<\/div>\n\n\n\n<div class=\"wp-block-columns is-layout-flex wp-container-core-columns-is-layout-9d6595d7 wp-block-columns-is-layout-flex\">\n<div class=\"wp-block-column is-layout-flow wp-block-column-is-layout-flow\">\n<a class=\"elosztobutton\" href=\"https:\/\/bgk.uni-obuda.hu\/fkk\/szaktanfolyamok\/nemzetkozi-hegesztotechnologus\/\"><span class=\"text\">Nemzetk\u00f6zi hegeszt\u0151technol\u00f3gus (IWT)<\/span> <span class=\"nyil\">&gt;<\/span> <\/a>\n<\/div>\n\n\n\n<div class=\"wp-block-column is-layout-flow wp-block-column-is-layout-flow\">\n<a class=\"elosztobutton\" href=\"https:\/\/bgk.uni-obuda.hu\/fkk\/szakiranyu-tovabbkepzesek\/veterangepjarmu-restaurator-szakmernok-szaktanfolyam\/\"><span class=\"text\">Veter\u00e1ng\u00e9pj\u00e1rm\u0171-restaur\u00e1tor szaktanfolyam<\/span> <span class=\"nyil\">&gt;<\/span> <\/a>\n<\/div>\n<\/div>\n\n\n\n<div class=\"wp-block-columns is-layout-flex wp-container-core-columns-is-layout-9d6595d7 wp-block-columns-is-layout-flex\">\n<div class=\"wp-block-column is-layout-flow wp-block-column-is-layout-flow\">\n<a class=\"elosztobutton\" href=\"https:\/\/bgk.uni-obuda.hu\/fkk\/szaktanfolyamok\/gyakorlati-muszaki-innovacios-ertek-menedzsment-tanfolyam\/\"><span class=\"text\">Gyakorlati m\u0171szaki innov\u00e1ci\u00f3s \u00e9rt\u00e9k menedzsment tanfolyam<\/span> <span class=\"nyil\">&gt;<\/span> <\/a>\n<\/div>\n\n\n\n<div class=\"wp-block-column is-layout-flow wp-block-column-is-layout-flow\">\n<a class=\"elosztobutton\" href=\"https:\/\/bgk.uni-obuda.hu\/fkk\/szaktanfolyamok\/plc-rendszeruzemelteto-alaptanfolyam\/\"><span class=\"text\">PLC rendszer\u00fczemeltet\u0151 alaptanfolyam<\/span> <span class=\"nyil\">&gt;<\/span> <\/a>\n<\/div>\n<\/div>\n","protected":false},"excerpt":{"rendered":"<p>Nemzetk\u00f6zi hegeszt\u0151m\u00e9rn\u00f6k k\u00fcl\u00f6nb\u00f6zeti k\u00e9pz\u00e9s (IWE) &gt; Nemzetk\u00f6zi hegeszt\u0151specialista (IWS) &gt; Nemzetk\u00f6zi hegeszt\u0151technol\u00f3gus (IWT) &gt; Veter\u00e1ng\u00e9pj\u00e1rm\u0171-restaur\u00e1tor szaktanfolyam &gt; Gyakorlati m\u0171szaki innov\u00e1ci\u00f3s \u00e9rt\u00e9k menedzsment tanfolyam &gt; PLC rendszer\u00fczemeltet\u0151 alaptanfolyam &gt;<\/p>\n","protected":false},"author":1,"featured_media":0,"parent":0,"menu_order":0,"comment_status":"closed","ping_status":"closed","template":"","meta":{"footnotes":""},"class_list":["post-54","page","type-page","status-publish","hentry"],"featured_image_src":null,"_links":{"self":[{"href":"https:\/\/bgk.uni-obuda.hu\/fkk\/wp-json\/wp\/v2\/pages\/54","targetHints":{"allow":["GET"]}}],"collection":[{"href":"https:\/\/bgk.uni-obuda.hu\/fkk\/wp-json\/wp\/v2\/pages"}],"about":[{"href":"https:\/\/bgk.uni-obuda.hu\/fkk\/wp-json\/wp\/v2\/types\/page"}],"author":[{"embeddable":true,"href":"https:\/\/bgk.uni-obuda.hu\/fkk\/wp-json\/wp\/v2\/users\/1"}],"replies":[{"embeddable":true,"href":"https:\/\/bgk.uni-obuda.hu\/fkk\/wp-json\/wp\/v2\/comments?post=54"}],"version-history":[{"count":3,"href":"https:\/\/bgk.uni-obuda.hu\/fkk\/wp-json\/wp\/v2\/pages\/54\/revisions"}],"predecessor-version":[{"id":279,"href":"https:\/\/bgk.uni-obuda.hu\/fkk\/wp-json\/wp\/v2\/pages\/54\/revisions\/279"}],"wp:attachment":[{"href":"https:\/\/bgk.uni-obuda.hu\/fkk\/wp-json\/wp\/v2\/media?parent=54"}],"curies":[{"name":"wp","href":"https:\/\/api.w.org\/{rel}","templated":true}]}}