{"id":59,"date":"2026-03-17T10:22:32","date_gmt":"2026-03-17T10:22:32","guid":{"rendered":"https:\/\/bgk.uni-obuda.hu\/fkk\/?page_id=59"},"modified":"2026-03-17T10:22:32","modified_gmt":"2026-03-17T10:22:32","slug":"nemzetkozi-hegesztospecialista","status":"publish","type":"page","link":"https:\/\/bgk.uni-obuda.hu\/fkk\/szaktanfolyamok\/nemzetkozi-hegesztospecialista\/","title":{"rendered":"Nemzetk\u00f6zi hegeszt\u0151specialista"},"content":{"rendered":"\n<h2 class=\"wp-block-heading has-text-align-center\">(IWS &#8211; International Welding Specialist)<\/h2>\n\n\n\n<hr class=\"wp-block-separator has-alpha-channel-opacity\"\/>\n\n\n\n<h3 class=\"wp-block-heading\">T\u00e1j\u00e9koztat\u00f3 a k\u00e9pz\u00e9sr\u0151l<\/h3>\n\n\n\n<p><strong>Korszer\u0171 hegeszt\u00e9si elj\u00e1r\u00e1sok, anyagok, tervez\u00e9si m\u00f3dszerek \u00e9s ipari alkalmaz\u00e1sok megismertet\u00e9se a hallgat\u00f3kkal, k\u00fcl\u00f6n\u00f6s tekintettel a gyakorlati alkalmaz\u00e1sokra.<\/strong><\/p>\n\n\n\n<p><strong>F\u0151iskolai (BSc) vagy egyetemi (MSc) m\u0171szaki v\u00e9gzetts\u00e9g\u0171 szakemberek sz\u00e1m\u00e1ra aj\u00e1nlott a k\u00e9pz\u00e9s.<\/strong><\/p>\n\n\n\n<p><strong>A tanfolyamot eredm\u00e9nyesen elv\u00e9gz\u0151k \u00e9s annak tananyag\u00e1b\u00f3l sikeresen vizsg\u00e1z\u00f3k az MSZ EN ISO 14731 szerinti hegeszt\u00e9si felel\u0151snek min\u0151s\u00fclnek, ill. az MSZ EN ISO 3834-4 szerinti k\u00f6vetelm\u00e9nyeket kiel\u00e9g\u00edt\u0151 szakter\u00fcleten dolgozhatnak. A kiadott oklevelet a vil\u00e1g orsz\u00e1gaiban minden\u00fctt elfogadj\u00e1k.<\/strong><\/p>\n\n\n\n<p>Magyarorsz\u00e1g 1998. december\u00e9ben az EWF (Eur\u00f3pai Hegeszt\u00e9si, K\u00f6t\u00e9si \u00e9s V\u00e1g\u00e1si Sz\u00f6vets\u00e9g) teljes jog\u00fa tagja lett. Ez azt jelenti, hogy 1999. janu\u00e1r 1-t\u0151l haz\u00e1nk is folytathat eur\u00f3pai \u00e9rv\u00e9nyess\u00e9g\u0171 fels\u0151fok\u00fa hegeszt\u0151i szakk\u00e9pz\u00e9st \u00e9s saj\u00e1t jogon &#8211; az MHtE (Magyar Hegeszt\u00e9stechnikai \u00e9s Anyagvizsg\u00e1lati Egyes\u00fcl\u00e9s) \u00e1ltal &#8211; adhat ki EWS diplom\u00e1t. Az IIW (International Welding Institute = Nemzetk\u00f6zi Hegeszt\u00e9si Int\u00e9zet) r\u00e9v\u00e9n is megkapta a jogot nemzetk\u00f6zi hegeszt\u0151specialista (IWS) szakk\u00e9pes\u00edt\u00e9s kiad\u00e1s\u00e1ra.<\/p>\n\n\n\n<p>Az \u00d3budai Egyetem B\u00e1nki Don\u00e1t G\u00e9p\u00e9sz \u00e9s Biztons\u00e1gtechnikai M\u00e9rn\u00f6ki Kara megszerezte a k\u00e9pz\u00e9sre vonatkoz\u00f3 akkredit\u00e1ci\u00f3t, \u00edgy az EWF, ill. az IIW \u00e1ltal kiadott ir\u00e1nyelvek (IAB-252r5-19) \u00e9s el\u0151\u00edr\u00e1sok szerint hirdet tanfolyamot. A k\u00e9pz\u00e9s \u00f6sszes \u00f3rasz\u00e1ma 249 tan\u00f3ra, melyb\u0151l 189 tan\u00f3ra elm\u00e9let, 60 tan\u00f3ra gyakorlat. A tanfolyamot a Tansz\u00e9k febru\u00e1r-j\u00fanius h\u00f3napok p\u00e9ntekjein 09:30-18:00 \u00f3ra k\u00f6z\u00f6tt, illetve szombatjain 08:30-14:05 \u00f3ra k\u00f6z\u00f6tt tartja a Budapest VIII., N\u00e9psz\u00ednh\u00e1z u. 8. sz\u00e1m alatti \u00e9p\u00fcletben. P\u00e9ntekenk\u00e9nt 09.30-t\u00f3l 4+6 tan\u00f3ra, szombatonk\u00e9nt 08.30-t\u00f3l 6 (esetenk\u00e9nt 7) tan\u00f3ra megtart\u00e1s\u00e1ra ker\u00fcl sor.<\/p>\n\n\n\n<h3 class=\"wp-block-heading\">Tematika<\/h3>\n\n\n\n<figure class=\"wp-block-table\"><table class=\"has-very-light-gray-to-cyan-bluish-gray-gradient-background has-background\"><thead><tr><th>Tananyag modulok (t\u00e9mak\u00f6r\u00f6k)<\/th><th>tan\u00f3rasz\u00e1mok<\/th><\/tr><\/thead><tbody><tr><td><strong>1. Hegeszt\u00e9si elj\u00e1r\u00e1sok \u00e9s berendez\u00e9sek<\/strong><\/td><td><strong>53 tan\u00f3ra<\/strong><\/td><\/tr><tr><td><strong>2. Anyagok \u00e9s viselked\u00e9s\u00fck a hegeszt\u00e9s sor\u00e1n<\/strong><\/td><td><strong>56 tan\u00f3ra<\/strong><\/td><\/tr><tr><td><strong>3. M\u00e9retez\u00e9s \u00e9s tervez\u00e9s<\/strong><\/td><td><strong>24 tan\u00f3ra<\/strong><\/td><\/tr><tr><td><strong>4. Gy\u00e1rt\u00e1s, m\u00e9rn\u00f6ki alkalmaz\u00e1sok<\/strong><\/td><td><strong>56 tan\u00f3ra<\/strong><\/td><\/tr><tr><td><strong>Elm\u00e9let \u00f6sszesen<\/strong><\/td><td><strong>189 tan\u00f3ra<\/strong><\/td><\/tr><tr><td><strong>Gyakorlat<\/strong><\/td><td><strong>60 tan\u00f3ra<\/strong><\/td><\/tr><tr><td><strong>Mind\u00f6sszesen<\/strong><\/td><td><strong>249 tan\u00f3ra<\/strong><\/td><\/tr><\/tbody><\/table><\/figure>\n\n\n\n<h3 class=\"wp-block-heading\">Jelentkez\u00e9si felt\u00e9telek<\/h3>\n\n\n\n<ul class=\"wp-block-list\">\n<li>M\u0171szaki szakk\u00f6z\u00e9piskolai \u00e9retts\u00e9gi bizony\u00edtv\u00e1ny vagy magasabb szint\u0171 m\u0171szaki v\u00e9gzetts\u00e9get tan\u00fas\u00edt\u00f3 oklev\u00e9l,<\/li>\n\n\n\n<li>legal\u00e1bb 4 \u00e9ves f\u00e9mipari ter\u00fcleten megszerzett \u00e9s igazolt gyakorlat,<\/li>\n\n\n\n<li>legal\u00e1bb 2 darab (2 k\u00fcl\u00f6nb\u00f6z\u0151 elj\u00e1r\u00e1sb\u00f3l) \u00e9rv\u00e9nyes MSZ EN ISO 9606-1 szerinti hegeszt\u0151min\u0151s\u00edt\u00e9s,<\/li>\n\n\n\n<li>munka) eg\u00e9szs\u00e9g\u00fcgyi alkalmass\u00e1gi igazol\u00e1s.<\/li>\n<\/ul>\n\n\n\n<p>A k\u00e9pz\u00e9sre egyedi elb\u00edr\u00e1l\u00e1si elj\u00e1r\u00e1s n\u00e9lk\u00fcl felvehet\u0151k a m\u0171szaki szakk\u00f6z\u00e9piskolai \u00e9retts\u00e9gi bizony\u00edtv\u00e1nnyal vagy magasabb szint\u0171 m\u0171szaki v\u00e9gzetts\u00e9ggel rendelkez\u0151 szakemberek.<\/p>\n\n\n\n<p>Azoknak, akiknek nincsen \u00e9retts\u00e9gij\u00fck (de szakmunk\u00e1s bizony\u00edtv\u00e1nnyal rendelkeznek), a tanfolyamot megel\u0151z\u0151 3 h\u00e9t kijel\u00f6lt p\u00e9nteki \u00e9s szombati napjain egy 40 tan\u00f3r\u00e1s IWS 0 k\u00e9pz\u00e9sen is r\u00e9szt kell venni\u00fck.<\/p>\n\n\n\n<h3 class=\"wp-block-heading\">L\u00e9tsz\u00e1m<\/h3>\n\n\n\n<p>A tanfolyamot minimum 15 f\u0151 jelentkez\u0151 eset\u00e9n ind\u00edtjuk.<\/p>\n\n\n\n<h3 class=\"wp-block-heading\">Tanfolyam (id\u0151tartama)<\/h3>\n\n\n\n<p>\u00d6sszesen 249 tan\u00f3ra<\/p>\n\n\n\n<h3 class=\"wp-block-heading\">A tanfolyam indul\u00e1sa<\/h3>\n\n\n\n<p>2026. febru\u00e1r<\/p>\n\n\n\n<h3 class=\"wp-block-heading\">Jelentkez\u00e9si hat\u00e1rid\u0151<\/h3>\n\n\n\n<p>2026. janu\u00e1r 31.<\/p>\n\n\n\n<h3 class=\"wp-block-heading\">A tanfolyam helysz\u00edne<\/h3>\n\n\n\n<p>\u00d3budai Egyetem B\u00e1nki Don\u00e1t G\u00e9p\u00e9sz \u00e9s Biztons\u00e1gtechnikai M\u00e9rn\u00f6ki Kar<br>1081 Budapest, N\u00e9psz\u00ednh\u00e1z utca 8.<\/p>\n\n\n\n<h3 class=\"wp-block-heading\">R\u00e9szv\u00e9teli d\u00edj<\/h3>\n\n\n\n<p><strong>A k\u00e9pz\u00e9s d\u00edja 550.000, -Ft (TAM),<\/strong>&nbsp;(IWS 0 k\u00e9pz\u00e9sen is r\u00e9sztvev\u0151 hallgat\u00f3knak <strong>630.000, -Ft (TAM)<\/strong>, mely nem tartalmazza a Magyar Hegeszt\u00e9stechnikai \u00e9s Anyagvizsg\u00e1lati Egyes\u00fcl\u00e9snek (<strong>MHtE) \u00e1tutaland\u00f3 108.500, -Ft (+\u00c1FA) vizsgad\u00edjat<\/strong>. A k\u00e9pz\u00e9si d\u00edjat a tanfolyam megkezd\u00e9se ut\u00e1n az Egyetemnek, a vizsgad\u00edjat a tanfolyam v\u00e9g\u00e9n k\u00f6zvetlen\u00fcl az MHtE-nek kell \u00e1tutalni, ami el\u0151felt\u00e9tele a vizsg\u00e1ra bocs\u00e1t\u00e1snak.<\/p>\n\n\n\n<h3 class=\"wp-block-heading\">Kapcsolattart\u00f3<\/h3>\n\n\n\n<p>K\u00e9pz\u00e9sfelel\u0151s:<br><strong>Dr. Bagyinszki Gyula<\/strong>&nbsp;egyetemi docens<br>(+36-1-666-7188;&nbsp;<a href=\"mailto:bagyinszki.gyula@bgk.uni-obuda.hu\">bagyinszki.gyula@bgk.uni-obuda.hu<\/a>)<\/p>\n\n\n\n<p>K\u00e9pz\u00e9si adminisztr\u00e1torok:<br>Berzs\u00e9nyin\u00e9 R\u00e9p\u00e1s Krisztina (+36-1-666-7194,&nbsp;<a href=\"mailto:berzsenyine.krisztina@bgk.uni-obuda.hu\">berzsenyine.krisztina@bgk.uni-obuda.hu<\/a>)<br>Varga Eszter (+36 30&nbsp;119 6661;&nbsp;<a href=\"mailto:varga.eszter@bgk.uni-obuda.hu\">varga.eszter@bgk.uni-obuda.hu<\/a>)&nbsp;<\/p>\n\n\n\n<h3 class=\"wp-block-heading\">Tov\u00e1bbi inform\u00e1ci\u00f3k<\/h3>\n\n\n\n<p>Az els\u0151 tanfolyami napra k\u00e9rj\u00fck hozni az eredeti (nem f\u00e9nym\u00e1solt, nem szkennelt, nem fot\u00f3zott), saj\u00e1t kez\u0171leg \u00e9s a k\u00f6lts\u00e9gvisel\u0151 \u00e1ltal is al\u00e1\u00edrt ill. leb\u00e9lyegzett jelentkez\u00e9si lapot, tov\u00e1bb\u00e1 a sz\u00fcks\u00e9ges mell\u00e9kleteket:<\/p>\n\n\n\n<ul class=\"wp-block-list\">\n<li>v\u00e9gzetts\u00e9get (szakk\u00e9pes\u00edt\u00e9st) igazol\u00f3 bizony\u00edtv\u00e1ny vagy oklev\u00e9l m\u00e1solata,<\/li>\n\n\n\n<li>\u00e9rv\u00e9nyes hegeszt\u0151min\u0151s\u00edt\u00e9sek m\u00e1solata,<\/li>\n\n\n\n<li>(munka)eg\u00e9szs\u00e9g\u00fcgyi alkalmass\u00e1g igazol\u00e1sa,<\/li>\n\n\n\n<li>n\u00e9gy\u00e9ves gyakorlati id\u0151 igazol\u00e1sa f\u00e9mipari ter\u00fcleten.<br>(Ez ut\u00f3bbi kett\u0151nek nincs k\u00f6t\u00f6tt form\u00e1tuma, a l\u00e9nyeg, hogy hiteles legyen.)<\/li>\n<\/ul>\n\n\n\n<p>Szint\u00e9n az els\u0151 alkalomra k\u00e9rj\u00fck elhozni az eredeti bizony\u00edtv\u00e1nyt vagy oklevelet is bemutat\u00e1sra, ill. a m\u00e1solattal val\u00f3 \u00f6sszevet\u00e9sre.<\/p>\n\n\n\n<h2 class=\"wp-block-heading\">Jelentkez\u00e9si lap<\/h2>\n\n\n<div style=\"gap: 20px;\" class=\"align-button-center ub-buttons orientation-button-row ub-flex-wrap wp-block-ub-button\" id=\"ub-button-037f49b5-8398-4db2-8cf0-6b9cdf10109d\"><div class=\"ub-button-container\">\n\t\t\t<a href=\"https:\/\/bgk.uni-obuda.hu\/iwe-iws-iwt-online-jelentkezesi-lap\" target=\"_blank\" rel=\"noopener noreferrer\" class=\"ub-button-block-main   ub-button-flex\" role=\"button\" style=\"--ub-button-background-color: #00d084; --ub-button-color: #000000; --ub-button-border: none; --ub-button-hover-background-color: #313131; --ub-button-hover-color: #ffffff; --ub-button-hover-border: none; padding-top: 10px; padding-right: 10px; padding-bottom: 10px; padding-left: 10px; border-top-left-radius: 10px;; border-top-right-radius: 10px;; border-bottom-left-radius: 10px;; border-bottom-right-radius: 10px;; \">\n\t\t\t\t<div class=\"ub-button-content-holder\" style=\"flex-direction: row\">\n\t\t\t\t\t<span class=\"ub-button-block-btn\">Online jelentkez\u00e9si \u0171rlap<\/span>\n\t\t\t\t<\/div>\n\t\t\t<\/a>\n\t\t<\/div><\/div>\n\n\n<hr class=\"wp-block-separator has-alpha-channel-opacity\"\/>\n\n\n\n<figure class=\"wp-block-image size-full\"><img loading=\"lazy\" decoding=\"async\" width=\"1024\" height=\"682\" src=\"https:\/\/bgk.uni-obuda.hu\/fkk\/wp-content\/uploads\/2026\/03\/nemzetkozi-hegesztospecialista-1024x682-1.jpg\" alt=\"\" class=\"wp-image-60\" srcset=\"https:\/\/bgk.uni-obuda.hu\/fkk\/wp-content\/uploads\/2026\/03\/nemzetkozi-hegesztospecialista-1024x682-1.jpg 1024w, https:\/\/bgk.uni-obuda.hu\/fkk\/wp-content\/uploads\/2026\/03\/nemzetkozi-hegesztospecialista-1024x682-1-300x200.jpg 300w, https:\/\/bgk.uni-obuda.hu\/fkk\/wp-content\/uploads\/2026\/03\/nemzetkozi-hegesztospecialista-1024x682-1-768x512.jpg 768w\" sizes=\"auto, (max-width: 1024px) 100vw, 1024px\" \/><\/figure>\n","protected":false},"excerpt":{"rendered":"<p>(IWS &#8211; International Welding Specialist) T\u00e1j\u00e9koztat\u00f3 a k\u00e9pz\u00e9sr\u0151l Korszer\u0171 hegeszt\u00e9si elj\u00e1r\u00e1sok, anyagok, tervez\u00e9si m\u00f3dszerek \u00e9s ipari alkalmaz\u00e1sok megismertet\u00e9se a hallgat\u00f3kkal, k\u00fcl\u00f6n\u00f6s tekintettel a gyakorlati alkalmaz\u00e1sokra. F\u0151iskolai (BSc) vagy egyetemi (MSc) m\u0171szaki v\u00e9gzetts\u00e9g\u0171 szakemberek sz\u00e1m\u00e1ra aj\u00e1nlott a k\u00e9pz\u00e9s. A tanfolyamot eredm\u00e9nyesen elv\u00e9gz\u0151k \u00e9s annak tananyag\u00e1b\u00f3l sikeresen vizsg\u00e1z\u00f3k az MSZ EN ISO 14731 szerinti hegeszt\u00e9si felel\u0151snek min\u0151s\u00fclnek, [&hellip;]<\/p>\n","protected":false},"author":1,"featured_media":0,"parent":54,"menu_order":0,"comment_status":"closed","ping_status":"closed","template":"","meta":{"footnotes":""},"class_list":["post-59","page","type-page","status-publish","hentry"],"featured_image_src":null,"_links":{"self":[{"href":"https:\/\/bgk.uni-obuda.hu\/fkk\/wp-json\/wp\/v2\/pages\/59","targetHints":{"allow":["GET"]}}],"collection":[{"href":"https:\/\/bgk.uni-obuda.hu\/fkk\/wp-json\/wp\/v2\/pages"}],"about":[{"href":"https:\/\/bgk.uni-obuda.hu\/fkk\/wp-json\/wp\/v2\/types\/page"}],"author":[{"embeddable":true,"href":"https:\/\/bgk.uni-obuda.hu\/fkk\/wp-json\/wp\/v2\/users\/1"}],"replies":[{"embeddable":true,"href":"https:\/\/bgk.uni-obuda.hu\/fkk\/wp-json\/wp\/v2\/comments?post=59"}],"version-history":[{"count":1,"href":"https:\/\/bgk.uni-obuda.hu\/fkk\/wp-json\/wp\/v2\/pages\/59\/revisions"}],"predecessor-version":[{"id":61,"href":"https:\/\/bgk.uni-obuda.hu\/fkk\/wp-json\/wp\/v2\/pages\/59\/revisions\/61"}],"up":[{"embeddable":true,"href":"https:\/\/bgk.uni-obuda.hu\/fkk\/wp-json\/wp\/v2\/pages\/54"}],"wp:attachment":[{"href":"https:\/\/bgk.uni-obuda.hu\/fkk\/wp-json\/wp\/v2\/media?parent=59"}],"curies":[{"name":"wp","href":"https:\/\/api.w.org\/{rel}","templated":true}]}}