{"id":68,"date":"2026-03-17T11:19:12","date_gmt":"2026-03-17T11:19:12","guid":{"rendered":"https:\/\/bgk.uni-obuda.hu\/fkk\/?page_id=68"},"modified":"2026-03-17T11:19:12","modified_gmt":"2026-03-17T11:19:12","slug":"gyakorlati-muszaki-innovacios-ertek-menedzsment-tanfolyam","status":"publish","type":"page","link":"https:\/\/bgk.uni-obuda.hu\/fkk\/szaktanfolyamok\/gyakorlati-muszaki-innovacios-ertek-menedzsment-tanfolyam\/","title":{"rendered":"Gyakorlati m\u0171szaki innov\u00e1ci\u00f3s \u00e9rt\u00e9k menedzsment tanfolyam"},"content":{"rendered":"\n<h3 class=\"wp-block-heading\">Tanfolyam le\u00edr\u00e1sa<\/h3>\n\n\n\n<p>Az innov\u00e1ci\u00f3menedzsment elm\u00e9leti alapjaira \u00e9p\u00edtve \u00e1tfog\u00f3 gyakorlati tapasztalatok egyed\u00fcl\u00e1ll\u00f3 kever\u00e9k\u00e9vel k\u00e9sz\u00edtj\u00fck fel a r\u00e9sztvev\u0151t arra, hogy el tudja l\u00e1tni a szellemi alkot\u00e1sok szakszer\u0171 v\u00e9delm\u00e9t az \u00fczleti \u00e9s m\u0171szaki innov\u00e1ci\u00f3s folyamatokban. Az innov\u00e1ci\u00f3menedzsment v\u00e9gigk\u00eds\u00e9ri a szellemi alkot\u00e1st az \u00f6tlett\u0151l a kifejleszt\u00e9sen vagy beszerz\u00e9sen \u00e1t, eg\u00e9szen az \u00fczleti hasznos\u00edt\u00e1sig. Ez\u00e9rt fontos felismerni, hogy mikor, hogyan \u00e9s milyen m\u00f3don tal\u00e1lkozunk a szellemi alkot\u00e1sokkal, mik\u00e9nt foglalkozzunk vel\u00fck c\u00e9lir\u00e1nyosan.<\/p>\n\n\n\n<h3 class=\"wp-block-heading\">Tanfolyam c\u00e9lja<\/h3>\n\n\n\n<p>A tanfolyamon gyakorlatban megismerhet\u0151k az egyes oltalmak jogi saj\u00e1toss\u00e1gai, k\u00fcl\u00f6n\u00f6s egyedi jellemz\u0151i, megtudhatjuk, melyik t\u00edpus\u00fa oltalom pontosan mit is v\u00e9d, hogyan j\u00f6n l\u00e9tre, mik a korl\u00e1tai. R\u00e9szletesen ismertetj\u00fck a K+F min\u0151s\u00edt\u00e9si elj\u00e1r\u00e1st. Az \u00f6tnapos k\u00e9pz\u00e9s sor\u00e1n a tanfolyam r\u00e9sztvev\u0151i gyakorlatban alkalmazhat\u00f3 tud\u00e1sra tesznek szert az al\u00e1bbi ter\u00fcleteken:<\/p>\n\n\n\n<ul class=\"wp-block-list\">\n<li>Innov\u00e1ci\u00f3s projektek iparjogv\u00e9delmi voatkoz\u00e1sai<\/li>\n\n\n\n<li>Szellemi alkot\u00e1sokkal kapcsolatos alapismeretek<\/li>\n\n\n\n<li>Iparjogv\u00e9delmi feladatok a szellemi alkot\u00e1sok l\u00e9trehoz\u00e1s\u00e1ig<\/li>\n\n\n\n<li>Kutat\u00e1si gyakorlatok adatb\u00e1zisokban<\/li>\n<\/ul>\n\n\n\n<h3 class=\"wp-block-heading\">Tematika<\/h3>\n\n\n\n<ul class=\"wp-block-list\">\n<li>Elm\u00e9let: Bevezet\u00e9s: Az \u00fczleti c\u00e9l\u00fa v\u00e1llalati innov\u00e1ci\u00f3menedzsment alapjai, alkalmaz\u00e1s\u00e1nak hat\u00e1sai. Szellemi alkot\u00e1sokkal kapcsolatos alapfogalmak, szellemi alkot\u00e1sok \u00fczleti c\u00e9l\u00fa felhaszn\u00e1l\u00e1sa. A szerz\u0151i jog. Gyakorlat: \u00d6nk\u00e9ntes m\u0171nyilv\u00e1ntart\u00e1s beny\u00fajt\u00e1sa. Csoportos konzult\u00e1ci\u00f3 a szerz\u0151i jog elm\u00e9leti \u00e9s gyakorlati tudnival\u00f3ival kapcsolatban.<\/li>\n\n\n\n<li>Elm\u00e9let: A szabadalom \u00e9s a haszn\u00e1lati minta oltalmak tudnival\u00f3i. Gyakorlat: A szabadalom \u00e9s a haszn\u00e1lati minta hazai \u00e9s nemzetk\u00f6zi bejelent\u00e9se. Csoportos konzult\u00e1ci\u00f3 a szabadalom \u00e9s a haszn\u00e1lati minta elm\u00e9leti \u00e9s gyakorlati tudnival\u00f3ival kapcsolatban.<\/li>\n\n\n\n<li>Elm\u00e9let: A formatervez\u00e9si minta oltalom tudnival\u00f3i. Gyakorlat: A formatervez\u00e9si minta hazai \u00e9s nemzetk\u00f6zi bejelent\u00e9se. Csoportos konzult\u00e1ci\u00f3 a formatervez\u00e9si minta elm\u00e9leti \u00e9s gyakorlati tudnival\u00f3ival kapcsolatban.<\/li>\n\n\n\n<li>Elm\u00e9let: A v\u00e9djegy oltalom tudnival\u00f3i. Gyakorlat: A v\u00e9djegy hazai \u00e9s nemzetk\u00f6zi bejelent\u00e9se. Csoportos konzult\u00e1ci\u00f3 a v\u00e9djegy elm\u00e9leti \u00e9s gyakorlati tudnival\u00f3ival kapcsolatban.<\/li>\n\n\n\n<li>Konzult\u00e1ci\u00f3s lehet\u0151s\u00e9g egy\u00e9ni kutat\u00e1si t\u00e9m\u00e1kban a szerz\u0151i jog, a szabadalom, a haszn\u00e1lati minta, a formatervez\u00e9si minta \u00e9s a v\u00e9djegy t\u00e9mak\u00f6r\u00f6kben.<\/li>\n<\/ul>\n\n\n\n<h3 class=\"wp-block-heading\">Sz\u00fcks\u00e9ges ismeretek \u00e9s eszk\u00f6z\u00f6k<\/h3>\n\n\n\n<p>Tanfolyamunkra v\u00e1rjuk mindazokat, akik saj\u00e1t v\u00e1llalkoz\u00e1suk vagy munkahelyi szellemi alkot\u00e1saik hasznos\u00edt\u00e1s\u00e1nak gyakorlati praktik\u00e1it, az innov\u00e1ci\u00f3kutat\u00e1s adatb\u00e1zisait, valamint az oltalmi form\u00e1k bejelent\u00e9s\u00e9vel kapcsolatos folyamatokat szeretn\u00e9k megismerni. A tanfolyamot online form\u00e1ban tartjuk, oktat\u00e1si seg\u00e9danyagokat elektronikus tanul\u00e1si port\u00e1lunkon biztos\u00edtunk. A gyakorlati \u00e9s konzult\u00e1ci\u00f3s \u00f3r\u00e1kon mikrofon \u00e9s webkamera haszn\u00e1lata elv\u00e1rt.<\/p>\n\n\n\n<h3 class=\"wp-block-heading\">Jelentkez\u00e9si felt\u00e9telek<\/h3>\n\n\n\n<p>A jelentkez\u0151 18. \u00e9let\u00e9v\u00e9t bet\u00f6lt\u00f6tte.<\/p>\n\n\n\n<h3 class=\"wp-block-heading\">Jelentkez\u00e9si hat\u00e1rid\u0151<\/h3>\n\n\n\n<p class=\"has-vivid-cyan-blue-color has-text-color\"><strong>2024. j\u00falius 1-ig az oldal alj\u00e1n tal\u00e1lhat\u00f3 online jelentkez\u00e9si \u0171rlapon.<\/strong><\/p>\n\n\n\n<h3 class=\"wp-block-heading\">L\u00e9tsz\u00e1m<\/h3>\n\n\n\n<p>Tanfolyamainkat ig\u00e9ny szerint v\u00e1llalatok r\u00e9sz\u00e9re t\u00e9maspecifikusan \u00e9s egyedi \u00f3rarenddel is megtartjuk.<\/p>\n\n\n\n<p>Minimum: 6 f\u0151<br>Maximum: 8 f\u0151<\/p>\n\n\n\n<h3 class=\"wp-block-heading\">A tanfolyam id\u0151tartama<\/h3>\n\n\n\n<p>5 alkalom, \u00f6sszesen 15 \u00f3ra<\/p>\n\n\n\n<h3 class=\"wp-block-heading\">A tanfolyam id\u0151pontja<\/h3>\n\n\n\n<p>2024. j\u00falius 8-12. A tanfolyam h\u00e9tf\u0151t\u0151l p\u00e9ntekig tart, d\u00e9lut\u00e1nonk\u00e9nt 17:00-20:00 k\u00f6z\u00f6tt, 3&#215;45 perc.<\/p>\n\n\n\n<h3 class=\"wp-block-heading\">\u00d3rarend<\/h3>\n\n\n\n<p>A tanfolyami napokon az id\u0151beoszt\u00e1s az al\u00e1bbi:<\/p>\n\n\n\n<p>17:00-17:15 Bejelentkez\u00e9s, technikai pr\u00f3ba<br>17:15-18:00 El\u0151ad\u00e1s<br>18:00-18:15 Sz\u00fcnet<br>18:15-19:00 Gyakorlat<br>19:00-19:15 Sz\u00fcnet<br>19:15-20:00 Konzult\u00e1ci\u00f3<\/p>\n\n\n\n<h3 class=\"wp-block-heading\">A tanfolyam helysz\u00edne<\/h3>\n\n\n\n<p>A jelentkez\u0151knek megadott online fel\u00fcleten.<\/p>\n\n\n\n<h3 class=\"wp-block-heading\">R\u00e9szv\u00e9teli d\u00edj<\/h3>\n\n\n\n<p>150.000 Ft<\/p>\n\n\n\n<h3 class=\"wp-block-heading\">Kapcsolattart\u00f3<\/h3>\n\n\n\n<p>Dr. J\u00f3kai Erika, <a href=\"mailto:jokai.erika@bgk.uni-obuda.hu\">jokai.erika@bgk.uni-obuda.hu<\/a> (+36 20&nbsp;582 4994)<\/p>\n\n\n\n<hr class=\"wp-block-separator has-alpha-channel-opacity\"\/>\n\n\n\n<p><strong>\u00d3rarend r\u00e9szletezve<\/strong><\/p>\n\n\n\n<figure class=\"wp-block-table\"><table><tbody><tr><td><\/td><td class=\"has-text-align-center\" data-align=\"center\"><strong>H\u00e9tf\u0151<\/strong><\/td><td class=\"has-text-align-center\" data-align=\"center\"><strong>Kedd<\/strong><\/td><td class=\"has-text-align-center\" data-align=\"center\"><strong>Szerda<\/strong><\/td><td class=\"has-text-align-center\" data-align=\"center\"><strong>Cs\u00fct\u00f6rt\u00f6k<\/strong><\/td><td class=\"has-text-align-center\" data-align=\"center\"><strong>P\u00e9ntek<\/strong><\/td><\/tr><tr><td>17:15-18:00 <strong>El\u0151ad\u00e1s<\/strong><br>18:15-19:00 <strong>Gyakorlat<\/strong><br>19:15-20:00 <strong>Konzult\u00e1ci\u00f3<\/strong><\/td><td class=\"has-text-align-center\" data-align=\"center\">Bevezet\u00e9s, szerz\u0151i jog<\/td><td class=\"has-text-align-center\" data-align=\"center\">Szabadalom, haszn\u00e1lati minta<\/td><td class=\"has-text-align-center\" data-align=\"center\">Formatervez\u00e9si minta<\/td><td class=\"has-text-align-center\" data-align=\"center\">V\u00e9djegy<\/td><td class=\"has-text-align-center\" data-align=\"center\">Egy\u00e9ni projekt konzult\u00e1ci\u00f3<\/td><\/tr><\/tbody><\/table><\/figure>\n\n\n\n<hr class=\"wp-block-separator has-alpha-channel-opacity\"\/>\n\n\n\n<h3 class=\"wp-block-heading has-vivid-cyan-blue-color has-text-color\">Online jelentkez\u00e9si \u0171rlap<\/h3>\n\n\n\n<hr class=\"wp-block-separator has-alpha-channel-opacity\"\/>\n","protected":false},"excerpt":{"rendered":"<p>Tanfolyam le\u00edr\u00e1sa Az innov\u00e1ci\u00f3menedzsment elm\u00e9leti alapjaira \u00e9p\u00edtve \u00e1tfog\u00f3 gyakorlati tapasztalatok egyed\u00fcl\u00e1ll\u00f3 kever\u00e9k\u00e9vel k\u00e9sz\u00edtj\u00fck fel a r\u00e9sztvev\u0151t arra, hogy el tudja l\u00e1tni a szellemi alkot\u00e1sok szakszer\u0171 v\u00e9delm\u00e9t az \u00fczleti \u00e9s m\u0171szaki innov\u00e1ci\u00f3s folyamatokban. Az innov\u00e1ci\u00f3menedzsment v\u00e9gigk\u00eds\u00e9ri a szellemi alkot\u00e1st az \u00f6tlett\u0151l a kifejleszt\u00e9sen vagy beszerz\u00e9sen \u00e1t, eg\u00e9szen az \u00fczleti hasznos\u00edt\u00e1sig. Ez\u00e9rt fontos felismerni, hogy mikor, hogyan [&hellip;]<\/p>\n","protected":false},"author":1,"featured_media":0,"parent":54,"menu_order":0,"comment_status":"closed","ping_status":"closed","template":"","meta":{"footnotes":""},"class_list":["post-68","page","type-page","status-publish","hentry"],"featured_image_src":null,"_links":{"self":[{"href":"https:\/\/bgk.uni-obuda.hu\/fkk\/wp-json\/wp\/v2\/pages\/68","targetHints":{"allow":["GET"]}}],"collection":[{"href":"https:\/\/bgk.uni-obuda.hu\/fkk\/wp-json\/wp\/v2\/pages"}],"about":[{"href":"https:\/\/bgk.uni-obuda.hu\/fkk\/wp-json\/wp\/v2\/types\/page"}],"author":[{"embeddable":true,"href":"https:\/\/bgk.uni-obuda.hu\/fkk\/wp-json\/wp\/v2\/users\/1"}],"replies":[{"embeddable":true,"href":"https:\/\/bgk.uni-obuda.hu\/fkk\/wp-json\/wp\/v2\/comments?post=68"}],"version-history":[{"count":1,"href":"https:\/\/bgk.uni-obuda.hu\/fkk\/wp-json\/wp\/v2\/pages\/68\/revisions"}],"predecessor-version":[{"id":69,"href":"https:\/\/bgk.uni-obuda.hu\/fkk\/wp-json\/wp\/v2\/pages\/68\/revisions\/69"}],"up":[{"embeddable":true,"href":"https:\/\/bgk.uni-obuda.hu\/fkk\/wp-json\/wp\/v2\/pages\/54"}],"wp:attachment":[{"href":"https:\/\/bgk.uni-obuda.hu\/fkk\/wp-json\/wp\/v2\/media?parent=68"}],"curies":[{"name":"wp","href":"https:\/\/api.w.org\/{rel}","templated":true}]}}