{"id":9,"date":"2026-03-17T07:53:24","date_gmt":"2026-03-17T07:53:24","guid":{"rendered":"https:\/\/bgk.uni-obuda.hu\/fkk\/?page_id=9"},"modified":"2026-04-13T12:21:41","modified_gmt":"2026-04-13T10:21:41","slug":"fooldal","status":"publish","type":"page","link":"https:\/\/bgk.uni-obuda.hu\/fkk\/","title":{"rendered":"F\u0151oldal"},"content":{"rendered":"\n<style>\n.page-content .container {\n    background: #fff;\n    margin-top: 0px;\n    border-radius: 12px;\n    box-shadow: none;\n}\n\nh1.title {\n    display: none;\n}\n\nh2.wp-block-heading.hirek_home {\n    margin-top: 0px;\n}\n\n.alignwide {\n  width: 88vw;\n  position: relative;\n  left: calc(-44vw + 50%);\n}\n<\/style>\n\n\n\n<h2 class=\"wp-block-heading\">H\u00edrek<\/h2>\n\n\n<style>\r\n            #home_esemeny {\r\n                display: flex;\r\n                flex-wrap: wrap;\r\n                gap: 24px;\r\n            }\r\n\t\t\t.esemeny_blokk {\r\n\tpadding: 0px;\r\n}\r\n            .esemeny_blokk {\r\n                background: #fff;\r\n                border-radius: 12px;\r\n                overflow: hidden;\r\n                box-shadow: 0 2px 12px rgba(0, 0, 0, 0.08);\r\n                transition: box-shadow 0.3s ease, transform 0.3s ease;\r\n                display: flex;\r\n                flex-direction: column;\r\n                flex: 0 0 calc(25% - 18px);\r\n                max-width: calc(25% - 18px);\r\n            }\r\n            .esemeny_blokk:hover {\r\n                box-shadow: 0 6px 24px rgba(0, 0, 0, 0.15);\r\n                transform: translateY(-4px);\r\n            }\r\n            .esemeny_blokk .esemeny_kep {\r\n                width: 100%;\r\n                aspect-ratio: 4 \/ 3;\r\n                overflow: hidden;\r\n            }\r\n            .esemeny_blokk .esemeny_kep img {\r\n                width: 100%;\r\n                height: 100%;\r\n                object-fit: cover;\r\n                display: block;\r\n            }\r\n            .esemeny_blokk .hirek_content {\r\n                padding: 16px 20px;\r\n            }\r\n            .esemeny_blokk .hirek_content a {\r\n                font-size: 16px;\r\n                font-weight: 600;\r\n                color: #1a237e;\r\n                text-decoration: none;\r\n                line-height: 1.4;\r\n            }\r\n            .esemeny_blokk .hirek_content a:hover {\r\n                text-decoration: underline;\r\n            }\r\n            .esemeny_blokk .hirek_date {\r\n                font-size: 13px;\r\n                color: #888;\r\n                margin-top: 6px;\r\n                margin-bottom: 0;\r\n            }\r\n\r\n            @media (max-width: 991px) {\r\n                .esemeny_blokk {\r\n                    flex: 0 0 calc(50% - 12px);\r\n                    max-width: calc(50% - 12px);\r\n                }\r\n            }\r\n            @media (max-width: 575px) {\r\n                .esemeny_blokk {\r\n                    flex: 0 0 100%;\r\n                    max-width: 100%; \r\n                }\r\n            }\r\n        <\/style><div class=\"row\" id=\"home_esemeny\"><div class=\"esemeny_blokk\"><div class=\"esemeny_kep\"><img loading=\"lazy\" decoding=\"async\" width=\"768\" height=\"512\" src=\"https:\/\/bgk.uni-obuda.hu\/fkk\/wp-content\/uploads\/2026\/04\/agilis-workshop-uj-utakon-2026-even-image-PNG-1024x683-1-768x512.png\" class=\"attachment-medium_large size-medium_large wp-post-image\" alt=\"\" srcset=\"https:\/\/bgk.uni-obuda.hu\/fkk\/wp-content\/uploads\/2026\/04\/agilis-workshop-uj-utakon-2026-even-image-PNG-1024x683-1-768x512.png 768w, https:\/\/bgk.uni-obuda.hu\/fkk\/wp-content\/uploads\/2026\/04\/agilis-workshop-uj-utakon-2026-even-image-PNG-1024x683-1-300x200.png 300w, https:\/\/bgk.uni-obuda.hu\/fkk\/wp-content\/uploads\/2026\/04\/agilis-workshop-uj-utakon-2026-even-image-PNG-1024x683-1.png 1024w\" sizes=\"auto, (max-width: 768px) 100vw, 768px\" \/><\/div><div class=\"hirek_content\"><a href=\"https:\/\/bgk.uni-obuda.hu\/fkk\/agilis-workshop-uj-utakon-2026-majus-9-en\/\">Agilis Workshop \u2013 \u00daj utakon | 2026. m\u00e1jus 9-\u00e9n<\/a><p class=\"hirek_date\">2026.04.20.<\/p><\/div><\/div><div class=\"esemeny_blokk\"><div class=\"esemeny_kep\"><img loading=\"lazy\" decoding=\"async\" width=\"768\" height=\"512\" src=\"https:\/\/bgk.uni-obuda.hu\/fkk\/wp-content\/uploads\/2026\/04\/XI-Banki-Autos-Nap-2026-aprilis-9-1024x682-1-768x512.jpg\" class=\"attachment-medium_large size-medium_large wp-post-image\" alt=\"\" srcset=\"https:\/\/bgk.uni-obuda.hu\/fkk\/wp-content\/uploads\/2026\/04\/XI-Banki-Autos-Nap-2026-aprilis-9-1024x682-1-768x512.jpg 768w, https:\/\/bgk.uni-obuda.hu\/fkk\/wp-content\/uploads\/2026\/04\/XI-Banki-Autos-Nap-2026-aprilis-9-1024x682-1-300x200.jpg 300w, https:\/\/bgk.uni-obuda.hu\/fkk\/wp-content\/uploads\/2026\/04\/XI-Banki-Autos-Nap-2026-aprilis-9-1024x682-1.jpg 1024w\" sizes=\"auto, (max-width: 768px) 100vw, 768px\" \/><\/div><div class=\"hirek_content\"><a href=\"https:\/\/bgk.uni-obuda.hu\/fkk\/ha-tavasz-akkor-banki-es-verdak-xi-banki-autos-nap\/\">Ha tavasz, akkor B\u00e1nki \u00e9s verd\u00e1k \u2013 XI. B\u00e1nki Aut\u00f3s Nap<\/a><p class=\"hirek_date\">2026.04.20.<\/p><\/div><\/div><div class=\"esemeny_blokk\"><div class=\"esemeny_kep\"><img loading=\"lazy\" decoding=\"async\" width=\"768\" height=\"512\" src=\"https:\/\/bgk.uni-obuda.hu\/fkk\/wp-content\/uploads\/2026\/04\/Egyuttmukodesben-a-jovo-szakembereiert-robbantastech-gyak-2026-main-image-1024x683-1-768x512.png\" class=\"attachment-medium_large size-medium_large wp-post-image\" alt=\"\" srcset=\"https:\/\/bgk.uni-obuda.hu\/fkk\/wp-content\/uploads\/2026\/04\/Egyuttmukodesben-a-jovo-szakembereiert-robbantastech-gyak-2026-main-image-1024x683-1-768x512.png 768w, https:\/\/bgk.uni-obuda.hu\/fkk\/wp-content\/uploads\/2026\/04\/Egyuttmukodesben-a-jovo-szakembereiert-robbantastech-gyak-2026-main-image-1024x683-1-300x200.png 300w, https:\/\/bgk.uni-obuda.hu\/fkk\/wp-content\/uploads\/2026\/04\/Egyuttmukodesben-a-jovo-szakembereiert-robbantastech-gyak-2026-main-image-1024x683-1.png 1024w\" sizes=\"auto, (max-width: 768px) 100vw, 768px\" \/><\/div><div class=\"hirek_content\"><a href=\"https:\/\/bgk.uni-obuda.hu\/fkk\/egyuttmukodesben-a-jovo-szakembereiert-gyakorlati-kepzes-az-mh-1-tuzszeresz-es-folyamor-ezrednel\/\">Egy\u00fcttm\u0171k\u00f6d\u00e9sben a j\u00f6v\u0151 szakemberei\u00e9rt \u2013 gyakorlati k\u00e9pz\u00e9s az MH 1. T\u0171zszer\u00e9sz \u00e9s Folyam\u0151r Ezredn\u00e9l<\/a><p class=\"hirek_date\">2026.04.20.<\/p><\/div><\/div><div class=\"esemeny_blokk\"><div class=\"esemeny_kep\"><img loading=\"lazy\" decoding=\"async\" width=\"768\" height=\"512\" src=\"https:\/\/bgk.uni-obuda.hu\/fkk\/wp-content\/uploads\/2026\/04\/BGK-robbanasvedelmi-kepzes-promokep-2026-v1-1024x683-1-768x512.png\" class=\"attachment-medium_large size-medium_large wp-post-image\" alt=\"\" srcset=\"https:\/\/bgk.uni-obuda.hu\/fkk\/wp-content\/uploads\/2026\/04\/BGK-robbanasvedelmi-kepzes-promokep-2026-v1-1024x683-1-768x512.png 768w, https:\/\/bgk.uni-obuda.hu\/fkk\/wp-content\/uploads\/2026\/04\/BGK-robbanasvedelmi-kepzes-promokep-2026-v1-1024x683-1-300x200.png 300w, https:\/\/bgk.uni-obuda.hu\/fkk\/wp-content\/uploads\/2026\/04\/BGK-robbanasvedelmi-kepzes-promokep-2026-v1-1024x683-1.png 1024w\" sizes=\"auto, (max-width: 768px) 100vw, 768px\" \/><\/div><div class=\"hirek_content\"><a href=\"https:\/\/bgk.uni-obuda.hu\/fkk\/legy-te-a-biztonsag-szakertoje-epits-jovot-robbanasbiztos-alapokon\/\">L\u00e9gy Te a biztons\u00e1g szak\u00e9rt\u0151je \u2013 \u00e9p\u00edts j\u00f6v\u0151t robban\u00e1sbiztos alapokon!<\/a><p class=\"hirek_date\">2026.04.20.<\/p><\/div><\/div><\/div>\n\n\n\n<div style=\"height:44px\" aria-hidden=\"true\" class=\"wp-block-spacer\"><\/div>\n\n\n\n<div class=\"wp-block-columns alignfull is-layout-flex wp-container-core-columns-is-layout-9d6595d7 wp-block-columns-is-layout-flex\">\n<div class=\"wp-block-column has-background is-layout-flow wp-block-column-is-layout-flow\" style=\"background-color:#00288c\">\n<section class=\"oe-featured-events\" aria-label=\"Kiemelt esem\u00e9nyek\">\n    <div class=\"oe-featured-events__inner\">\n\n      <h2 style=\"color:#fff; padding-bottom:15px 0px;\">Esem\u00e9nyek <\/h2>\n\n                    <p class=\"oe-featured-events__empty\">Jelenleg nincs k\u00f6zelg\u0151 esem\u00e9ny.<\/p>\n        \n            <\/div>\n<\/section>\n\n<\/div>\n<\/div>\n","protected":false},"excerpt":{"rendered":"<p>H\u00edrek<\/p>\n","protected":false},"author":1,"featured_media":0,"parent":0,"menu_order":0,"comment_status":"closed","ping_status":"closed","template":"page-templates\/page-home.php","meta":{"footnotes":""},"class_list":["post-9","page","type-page","status-publish","hentry"],"featured_image_src":null,"_links":{"self":[{"href":"https:\/\/bgk.uni-obuda.hu\/fkk\/wp-json\/wp\/v2\/pages\/9","targetHints":{"allow":["GET"]}}],"collection":[{"href":"https:\/\/bgk.uni-obuda.hu\/fkk\/wp-json\/wp\/v2\/pages"}],"about":[{"href":"https:\/\/bgk.uni-obuda.hu\/fkk\/wp-json\/wp\/v2\/types\/page"}],"author":[{"embeddable":true,"href":"https:\/\/bgk.uni-obuda.hu\/fkk\/wp-json\/wp\/v2\/users\/1"}],"replies":[{"embeddable":true,"href":"https:\/\/bgk.uni-obuda.hu\/fkk\/wp-json\/wp\/v2\/comments?post=9"}],"version-history":[{"count":13,"href":"https:\/\/bgk.uni-obuda.hu\/fkk\/wp-json\/wp\/v2\/pages\/9\/revisions"}],"predecessor-version":[{"id":280,"href":"https:\/\/bgk.uni-obuda.hu\/fkk\/wp-json\/wp\/v2\/pages\/9\/revisions\/280"}],"wp:attachment":[{"href":"https:\/\/bgk.uni-obuda.hu\/fkk\/wp-json\/wp\/v2\/media?parent=9"}],"curies":[{"name":"wp","href":"https:\/\/api.w.org\/{rel}","templated":true}]}}